{"id":2060,"date":"2011-06-17T09:19:43","date_gmt":"2011-06-17T07:19:43","guid":{"rendered":"https:\/\/www.trotec-blog.com\/tr\/?page_id=2060"},"modified":"2014-01-08T12:24:18","modified_gmt":"2014-01-08T10:24:18","slug":"gizlilik-politikasi","status":"publish","type":"page","link":"https:\/\/www.trotec-blog.com\/tr\/gizlilik-politikasi\/","title":{"rendered":"Gizlilik Politikas\u0131"},"content":{"rendered":"<p>Ki\u015fisel bilgilerinizin korunmas\u0131na \u00f6zellikle \u00f6nem veriyoruz. A\u015fa\u011f\u0131daki ifadeler, bu korumay\u0131 nas\u0131l sa\u011flad\u0131\u011f\u0131m\u0131z hakk\u0131nda malumat i\u00e7ermektedir:<\/p>\n<p>Ki\u015fisel bilgiler sadece ba\u015fvuru formu sebebiyle www.trotec-blog.com sayfas\u0131nda toplan\u0131r.<\/p>\n<p>Bilgilerinizin \u00fc\u00e7\u00fcnc\u00fc \u015fah\u0131slara aktar\u0131m\u0131 kesinlikle imkans\u0131zd\u0131r.<\/p>\n<p><strong>Cookie (\u00c7erezler)<\/strong><\/p>\n<p>Sitemiz, \u00e7e\u015fitli noktalarda Cookie kullanmaktad\u0131r. Bunun sebebi ise hizmetimizi sizlere daha kolay, etkin ve g\u00fcvenli bir \u015fekilde sunabilmemiz i\u00e7indir. Cookie\u2019ler bilgisayar\u0131n\u0131zda depolanan ve taray\u0131c\u0131n\u0131z taraf\u0131ndan kay\u0131t edilen k\u00fc\u00e7\u00fck metin dosyalar\u0131d\u0131r. Bizim kulland\u0131\u011f\u0131m\u0131z Cookie\u2019ler genelde \u00bbSession-Cookies\u00ab\u2019 leridir. Bunlar, sitemizi ziyaretinizden sonra otomatikmen silinmektedir. Cookie\u2019 ler bilgisayar\u0131n\u0131za herhangi bir zarar vermez ve vir\u00fcs i\u00e7ermez.<\/p>\n<p><strong>Akismet Anti-Spam<\/strong><\/p>\n<p>Bu site; <a href=\"http:\/\/automattic.com\/\" target=\"_blank\">Automattic Inc<\/a>., 60 29th Street #343, San Francisco, CA 94110-4929, USA.\u2019 n\u0131n <a href=\"http:\/\/akismet.com\/\" target=\"_blank\">Akismet-Plugin<\/a> eklentisini kullanmaktad\u0131r.<\/p>\n<p>Bu eklente sayesinde ger\u00e7ek insan yorumu ile spam yorumlar\u0131 aras\u0131nda se\u00e7im yap\u0131labilmektedir. Bu sebebden yaz\u0131lan t\u00fcm yorumlar ABD\u2019de bir server\u2019 e g\u00f6nderiliyor. Burada yorumlar analiz ediliyor ve kar\u015f\u0131la\u015ft\u0131rma ama\u00e7l\u0131 4 g\u00fcn boyunca kay\u0131t ediliyor. \u015eayet bir yorum spam olarak s\u0131n\u0131fland\u0131r\u0131lm\u0131\u015fsa, bilgiler zaman \u00f6tesinde kay\u0131tl\u0131 kal\u0131yor.<\/p>\n<p>Bu bilgiler aras\u0131nda; girilen isim, e-posta adresi, IP adresi, yorum i\u00e7eri\u011fi, y\u00f6nlendiren site, taray\u0131c\u0131, bilgisayar sistemi ve yorum yap\u0131lan tarih ve saat yer almaktad\u0131r. Takma isimde kullanabilirsiniz.<\/p>\n<p>Bilgilerinizin aktar\u0131m\u0131n\u0131 engellemek i\u00e7in yorumlama sistemimizi kullanmaya\u2019 da bilirsiniz. Bu \u00fcz\u00fcc\u00fc bir durum fakat bu denli etkili \u00e7al\u0131\u015fan ba\u015fka bir alternatifimiz mevcut de\u011fildir. Gelecekte bilgilerinizin kullan\u0131lmamas\u0131 i\u00e7in <a href=\"mailto:support@wordpress.com\">support@wordpress.com<\/a> e-posta adresinde, \u201ckonu\u201d k\u0131sm\u0131na \u201cDeletion of Data stored by Akismet\u201d belirtmek suretiyle itiraz edebilirsiniz.<\/p>\n<p><strong>Facebook eklentiler kullan\u0131m\u0131 i\u00e7in gizlilik politikas\u0131:\u00a0&#8220;Be\u011fen&#8221; tu\u015fu\u00a0<\/strong><\/p>\n<p>Sayfalar\u0131m\u0131zda Facebook, 1601 South California Avenue, Palo Alto, CA 94304, USA sosyal a\u011f\u0131n\u0131n eklentisi bulunmaktad\u0131r.\u00a0Facebook eklentisini, Facebook logosundan veya sayfam\u0131zdaki \u201eLike-Button\u201c (\u201eBe\u011fen\u201d) tu\u015fundan tan\u0131yabilirsiniz.\u00a0Facebook eklentisinin \u00f6zetini burada bulabilirsiniz: <a href=\"https:\/\/developers.facebook.com\/docs\/plugins\/\" class=\"broken_link\">https:\/\/developers.facebook.com\/docs\/plugins\/<\/a><\/p>\n<p>Sayfam\u0131z\u0131 ziyaret etti\u011finizde, eklenti \u00fczerinden taray\u0131c\u0131n\u0131z ile Facebook serveri aras\u0131nda do\u011frudan bir ba\u011flant\u0131 kurulur.\u00a0Facebook b\u00f6ylece IP adresinizinden bizim sayfay\u0131 ziyaret etti\u011finiz bilgisini al\u0131r.\u00a0Facebook hesab\u0131n\u0131z a\u00e7\u0131k iken \u201eBe\u011fen\u201c tu\u015funu t\u0131klad\u0131\u011f\u0131n\u0131zda, sayfam\u0131z\u0131n i\u00e7eri\u011fini Facebook profilinize g\u00fcr\u00fcl\u00fcr.\u00a0Facebook b\u00f6ylece sayfam\u0131za olan ziyaretinizi kullan\u0131c\u0131 hesab\u0131n\u0131za atam\u0131\u015f olur.\u00a0Sayfan\u0131n sunucusu olarak g\u00f6nderilen bilgi ve bu bilgilerin Facebook taraf\u0131ndan kullan\u0131m\u0131 hakk\u0131nda malumat\u0131m\u0131z olmad\u0131\u011f\u0131n\u0131n alt\u0131n\u0131 \u00e7izeriz.\u00a0Daha fazla bilgi Facebook gizlilik politikas\u0131nda bulabilirsiniz: <a href=\"https:\/\/tr-tr.facebook.com\/about\/privacy\/\" class=\"broken_link\">https:\/\/tr-tr.facebook.com\/about\/privacy\/<\/a><\/p>\n<p>\u015eayet Facebook, sayfam\u0131za yapm\u0131\u015f oldu\u011funuz ziyareti kullan\u0131c\u0131 hesab\u0131n\u0131zda atamas\u0131n\u0131 istemiyorsan\u0131z, l\u00fctfen Facebook kullan\u0131c\u0131 hesab\u0131n\u0131zdan \u00e7\u0131k\u0131\u015f yap\u0131n\u0131z.<\/p>\n<p><a href=\"https:\/\/www.trotec24.com\/tr-de\/info\/privacy.html\" target=\"_blank\" class=\"broken_link\">Daha fazla bilgiyi Trotec Grup\u2019 un gizlilik politikas\u0131nda bulabilirsiniz.<br \/>\n<\/a><\/p>\n","protected":false},"excerpt":{"rendered":"<p>Ki\u015fisel bilgilerinizin korunmas\u0131na \u00f6zellikle \u00f6nem veriyoruz. A\u015fa\u011f\u0131daki ifadeler, bu korumay\u0131 nas\u0131l sa\u011flad\u0131\u011f\u0131m\u0131z hakk\u0131nda malumat i\u00e7ermektedir: Ki\u015fisel bilgiler sadece ba\u015fvuru formu sebebiyle www.trotec-blog.com sayfas\u0131nda toplan\u0131r. Bilgilerinizin \u00fc\u00e7\u00fcnc\u00fc \u015fah\u0131slara aktar\u0131m\u0131 kesinlikle imkans\u0131zd\u0131r. Cookie (\u00c7erezler) Sitemiz, \u00e7e\u015fitli noktalarda Cookie kullanmaktad\u0131r. Bunun sebebi ise hizmetimizi sizlere daha kolay, etkin ve g\u00fcvenli bir \u015fekilde sunabilmemiz i\u00e7indir. Cookie\u2019ler bilgisayar\u0131n\u0131zda depolanan ve [&hellip;]<\/p>\n","protected":false},"author":31,"featured_media":0,"parent":0,"menu_order":0,"comment_status":"open","ping_status":"open","template":"","meta":[],"_links":{"self":[{"href":"https:\/\/www.trotec-blog.com\/tr\/wp-json\/wp\/v2\/pages\/2060"}],"collection":[{"href":"https:\/\/www.trotec-blog.com\/tr\/wp-json\/wp\/v2\/pages"}],"about":[{"href":"https:\/\/www.trotec-blog.com\/tr\/wp-json\/wp\/v2\/types\/page"}],"author":[{"embeddable":true,"href":"https:\/\/www.trotec-blog.com\/tr\/wp-json\/wp\/v2\/users\/31"}],"replies":[{"embeddable":true,"href":"https:\/\/www.trotec-blog.com\/tr\/wp-json\/wp\/v2\/comments?post=2060"}],"version-history":[{"count":10,"href":"https:\/\/www.trotec-blog.com\/tr\/wp-json\/wp\/v2\/pages\/2060\/revisions"}],"predecessor-version":[{"id":4922,"href":"https:\/\/www.trotec-blog.com\/tr\/wp-json\/wp\/v2\/pages\/2060\/revisions\/4922"}],"wp:attachment":[{"href":"https:\/\/www.trotec-blog.com\/tr\/wp-json\/wp\/v2\/media?parent=2060"}],"curies":[{"name":"wp","href":"https:\/\/api.w.org\/{rel}","templated":true}]}}