{"id":2,"date":"2009-10-15T08:32:32","date_gmt":"2009-10-15T06:32:32","guid":{"rendered":"https:\/\/www.trotec-blog.com\/tr\/yasal-bilgi\/"},"modified":"2024-06-07T10:59:56","modified_gmt":"2024-06-07T08:59:56","slug":"yasal-bilgi","status":"publish","type":"page","link":"https:\/\/www.trotec-blog.com\/tr\/yasal-bilgi\/","title":{"rendered":"Yasal bilgi"},"content":{"rendered":"<div id=\"imprint_tr\">\n<p>Trotec GmbH<br \/>\nGrebbener Stra\u00dfe 7<br \/>\nD-52525 Heinsberg<\/p>\n<p><strong>Y\u00f6netici m\u00fcd\u00fcr:<\/strong><br \/>\nJoachim Ludwig<br \/>\nUlf M\u00f6hring<br \/>\nJoffrey Petit<\/p>\n<p>Telefon: +49 2452 962 400<br \/>\nFaks: +49 2452 962 200<br \/>\nE-posta: info@trotec.de<\/p>\n<p><strong>V.D. ve No.: DE280690324<\/strong><\/p>\n<p>Amtsgericht Aachen &#8211; HRB 13453<\/p>\n<\/div>\n","protected":false},"excerpt":{"rendered":"<p>Trotec GmbH Grebbener Stra\u00dfe 7 D-52525 Heinsberg Y\u00f6netici m\u00fcd\u00fcr: Joachim Ludwig Ulf M\u00f6hring Joffrey Petit Telefon: +49 2452 962 400 Faks: +49 2452 962 200 E-posta: info@trotec.de V.D. ve No.: DE280690324 Amtsgericht Aachen &#8211; HRB 13453<\/p>\n","protected":false},"author":26,"featured_media":0,"parent":0,"menu_order":0,"comment_status":"closed","ping_status":"closed","template":"","meta":[],"_links":{"self":[{"href":"https:\/\/www.trotec-blog.com\/tr\/wp-json\/wp\/v2\/pages\/2"}],"collection":[{"href":"https:\/\/www.trotec-blog.com\/tr\/wp-json\/wp\/v2\/pages"}],"about":[{"href":"https:\/\/www.trotec-blog.com\/tr\/wp-json\/wp\/v2\/types\/page"}],"author":[{"embeddable":true,"href":"https:\/\/www.trotec-blog.com\/tr\/wp-json\/wp\/v2\/users\/26"}],"replies":[{"embeddable":true,"href":"https:\/\/www.trotec-blog.com\/tr\/wp-json\/wp\/v2\/comments?post=2"}],"version-history":[{"count":14,"href":"https:\/\/www.trotec-blog.com\/tr\/wp-json\/wp\/v2\/pages\/2\/revisions"}],"predecessor-version":[{"id":14174,"href":"https:\/\/www.trotec-blog.com\/tr\/wp-json\/wp\/v2\/pages\/2\/revisions\/14174"}],"wp:attachment":[{"href":"https:\/\/www.trotec-blog.com\/tr\/wp-json\/wp\/v2\/media?parent=2"}],"curies":[{"name":"wp","href":"https:\/\/api.w.org\/{rel}","templated":true}]}}