{"id":36,"date":"2013-04-29T10:13:08","date_gmt":"2013-04-29T08:13:08","guid":{"rendered":"https:\/\/www.trotec-blog.com\/su\/?page_id=36"},"modified":"2014-01-08T12:10:40","modified_gmt":"2014-01-08T10:10:40","slug":"tietosuoja","status":"publish","type":"page","link":"https:\/\/www.trotec-blog.com\/su\/tietosuoja\/","title":{"rendered":"Tietosuoja"},"content":{"rendered":"<p><strong>Asiakkaiden henkil\u00f6kohtaisten tietojen suojaus on meille t\u00e4rke\u00e4\u00e4. Allaoleva selvitys antaa Sinulle yhteenvedon siit\u00e4, kuinka suojaamme tietojasi:<\/strong><\/p>\n<p>Henkil\u00f6kohtaiset tiedot kohdassa <em>www.trotec-blog.com<\/em> k\u00e4ytet\u00e4\u00e4n vain yhteystietolomakkeen k\u00e4sittelemisess\u00e4. Tietoja ei anneta eteenp\u00e4in.<\/p>\n<p><strong>Ev\u00e4steet.<\/strong><br \/>\nVerkkosivu k\u00e4ytt\u00e4\u00e4 monissa kohdissa niin sanottuja ev\u00e4steit\u00e4. Niiden avulla v\u00e4ltet\u00e4\u00e4n se, ett\u00e4 kaikki tarpeelliset tiedot joudutaan sy\u00f6tt\u00e4m\u00e4\u00e4n joka k\u00e4ytt\u00f6kerran yhteydess\u00e4 uudelleen. Ev\u00e4steet ovat tiedostoja, jotka tallentuvat tietokoneen kiintolevylle ja joiden tarkoituksena on helpottaa navigointia. Suurin osa meid\u00e4n k\u00e4ytt\u00e4mist\u00e4mme ev\u00e4steist\u00e4 ovat ns. \u00bbSession-Cookies\u00ab. Ne poistuvat automaattisesti, kun poistut sivultamme. Ev\u00e4steet eiv\u00e4t vahingoita tietokonettasi eik\u00e4 niiss\u00e4 ole viruksia.<\/p>\n<p><strong>Akismet Anti-Spam<\/strong><\/p>\n<p>T\u00e4m\u00e4 sivu k\u00e4ytt\u00e4\u00e4 <a href=\"http:\/\/akismet.com\/\" target=\"_blank\">Akismet-Plugin <\/a><a href=\"http:\/\/automattic.com\/\" target=\"_blank\">Automattic<\/a> Inc., 60 29th Street #343, San Francisco, CA 94110-4929, USA.<\/p>\n<p>T\u00e4m\u00e4 liit\u00e4nn\u00e4inen erottaa oikeiden ihmisten kommentit ns. spam-kommenteista. Kaikki kommenttitiedot l\u00e4hetet\u00e4\u00e4n USA:han palvelimeen, jossa ne analysoidaan ja s\u00e4\u00e4stet\u00e4\u00e4n vertailuja varten 4 p\u00e4iv\u00e4\u00e4. Mik\u00e4li kommentti on tunnistettu spam-viestiksi, s\u00e4\u00e4styv\u00e4t n\u00e4m\u00e4 tiedot kauemmin.<\/p>\n<p>N\u00e4ihin tietoihin kuuluvat sy\u00f6tetty nimi, s\u00e4hk\u00f6postiosoite, IP-osoite, kommentin sis\u00e4lt\u00f6, viittaukset, k\u00e4ytett\u00e4v\u00e4n selaimen tiedot sek\u00e4 kirjoituksen ajankohta. Voit k\u00e4ytt\u00e4\u00e4 pseudonyymi\u00e4.<\/p>\n<p>Voit est\u00e4\u00e4 tietojesi siirron kokonaan, mik\u00e4li et hy\u00f6dynn\u00e4 kommentointimahdollisuutta. Se olisi s\u00e4\u00e4li, mutta valitettavasti mik\u00e4\u00e4n muu j\u00e4rjestelm\u00e4 ei ty\u00f6skentele n\u00e4in tehokkaasti. Mik\u00e4li haluat peruuttaa tietojesi k\u00e4yt\u00f6n, voit tehd\u00e4 sen t\u00e4\u00e4lt\u00e4: <a href=\"mailto:support@wordpress.com\" target=\"_blank\">support@wordpress.com<\/a>, Otsikko \u201cDeletion of Data stored by Akismet\u201d<\/p>\n<p><strong>Tietosuoja koskien Facebookin Plugin-toimintoja (Like-Button)<\/strong><\/p>\n<p>Sivuillamme on ohjelmalis\u00e4kkeit\u00e4 (ns.plugin) sosiaalisesta verkosta Facebook, 1601 South California Avenue, Palo Alto, CA 94304, USA. Facebookin ohjelmalis\u00e4kkeet (plugin) tunnistat sivuillamme Facebook-logosta tai \u201ctykk\u00e4\u00e4\u201c-napista (Like-Button\u201c). Yhteenvedon Facebookin ohjelmalis\u00e4kkeist\u00e4 l\u00f6yd\u00e4t t\u00e4\u00e4lt\u00e4: <a href=\"https:\/\/developers.facebook.com\/docs\/plugins\/\" target=\"_blank\" rel=\"nofollow\" class=\"broken_link\">https:\/\/developers.facebook.com\/docs\/plugins\/<\/a> Kun vierailet sivuillamme, yhdistyy ohjelmalis\u00e4kkeen kautta suora yhteys selaimestasi Facebookin palvelimelle. Facebook saa sit\u00e4 kautta tiedon, ett\u00e4 sinun IP-osoitteesi on vieraillut sivuillamme. Jos painat \u201cTykk\u00e4\u00e4\u201c \u2013nappia ollessasi sis\u00e4\u00e4nkirjautunut Facebook-tilillesi, voit linkitt\u00e4\u00e4 meid\u00e4n sivumme tiedon sinun Facebook- sein\u00e4llesi. N\u00e4in Facebook voi yhdist\u00e4\u00e4 vierailusi meid\u00e4n sivuillamme sinun k\u00e4ytt\u00e4j\u00e4tilillesi. Huomautamme, ett\u00e4 meill\u00e4 sivun yll\u00e4pit\u00e4j\u00e4n\u00e4 ei ole mink\u00e4\u00e4nlaista mahdollisuutta tai oikeutta saada Facebookilta k\u00e4ytt\u00e4j\u00e4tietoja. Lis\u00e4tietoja voit lukea Facebookin tietosuojasta: <a href=\"https:\/\/fi-fi.facebook.com\/about\/privacy\/\" target=\"_blank\" rel=\"nofollow\" class=\"broken_link\">https:\/\/fi-fi.facebook.com\/about\/privacy\/<\/a><\/p>\n<p>Jos et halua, ett\u00e4 Facebook j\u00e4ljitt\u00e4\u00e4 k\u00e4yntisi meid\u00e4n verkkosivuillamme, kirjaudu ulos Facebook-tililt\u00e4si.<\/p>\n<p><em style=\"font-size: 0.85em\"><strong>L\u00e4hde:<\/strong> <a href=\"http:\/\/www.e-recht24.de\/artikel\/datenschutz\/6590-facebook-like-button-datenschutz-disclaimer.html\" target=\"_blank\">Facebook-Disclaimer von eRecht24.de<\/a><\/em><\/p>\n<p>Lis\u00e4tietoja l\u00f6yd\u00e4t t\u00e4\u00e4lt\u00e4: <a href=\"https:\/\/www.trotec24.com\/fi-fi\/info\/privacy.html\" target=\"_blank\" class=\"broken_link\">Trotec Tietosuoja<\/a>.<\/p>\n","protected":false},"excerpt":{"rendered":"<p>Asiakkaiden henkil\u00f6kohtaisten tietojen suojaus on meille t\u00e4rke\u00e4\u00e4. Allaoleva selvitys antaa Sinulle yhteenvedon siit\u00e4, kuinka suojaamme tietojasi: Henkil\u00f6kohtaiset tiedot kohdassa www.trotec-blog.com k\u00e4ytet\u00e4\u00e4n vain yhteystietolomakkeen k\u00e4sittelemisess\u00e4. Tietoja ei anneta eteenp\u00e4in. Ev\u00e4steet. Verkkosivu k\u00e4ytt\u00e4\u00e4 monissa kohdissa niin sanottuja ev\u00e4steit\u00e4. Niiden avulla v\u00e4ltet\u00e4\u00e4n se, ett\u00e4 kaikki tarpeelliset tiedot joudutaan sy\u00f6tt\u00e4m\u00e4\u00e4n joka k\u00e4ytt\u00f6kerran yhteydess\u00e4 uudelleen. Ev\u00e4steet ovat tiedostoja, jotka tallentuvat [&hellip;]<\/p>\n","protected":false},"author":64,"featured_media":0,"parent":0,"menu_order":0,"comment_status":"closed","ping_status":"open","template":"","meta":[],"_links":{"self":[{"href":"https:\/\/www.trotec-blog.com\/su\/wp-json\/wp\/v2\/pages\/36"}],"collection":[{"href":"https:\/\/www.trotec-blog.com\/su\/wp-json\/wp\/v2\/pages"}],"about":[{"href":"https:\/\/www.trotec-blog.com\/su\/wp-json\/wp\/v2\/types\/page"}],"author":[{"embeddable":true,"href":"https:\/\/www.trotec-blog.com\/su\/wp-json\/wp\/v2\/users\/64"}],"replies":[{"embeddable":true,"href":"https:\/\/www.trotec-blog.com\/su\/wp-json\/wp\/v2\/comments?post=36"}],"version-history":[{"count":17,"href":"https:\/\/www.trotec-blog.com\/su\/wp-json\/wp\/v2\/pages\/36\/revisions"}],"predecessor-version":[{"id":309,"href":"https:\/\/www.trotec-blog.com\/su\/wp-json\/wp\/v2\/pages\/36\/revisions\/309"}],"wp:attachment":[{"href":"https:\/\/www.trotec-blog.com\/su\/wp-json\/wp\/v2\/media?parent=36"}],"curies":[{"name":"wp","href":"https:\/\/api.w.org\/{rel}","templated":true}]}}