{"id":2,"date":"2013-01-07T13:58:08","date_gmt":"2013-01-07T11:58:08","guid":{"rendered":"https:\/\/www.trotec-blog.com\/su\/?page_id=2"},"modified":"2024-10-11T14:19:30","modified_gmt":"2024-10-11T12:19:30","slug":"yhteystiedot","status":"publish","type":"page","link":"https:\/\/www.trotec-blog.com\/su\/yhteystiedot\/","title":{"rendered":"Yhteystiedot"},"content":{"rendered":"<div id=\"imprint_su\">\n<p>Trotec GmbH<br \/>\nGrebbener Stra\u00dfe 7<br \/>\nD-52525 Heinsberg<\/p>\n<p><strong>Toimitusjohtaja:<\/strong><br \/>\nJoachim Ludwig<br \/>\nUlf M\u00f6hring<br \/>\nJoffrey Petit<\/p>\n<p>Puhelin: +49 2452 962-400<br \/>\nFaksi: +49 2452 962-200<br \/>\nS\u00e4hk\u00f6posti: info-fi@trotec.com<\/p>\n<p><strong>Y-tunnus: DE280690324<\/strong><\/p>\n<p>Rekister\u00f6intipaikka: Aachenin k\u00e4r\u00e4j\u00e4oikeus &#8211; HRB 13453<\/p>\n<\/div>\n<p><strong>Kenelt\u00e4 saan lis\u00e4tietoja? <\/strong><\/p>\n<p>Autamme mielell\u00e4mme kysymyksiss\u00e4. Jos haluat kirjoittaa meille, osoitteemme on<\/p>\n<p>Trotec GmbH<br \/>\nAbteilung Online<br \/>\nGrebbener Stra\u00dfe 7<br \/>\n52525 Heinsberg<\/p>\n<p><strong>Yksinkertaisinta on tietenkin soittaa:<\/strong><\/p>\n<p>Voit soittaa meille suomeksi numeroon +800 8090 8090. \u00a0Voit my\u00f6s l\u00e4hett\u00e4\u00e4 meille s\u00e4hk\u00f6postia<br \/>\nosoitteeseen online-fi@trotec.com. Voit my\u00f6s l\u00e4hett\u00e4\u00e4 faksin numeroon +49 2452 962-200.<\/p>\n","protected":false},"excerpt":{"rendered":"<p>Trotec GmbH Grebbener Stra\u00dfe 7 D-52525 Heinsberg Toimitusjohtaja: Joachim Ludwig Ulf M\u00f6hring Joffrey Petit Puhelin: +49 2452 962-400 Faksi: +49 2452 962-200 S\u00e4hk\u00f6posti: info-fi@trotec.com Y-tunnus: DE280690324 Rekister\u00f6intipaikka: Aachenin k\u00e4r\u00e4j\u00e4oikeus &#8211; HRB 13453 Kenelt\u00e4 saan lis\u00e4tietoja? Autamme mielell\u00e4mme kysymyksiss\u00e4. Jos haluat kirjoittaa meille, osoitteemme on Trotec GmbH Abteilung Online Grebbener Stra\u00dfe 7 52525 Heinsberg Yksinkertaisinta on [&hellip;]<\/p>\n","protected":false},"author":64,"featured_media":0,"parent":0,"menu_order":0,"comment_status":"closed","ping_status":"open","template":"","meta":[],"_links":{"self":[{"href":"https:\/\/www.trotec-blog.com\/su\/wp-json\/wp\/v2\/pages\/2"}],"collection":[{"href":"https:\/\/www.trotec-blog.com\/su\/wp-json\/wp\/v2\/pages"}],"about":[{"href":"https:\/\/www.trotec-blog.com\/su\/wp-json\/wp\/v2\/types\/page"}],"author":[{"embeddable":true,"href":"https:\/\/www.trotec-blog.com\/su\/wp-json\/wp\/v2\/users\/64"}],"replies":[{"embeddable":true,"href":"https:\/\/www.trotec-blog.com\/su\/wp-json\/wp\/v2\/comments?post=2"}],"version-history":[{"count":22,"href":"https:\/\/www.trotec-blog.com\/su\/wp-json\/wp\/v2\/pages\/2\/revisions"}],"predecessor-version":[{"id":5760,"href":"https:\/\/www.trotec-blog.com\/su\/wp-json\/wp\/v2\/pages\/2\/revisions\/5760"}],"wp:attachment":[{"href":"https:\/\/www.trotec-blog.com\/su\/wp-json\/wp\/v2\/media?parent=2"}],"curies":[{"name":"wp","href":"https:\/\/api.w.org\/{rel}","templated":true}]}}