{"id":2,"date":"2014-12-05T10:40:12","date_gmt":"2014-12-05T08:40:12","guid":{"rendered":"https:\/\/www.trotec-blog.com\/se\/?page_id=2"},"modified":"2024-10-11T14:21:21","modified_gmt":"2024-10-11T12:21:21","slug":"kontakta-oss","status":"publish","type":"page","link":"https:\/\/www.trotec-blog.com\/se\/kontakta-oss\/","title":{"rendered":"Kontakta oss"},"content":{"rendered":"<div id=\"imprint_de\">\n<p>Trotec GmbH<br \/>\nGrebbener Stra\u00dfe 7<br \/>\nD-52525 Heinsberg<\/p>\n<p><strong>Verkst\u00e4llande direkt\u00f6rerna:<\/strong><br \/>\nJoachim Ludwig<br \/>\nUlf M\u00f6hring<br \/>\nJoffrey Petit<\/p>\n<p>Telefon: 00800 80 90 80 90<br \/>\nFax: +49 2452 962 200<br \/>\nE-post: info@trotec.de<\/p>\n<p><strong>FO-nummer: DE280690324<\/strong><\/p>\n<p>Amtsgericht Aachen &#8211; HRB 13453<\/p>\n<\/div>\n<p><strong>Av vem f\u00e5r jag mera information? <\/strong><\/p>\n<p>Vi hj\u00e4lper dig g\u00e4rna till och svarar p\u00e5 dina fr\u00e5gor. Om du vill skriva oss, \u00e4r postadressen<\/p>\n<p>Trotec GmbH<br \/>\nOnline-avdelning<br \/>\nGrebbener Stra\u00dfe 7<br \/>\n52525 Heinsberg<\/p>\n<p><strong>Det enklaste \u00e4r naturligtvis att ringa:<\/strong><\/p>\n<p>Du kan ocks\u00e5 skicka e-post: online-se@trotec.com eller skicka ett fax till nummer +49 2452 962-200.<\/p>\n<p>&nbsp;<\/p>\n","protected":false},"excerpt":{"rendered":"<p>Trotec GmbH Grebbener Stra\u00dfe 7 D-52525 Heinsberg Verkst\u00e4llande direkt\u00f6rerna: Joachim Ludwig Ulf M\u00f6hring Joffrey Petit Telefon: 00800 80 90 80 90 Fax: +49 2452 962 200 E-post: info@trotec.de FO-nummer: DE280690324 Amtsgericht Aachen &#8211; HRB 13453 Av vem f\u00e5r jag mera information? Vi hj\u00e4lper dig g\u00e4rna till och svarar p\u00e5 dina fr\u00e5gor. Om du vill skriva [&hellip;]<\/p>\n","protected":false},"author":26,"featured_media":0,"parent":0,"menu_order":0,"comment_status":"closed","ping_status":"closed","template":"","meta":[],"_links":{"self":[{"href":"https:\/\/www.trotec-blog.com\/se\/wp-json\/wp\/v2\/pages\/2"}],"collection":[{"href":"https:\/\/www.trotec-blog.com\/se\/wp-json\/wp\/v2\/pages"}],"about":[{"href":"https:\/\/www.trotec-blog.com\/se\/wp-json\/wp\/v2\/types\/page"}],"author":[{"embeddable":true,"href":"https:\/\/www.trotec-blog.com\/se\/wp-json\/wp\/v2\/users\/26"}],"replies":[{"embeddable":true,"href":"https:\/\/www.trotec-blog.com\/se\/wp-json\/wp\/v2\/comments?post=2"}],"version-history":[{"count":15,"href":"https:\/\/www.trotec-blog.com\/se\/wp-json\/wp\/v2\/pages\/2\/revisions"}],"predecessor-version":[{"id":5273,"href":"https:\/\/www.trotec-blog.com\/se\/wp-json\/wp\/v2\/pages\/2\/revisions\/5273"}],"wp:attachment":[{"href":"https:\/\/www.trotec-blog.com\/se\/wp-json\/wp\/v2\/media?parent=2"}],"curies":[{"name":"wp","href":"https:\/\/api.w.org\/{rel}","templated":true}]}}