{"id":14,"date":"2014-12-05T13:33:51","date_gmt":"2014-12-05T11:33:51","guid":{"rendered":"https:\/\/www.trotec-blog.com\/se\/?page_id=14"},"modified":"2015-01-19T11:31:20","modified_gmt":"2015-01-19T09:31:20","slug":"uppgiftsskyddsforklaring","status":"publish","type":"page","link":"https:\/\/www.trotec-blog.com\/se\/uppgiftsskyddsforklaring\/","title":{"rendered":"Uppgiftsskyddsf\u00f6rklaring"},"content":{"rendered":"<p><strong>Att skydda v\u00e5ra kunders personuppgifter \u00e4r mycket viktig f\u00f6r oss. Nedan informerar vi om hur vi hanterar dina uppgifter:<\/strong><\/p>\n<p>Personliga uppgifter p\u00e5 <em>www.trotec-blog.com<\/em> anv\u00e4nds endast f\u00f6r bearbetande av kontaktformul\u00e4ren. Uppgifterna \u00f6verf\u00f6rs inte till tredje part.<\/p>\n<p><strong>Cookies<\/strong><\/p>\n<p>Webbsidan anv\u00e4nder sk. cookies p\u00e5 m\u00e5nga st\u00e4llen. P\u00e5 s\u00e5 s\u00e4tt beh\u00f6ver du inte ange alla erforderliga uppgifter varje g\u00e5ng p\u00e5 nytt. Cookies \u00e4r filer som sparas p\u00e5 en dators h\u00e5rddisk i syfte att underl\u00e4tta navigeringen. De flesta av de cookies vi anv\u00e4nder \u00e4r s\u00e5 kallade \u00bbSession-Cookies\u00ab. De f\u00f6rsvinner automatiskt, n\u00e4r du st\u00e4nger din webbl\u00e4sare. Cookies skadar inte din dator och inneh\u00e5ller inte virus.<\/p>\n<p><strong>Akismet Anti-Spam<\/strong><\/p>\n<p>Denna webbsida anv\u00e4nder <a href=\"http:\/\/akismet.com\/\" target=\"_blank\">Akismet-Plugin der <\/a><a href=\"http:\/\/automattic.com\/\" target=\"_blank\">Automattic<\/a> Inc., 60 29th Street #343, San Francisco, CA 94110-4929, USA.<\/p>\n<p>Detta till\u00e4gsprogram skiljer kommentarer av verkliga m\u00e4nniskor fr\u00e5n spam-kommentarer. Alla kommentaruppgifter skickas till en server i USA, d\u00e4r de analyseras och lagras f\u00f6r j\u00e4mf\u00f6relse fyra dagar. Om en kommentar identifieras som skr\u00e4ppost, lagras dessa data under l\u00e4ngre tid.<\/p>\n<p>Dessa uppgifter inneh\u00e5ller det inmatade namnet, e-postadressen, IP-adressen, inneh\u00e5ll av kommentaren, referenser, uppgifter av den anv\u00e4nda webbl\u00e4sren samt tidpunkt av kommentaren. Du kan ocks\u00e5 \u00e4nvanda en pseudonym.<\/p>\n<p>Du kan f\u00f6rhindra \u00f6verf\u00f6ring av dina uppgifter helt, om du inte utnyttjar m\u00f6jligheten att kommentera. Det skulle vara synd, men tyv\u00e4rr inget annat system arbetar s\u00e5 effektivt. Om du vill \u00e5terkalla anv\u00e4ndningen av dina uppgifter, kan du g\u00f6ra det h\u00e4r <a href=\"mailto:support@wordpress.com\" target=\"_blank\">support@wordpress.com<\/a>, Skriv \u201cDeletion of Data stored by Akismet\u201d som rubrik.<\/p>\n<p><strong>Uppgiftsskydd f\u00f6r anv\u00e4ndning av Facebook-Plugins (Like-Button)<\/strong><\/p>\n<p>V\u00e5ra webbsidor anv\u00e4nder till\u00e4ggsprogram (sk. plugin) av det sociala n\u00e4tverket Facebook, 1601 South California Avenue, Palo Alto, CA 94304, USA. Facebook-till\u00e4ggsprogrammet k\u00e4nner du igen fr\u00e5n Facebook-logon eller fr\u00e5n \u201dgilla\u201d-knappen (Like-Button). Sammanfattningen av Facebook-till\u00e4ggsprogrammet hittar du h\u00e4r: <a href=\"https:\/\/developers.facebook.com\/docs\/plugins\/\" target=\"_blank\" rel=\"nofollow\" class=\"broken_link\">https:\/\/developers.facebook.com\/docs\/plugins\/<\/a> N\u00e4r du bes\u00f6ker v\u00e5r webbsidan, skapas en direkt koppling mellan din webbl\u00e4sare och Facebook-servern via till\u00e4ggsprogrammet. D\u00e4rmed kommer Facebook att f\u00e5 information, att du har bes\u00f6kt v\u00e5r webbsida genom din IP-adress. Om du klickar \u201dgilla\u201d-knappen n\u00e4r du \u00e4r inloggad i ditt Facebook-konto, kan du l\u00e4nka inneh\u00e5ll av v\u00e5r webbsida till din Facebook-profil. P\u00e5 s\u00e5 s\u00e4tt kan Facebook koppla din bes\u00f6k p\u00e5 v\u00e5r sidan till ditt anv\u00e4ndarkonto. Vi vill p\u00e5peka, att vi har inga m\u00f6jligheter eller inget r\u00e4tt att f\u00e5 anv\u00e4ndaruppgifter fr\u00e5n Facebook. Mer information kan du l\u00e4sa p\u00e5 uppgiftsskyddet av Facebook: <a href=\"https:\/\/sv-se.facebook.com\/about\/privacy\/\" target=\"_blank\" rel=\"nofollow\" class=\"broken_link\">https:\/\/sv-se.facebook.com\/about\/privacy\/<\/a><\/p>\n<p>Om du inte vill att Facebook kan sp\u00e5ra din bes\u00f6k p\u00e5 v\u00e5r webbsida, logga ut fr\u00e5n ditt Facebook-konto.<\/p>\n<p><em style=\"font-size: 0.85em\"><strong>K\u00e4lla:<\/strong> <a href=\"http:\/\/www.e-recht24.de\/artikel\/datenschutz\/6590-facebook-like-button-datenschutz-disclaimer.html\" target=\"_blank\">Facebook-Disclaimer av eRecht24.de<\/a><\/em><\/p>\n<p>Mer information kan du l\u00e4sa h\u00e4r: <a href=\"https:\/\/www.trotec24.se\/info\/privacy.html\" target=\"_blank\" class=\"broken_link\">Trotecs uppgiftsskydd<\/a>.<\/p>\n<p>&nbsp;<\/p>\n","protected":false},"excerpt":{"rendered":"<p>Att skydda v\u00e5ra kunders personuppgifter \u00e4r mycket viktig f\u00f6r oss. Nedan informerar vi om hur vi hanterar dina uppgifter: Personliga uppgifter p\u00e5 www.trotec-blog.com anv\u00e4nds endast f\u00f6r bearbetande av kontaktformul\u00e4ren. Uppgifterna \u00f6verf\u00f6rs inte till tredje part. Cookies Webbsidan anv\u00e4nder sk. cookies p\u00e5 m\u00e5nga st\u00e4llen. P\u00e5 s\u00e5 s\u00e4tt beh\u00f6ver du inte ange alla erforderliga uppgifter varje g\u00e5ng [&hellip;]<\/p>\n","protected":false},"author":26,"featured_media":0,"parent":0,"menu_order":0,"comment_status":"closed","ping_status":"closed","template":"","meta":[],"_links":{"self":[{"href":"https:\/\/www.trotec-blog.com\/se\/wp-json\/wp\/v2\/pages\/14"}],"collection":[{"href":"https:\/\/www.trotec-blog.com\/se\/wp-json\/wp\/v2\/pages"}],"about":[{"href":"https:\/\/www.trotec-blog.com\/se\/wp-json\/wp\/v2\/types\/page"}],"author":[{"embeddable":true,"href":"https:\/\/www.trotec-blog.com\/se\/wp-json\/wp\/v2\/users\/26"}],"replies":[{"embeddable":true,"href":"https:\/\/www.trotec-blog.com\/se\/wp-json\/wp\/v2\/comments?post=14"}],"version-history":[{"count":6,"href":"https:\/\/www.trotec-blog.com\/se\/wp-json\/wp\/v2\/pages\/14\/revisions"}],"predecessor-version":[{"id":60,"href":"https:\/\/www.trotec-blog.com\/se\/wp-json\/wp\/v2\/pages\/14\/revisions\/60"}],"wp:attachment":[{"href":"https:\/\/www.trotec-blog.com\/se\/wp-json\/wp\/v2\/media?parent=14"}],"curies":[{"name":"wp","href":"https:\/\/api.w.org\/{rel}","templated":true}]}}