{"id":12,"date":"2014-12-05T13:31:53","date_gmt":"2014-12-05T11:31:53","guid":{"rendered":"https:\/\/www.trotec-blog.com\/se\/?page_id=12"},"modified":"2017-12-21T13:08:50","modified_gmt":"2017-12-21T12:08:50","slug":"om-denna-blog","status":"publish","type":"page","link":"https:\/\/www.trotec-blog.com\/se\/om-denna-blog\/","title":{"rendered":"Om denna blogg"},"content":{"rendered":"<p><img loading=\"lazy\" class=\"alignnone size-full wp-image-6268\" src=\"https:\/\/www.trotec-blog.com\/wp-content\/uploads\/2010\/11\/about.jpg\" alt=\"Om Trotecs blogg\" width=\"700\" height=\"180\" \/><\/p>\n<p><strong>P\u00e5 dessa sidor hittar du regelbundet den senaste informationen om Trotec-gruppen. Vi erbjuder produkter, tj\u00e4nster samt uthyrningsl\u00f6sningar och utbildning i Tyskland \u2013 allts\u00e5 professionella helhetsl\u00f6sningar under ett tak.<\/strong><\/p>\n<p>P\u00e5 denna sida vill vi visa Dig, vad vi g\u00f6r h\u00e4r hos Trotec och hur du kan uppn\u00e5 b\u00e4sta resultaten med v\u00e5ra produkter. Oavsett om det g\u00e4ller kunder inom industrin eller privatanv\u00e4ndare, \u00e4r v\u00e5ra maskiner och m\u00e4tdon speciellt utvecklade f\u00f6r att underl\u00e4tta ditt arbete och g\u00f6ra livet lite enklare&#8230;och h\u00e4r ber\u00e4ttar vi hur man g\u00f6r det! Vi beskriver ocks\u00e5 situationer, d\u00e4r v\u00e5ra produkter hj\u00e4lper att l\u00f6sa olika vardagsproblem. Dessutom ber\u00e4ttar v\u00e5ra medarbetare i marknadsf\u00f6ring, PR och Service Center om aktuella evenemang, h\u00e4ndelser samt det vanliga livet i f\u00f6retaget.<\/p>\n<p>V\u00e5rt m\u00e5l med denna blogg \u00e4r att erbjuda v\u00e5ra kunder v\u00e4rdefull information fr\u00e5n flera omr\u00e5den. Livet kan man ju inte kategorisera, och d\u00e4rf\u00f6r blir det en \u00f6verraskning, f\u00f6r vilket \u00e4ndam\u00e5l bloggen kommer att anv\u00e4ndas&#8230;men en sak f\u00f6rlorar vi inte ur sikte:<\/p>\n<p><strong>Hurdana blogginl\u00e4gg ska vi skriva f\u00f6r att berika ditt liv? <\/strong><\/p>\n<ul class=\"authorlist\">\n<li class=\"head\">H\u00e4r \u00e4r v\u00e5rt redaktionsteam:<\/li>\n<li><img src=\"https:\/\/www.trotec-blog.com\/wp-content\/themes\/trotec2011\/images\/avatars\/042c6658653a36402044f8fac78ba60e.gif\" alt=\"\" \/> Hilal Bayram,<br \/>\nOnline-marknadsf\u00f6ring<\/li>\n<li><img src=\"https:\/\/www.trotec-blog.com\/wp-content\/themes\/trotec2011\/images\/avatars\/7e1e5bc053b4f334cc6a9e6cecf795b0.gif\" alt=\"\" \/> Pascal Bekker,<br \/>\nTrotec | TKL Nederl\u00e4nderna<\/li>\n<li><img src=\"https:\/\/www.trotec-blog.com\/wp-content\/themes\/trotec2011\/images\/avatars\/1b48555ad21457c919c0b7f7db930e3b.gif\" alt=\"\" \/> Christoph Detr\u00e9e,<br \/>\nTrotec IT, Blog Administrat\u00f6r<\/li>\n<li><img src=\"https:\/\/www.trotec-blog.com\/wp-content\/themes\/trotec2011\/images\/avatars\/bcca9e8fcf46fabe25e08cb695fff83f.gif\" alt=\"\" \/> Cecilia Jacqueline,<br \/>\nOnline-marknadsf\u00f6ring<\/li>\n<li><img src=\"https:\/\/www.trotec-blog.com\/wp-content\/themes\/trotec2011\/images\/avatars\/de90f459ebaf5513affdd9cc2079a3ae.gif\" alt=\"\" \/> Anton Seibert,<br \/>\nExtern medarbetare f\u00f6r online-marknadsf\u00f6ring<\/li>\n<li><img src=\"https:\/\/www.trotec-blog.com\/wp-content\/themes\/trotec2011\/images\/avatars\/017ea7f311894963ea6b2f61870f20f1.gif\" alt=\"\" \/> Annika Suojoki-Kl\u00f6tzig,<br \/>\nOnline-marknadsf\u00f6ring<\/li>\n<li><img src=\"https:\/\/www.trotec-blog.com\/wp-content\/themes\/trotec2011\/images\/avatars\/2449d758bdb3bd775649df39a5ea349e.gif\" alt=\"\" \/> Jochem Weingartz,<br \/>\nTrotec Akademi<\/li>\n<\/ul>\n<div class=\"clear\"><\/div>\n","protected":false},"excerpt":{"rendered":"<p>P\u00e5 dessa sidor hittar du regelbundet den senaste informationen om Trotec-gruppen. Vi erbjuder produkter, tj\u00e4nster samt uthyrningsl\u00f6sningar och utbildning i Tyskland \u2013 allts\u00e5 professionella helhetsl\u00f6sningar under ett tak. P\u00e5 denna sida vill vi visa Dig, vad vi g\u00f6r h\u00e4r hos Trotec och hur du kan uppn\u00e5 b\u00e4sta resultaten med v\u00e5ra produkter. Oavsett om det g\u00e4ller [&hellip;]<\/p>\n","protected":false},"author":26,"featured_media":0,"parent":0,"menu_order":0,"comment_status":"closed","ping_status":"closed","template":"","meta":[],"_links":{"self":[{"href":"https:\/\/www.trotec-blog.com\/se\/wp-json\/wp\/v2\/pages\/12"}],"collection":[{"href":"https:\/\/www.trotec-blog.com\/se\/wp-json\/wp\/v2\/pages"}],"about":[{"href":"https:\/\/www.trotec-blog.com\/se\/wp-json\/wp\/v2\/types\/page"}],"author":[{"embeddable":true,"href":"https:\/\/www.trotec-blog.com\/se\/wp-json\/wp\/v2\/users\/26"}],"replies":[{"embeddable":true,"href":"https:\/\/www.trotec-blog.com\/se\/wp-json\/wp\/v2\/comments?post=12"}],"version-history":[{"count":10,"href":"https:\/\/www.trotec-blog.com\/se\/wp-json\/wp\/v2\/pages\/12\/revisions"}],"predecessor-version":[{"id":1957,"href":"https:\/\/www.trotec-blog.com\/se\/wp-json\/wp\/v2\/pages\/12\/revisions\/1957"}],"wp:attachment":[{"href":"https:\/\/www.trotec-blog.com\/se\/wp-json\/wp\/v2\/media?parent=12"}],"curies":[{"name":"wp","href":"https:\/\/api.w.org\/{rel}","templated":true}]}}