{"id":2,"date":"2014-05-20T07:07:24","date_gmt":"2014-05-20T05:07:24","guid":{"rendered":"https:\/\/www.trotec-blog.com\/ro\/?page_id=2"},"modified":"2024-10-11T14:20:20","modified_gmt":"2024-10-11T12:20:20","slug":"despre-noi","status":"publish","type":"page","link":"https:\/\/www.trotec-blog.com\/ro\/despre-noi\/","title":{"rendered":"Despre noi"},"content":{"rendered":"<div id=\"imprint_de\">\n<p>Trotec GmbH<br \/>\nGrebbener Stra\u00dfe 7<br \/>\nD-52525 Heinsberg<\/p>\n<p><strong>Directorii:<\/strong><br \/>\nJoachim Ludwig<br \/>\nUlf M\u00f6hring<br \/>\nJoffrey Petit<\/p>\n<p>Telefon: 00800 80 90 80 90<br \/>\nFax: +49 2452 962 200<br \/>\nE-Mail: info@trotec.de<\/p>\n<p><strong>Cod unic de identificare: DE280690324<\/strong><\/p>\n<p>Judec\u0103toria Aachen &#8211; HRB 13453<\/p>\n<\/div>\n<p><strong>Cine \u00eemi poate r\u0103spunde la \u00eentreb\u0103ri? <\/strong><\/p>\n<p>Speciali\u0219tii no\u0219tri v\u0103 stau cu pl\u0103cere la dispozi\u021bie, pentru a r\u0103spunde la \u00eentreb\u0103ri. Dac\u0103 dori\u021bi s\u0103 ne scrie\u021bi, adresa noastr\u0103 este<\/p>\n<p>Trotec GmbH<br \/>\nDepartament Online<br \/>\nGrebbener Stra\u00dfe 7<br \/>\nDE-52525 Heinsberg<\/p>\n<p><strong>Cel mai simplu e desigur s\u0103 ne suna\u021bi:<\/strong><\/p>\n<p>Ne pute\u021bi contacta \u0219i via e-mail, pe adresa online-ro@trotec.com, sau trimite un fax pe +49 2452 962-92450.<\/p>\n","protected":false},"excerpt":{"rendered":"<p>Trotec GmbH Grebbener Stra\u00dfe 7 D-52525 Heinsberg Directorii: Joachim Ludwig Ulf M\u00f6hring Joffrey Petit Telefon: 00800 80 90 80 90 Fax: +49 2452 962 200 E-Mail: info@trotec.de Cod unic de identificare: DE280690324 Judec\u0103toria Aachen &#8211; HRB 13453 Cine \u00eemi poate r\u0103spunde la \u00eentreb\u0103ri? Speciali\u0219tii no\u0219tri v\u0103 stau cu pl\u0103cere la dispozi\u021bie, pentru a r\u0103spunde la [&hellip;]<\/p>\n","protected":false},"author":26,"featured_media":0,"parent":0,"menu_order":0,"comment_status":"closed","ping_status":"closed","template":"","meta":[],"_links":{"self":[{"href":"https:\/\/www.trotec-blog.com\/ro\/wp-json\/wp\/v2\/pages\/2"}],"collection":[{"href":"https:\/\/www.trotec-blog.com\/ro\/wp-json\/wp\/v2\/pages"}],"about":[{"href":"https:\/\/www.trotec-blog.com\/ro\/wp-json\/wp\/v2\/types\/page"}],"author":[{"embeddable":true,"href":"https:\/\/www.trotec-blog.com\/ro\/wp-json\/wp\/v2\/users\/26"}],"replies":[{"embeddable":true,"href":"https:\/\/www.trotec-blog.com\/ro\/wp-json\/wp\/v2\/comments?post=2"}],"version-history":[{"count":26,"href":"https:\/\/www.trotec-blog.com\/ro\/wp-json\/wp\/v2\/pages\/2\/revisions"}],"predecessor-version":[{"id":17261,"href":"https:\/\/www.trotec-blog.com\/ro\/wp-json\/wp\/v2\/pages\/2\/revisions\/17261"}],"wp:attachment":[{"href":"https:\/\/www.trotec-blog.com\/ro\/wp-json\/wp\/v2\/media?parent=2"}],"curies":[{"name":"wp","href":"https:\/\/api.w.org\/{rel}","templated":true}]}}