{"id":12,"date":"2014-05-20T10:13:46","date_gmt":"2014-05-20T08:13:46","guid":{"rendered":"https:\/\/www.trotec-blog.com\/ro\/?page_id=12"},"modified":"2022-01-31T07:12:18","modified_gmt":"2022-01-31T05:12:18","slug":"despre-acest-blog","status":"publish","type":"page","link":"https:\/\/www.trotec-blog.com\/ro\/despre-acest-blog\/","title":{"rendered":"Despre acest blog"},"content":{"rendered":"<p><img loading=\"lazy\" class=\"alignnone size-full wp-image-6268\" src=\"https:\/\/www.trotec-blog.com\/wp-content\/uploads\/2010\/11\/about.jpg\" alt=\"\u00dcber den Blog der Trotec Group\" width=\"700\" height=\"180\" \/><\/p>\n<p><strong>Pe aceast\u0103 pagin\u0103 g\u0103si\u021bi regulat cele mai noi informa\u021bii legate de grupul de firme Trotec. Noi v\u0103 oferim produse, servicii \u0219i cursuri de perfec\u021bionare: deci solu\u021bii complete pentru necesit\u0103\u021bile dvs.<\/strong><\/p>\n<p>Dorim astfel s\u0103 v\u0103 ar\u0103t\u0103m ce face Trotec, \u0219i cum dvs. pute\u021bi ob\u021bine rezultatele cele mai bune, cu produsele noastre. Indiferent dac\u0103 dvs. sunte\u021bi un client profesional din domeniul industriei sau un utilizator privat, ma\u0219inile \u0219i instrumentele noastre de m\u0103sur\u0103 au fost special concepute pentru a v\u0103 u\u0219ura dvs. munca \u0219i a v\u0103 face via\u021ba mai pl\u0103cut\u0103. Sau v\u0103 prezent\u0103m situa\u021bii concrete, la care produsele noastre \u00ee\u0219i demonstreaz\u0103 utilitatea. \u00cen plus, speciali\u0219tii no\u0219tri din domeniul marketing, PR \u0219i service center v\u0103 prezint\u0103 rezultatele actuale, evenimentele noi, sau pur \u0219i simplu lucrul de zi cu zi, \u00een firma noastr\u0103.<\/p>\n<p>Noi ne-am propus s\u0103 v\u0103 \u021binem la curent cu nout\u0103\u021bile din diferite domenii, prin intermediul acestui blog. Suntem curio\u0219i cum ve\u021bi aprecia dvs. blog-ul nostru. Un lucru nu \u00eel vom pierde \u00eens\u0103 din vedere:<\/p>\n<p><strong>Cum putem noi, cei de la Trotec, s\u0103 v\u0103 venim \u00een ajutor? <\/strong><\/p>\n<ul class=\"authorlist\">\n<li><img src=\"https:\/\/www.trotec-blog.com\/wp-content\/themes\/trotec2010\/images\/avatars\/a9354796e85c096c948285724f73bb94.gif\" alt=\"\" \/> <a title=\"zu den Artikeln von Christian Hoffmann\" href=\"https:\/\/www.trotec-blog.com\/blog\/author\/hoffmannch\/\">Christian Hoffmann<\/a>,<br \/>\nOnline Marketing<\/li>\n<li><img src=\"https:\/\/www.trotec-blog.com\/wp-content\/themes\/trotec2010\/images\/avatars\/1b48555ad21457c919c0b7f7db930e3b.gif\" alt=\"\" \/> Christoph Detr\u00e9e,<br \/>\nAdministrator blog<\/li>\n<li><img src=\"https:\/\/www.trotec-blog.com\/wp-content\/themes\/trotec2010\/images\/avatars\/bcca9e8fcf46fabe25e08cb695fff83f.gif\" alt=\"\" \/> <a title=\"zu den Artikeln von Cecilia Jacqueline\" href=\"https:\/\/www.trotec-blog.com\/blog\/author\/jacquelinece\/\">Cecilia Jacqueline<\/a>,<br \/>\nOnline Marketing<\/li>\n<li><img src=\"https:\/\/www.trotec-blog.com\/wp-content\/themes\/trotec2010\/images\/avatars\/568715c4126d26cbbcb24a8cc5a55c8c.gif\" alt=\"\" \/> <a title=\"zu den Artikeln von Sven Bings\" href=\"https:\/\/www.trotec-blog.com\/blog\/author\/bingssv\/\">Sven Bings<\/a>,<br \/>\nOnline Marketing<\/li>\n<li><img src=\"https:\/\/www.trotec-blog.com\/wp-content\/themes\/trotec2010\/images\/avatars\/67e4e11102a0ec919bf923af12b5125f.gif\" alt=\"\" \/> <a title=\"zu den Artikeln von Christina Mommertz\" href=\"https:\/\/www.trotec-blog.com\/blog\/author\/mommertzch\/\">Christina Mommertz<\/a>,<br \/>\nOnline Marketing<\/li>\n<\/ul>\n<div class=\"clear\"><\/div>\n","protected":false},"excerpt":{"rendered":"<p>Pe aceast\u0103 pagin\u0103 g\u0103si\u021bi regulat cele mai noi informa\u021bii legate de grupul de firme Trotec. Noi v\u0103 oferim produse, servicii \u0219i cursuri de perfec\u021bionare: deci solu\u021bii complete pentru necesit\u0103\u021bile dvs. Dorim astfel s\u0103 v\u0103 ar\u0103t\u0103m ce face Trotec, \u0219i cum dvs. pute\u021bi ob\u021bine rezultatele cele mai bune, cu produsele noastre. Indiferent dac\u0103 dvs. sunte\u021bi un [&hellip;]<\/p>\n","protected":false},"author":26,"featured_media":0,"parent":0,"menu_order":0,"comment_status":"closed","ping_status":"closed","template":"","meta":[],"_links":{"self":[{"href":"https:\/\/www.trotec-blog.com\/ro\/wp-json\/wp\/v2\/pages\/12"}],"collection":[{"href":"https:\/\/www.trotec-blog.com\/ro\/wp-json\/wp\/v2\/pages"}],"about":[{"href":"https:\/\/www.trotec-blog.com\/ro\/wp-json\/wp\/v2\/types\/page"}],"author":[{"embeddable":true,"href":"https:\/\/www.trotec-blog.com\/ro\/wp-json\/wp\/v2\/users\/26"}],"replies":[{"embeddable":true,"href":"https:\/\/www.trotec-blog.com\/ro\/wp-json\/wp\/v2\/comments?post=12"}],"version-history":[{"count":12,"href":"https:\/\/www.trotec-blog.com\/ro\/wp-json\/wp\/v2\/pages\/12\/revisions"}],"predecessor-version":[{"id":14531,"href":"https:\/\/www.trotec-blog.com\/ro\/wp-json\/wp\/v2\/pages\/12\/revisions\/14531"}],"wp:attachment":[{"href":"https:\/\/www.trotec-blog.com\/ro\/wp-json\/wp\/v2\/media?parent=12"}],"curies":[{"name":"wp","href":"https:\/\/api.w.org\/{rel}","templated":true}]}}