{"id":10,"date":"2014-05-20T10:12:14","date_gmt":"2014-05-20T08:12:14","guid":{"rendered":"https:\/\/www.trotec-blog.com\/ro\/?page_id=10"},"modified":"2014-05-28T16:07:40","modified_gmt":"2014-05-28T14:07:40","slug":"declaratie-confidentialitate","status":"publish","type":"page","link":"https:\/\/www.trotec-blog.com\/ro\/declaratie-confidentialitate\/","title":{"rendered":"Declara\u021bia privind protec\u021bia datelor"},"content":{"rendered":"<p><strong>Pentru noi, securitatea datelor dvs. e foarte important\u0103. Urm\u0103toarea declara\u021bie v\u0103 ofer\u0103 c\u00e2teva informa\u021bii legate de securitatea datelor dvs.:<\/strong><\/p>\n<p>Pe <em>www.trotec-blog.com,\u00a0<\/em>datele personale vor fi preluate doar prin intermediul formularului de contact. Datele nu vor fi transmise c\u0103tre ter\u021bi.<\/p>\n<p><strong>Cookies<\/strong><\/p>\n<p>Site-ul web utilizeaz\u0103 \u00een mai multe pozi\u021bii a\u0219a numitele cookies. Acestea au ca scop simplificarea, m\u0103rirea efectivit\u0103\u021bii \u0219i siguran\u021bei acestei oferte. Cookies sunt mici fi\u0219iere text ce vor fi salvate pe calculatorul dvs., pe care le salveaz\u0103 browserul dvs. Majoritatea cookies utilizate de noi sunt a\u0219a numitele \u00bbSession-Cookies\u00ab. Ele vor fi \u0219terse automat, dup\u0103 \u00eencheierea vizitei dvs. Cookies nu provoac\u0103 daune pe calculatorul dvs. \u0219i nu con\u021bin viru\u0219i.<\/p>\n<p><strong>Akismet Anti-Spam<\/strong><\/p>\n<p>Aceast\u0103 pagin\u0103 utilizeaz\u0103 <a href=\"http:\/\/akismet.com\/\" target=\"_blank\">Akismet-Plugin al <\/a><a href=\"http:\/\/automattic.com\/\" target=\"_blank\">Automattic<\/a> Inc., 60 29th Street #343, San Francisco, CA 94110-4929, USA.<\/p>\n<p>Cu ajutorul acestor plugins vor fi diferen\u021biate comentariile efectuate de oameni reali, de c\u0103tre comentariile de tip spam. Pentru aceasta, toate comentariile vor fi expediate c\u0103tre un server din SUA, unde vor fi analizate \u0219i salvate timp de patru zile, pentru compara\u021bii. Dac\u0103 un comentar va fi evaluat ca fiind spam, datele vor fi salvate o perioad\u0103 mai \u00eendelungat\u0103.<\/p>\n<p>De aceste date apar\u021bin numele declarat, adresa de e-mail, adresa IP, con\u021binutul comentariilor,\u00a0 referer, indica\u021biilor privitoare la browserul utilizat precum \u0219i sistemul computerului \u0219i ora efectu\u0103rii comentariului. Dvs. pute\u021bi utiliza \u0219i pseudonime.<\/p>\n<p>Dvs. pute\u021bi bloca \u00een mod complet transmiterea datelor, neutiliz\u00e2nd sistemul nostru de comentarii. Ar fi \u00eens\u0103 p\u0103cat, dar din p\u0103cate nu avem alte alternative, care s\u0103 fie la fel de efective. Dvs. pute\u021bi revoca utilizarea pe viitor a datelor dvs.,\u00a0 la <a href=\"mailto:support@wordpress.com\" target=\"_blank\">support@wordpress.com<\/a>, subiect \u201cDeletion of Data stored by Akismet\u201d , cu indicarea\/descrierea datelor salvate.<\/p>\n<p><strong>Declara\u021bia privind protec\u021bia datelor pentru utilizarea plugins Facebook (Like-Button)<\/strong><\/p>\n<p>Pe paginile noastre sunt integrate plugins al re\u021belei sociale Facebook, 1601 South California Avenue, Palo Alto, CA 94304, USA. Facebook-Plugins recunosc logoul Facebook sau &#8222;Like-Button&#8221; (\u00eemi place) pe pagina noastr\u0103. Aici pute\u021bi consulta o prezentare a plugins Facebook: <a href=\"https:\/\/developers.facebook.com\/docs\/plugins\/\" target=\"_blank\" rel=\"nofollow\" class=\"broken_link\">https:\/\/developers.facebook.com\/docs\/plugins\/<\/a> C\u00e2nd vizita\u021bi paginile noastre, prin intermediul acestui plugin se va realiza o leg\u0103tur\u0103 direct\u0103 \u00eentre browserul dvs. \u0219i serverul Facebook. Astfel, Facebook prime\u0219te informa\u021bia c\u0103 dvs., cu adresa dvs. de IP, a\u021bi vizitat pagina noastr\u0103. Dac\u0103 ap\u0103sa\u021bi pe \u201eLike-Button\u201c de la Facebook \u00een timp ce sunte\u021bi autentificat pe contul dvs. de la Facebook, pute\u021bi realiza un link pe profilul dvs. Facebook, c\u0103tre paginile noastre. Astfel, Facebook poate \u00eencadra vizita dvs. pe pagina noastr\u0103, \u00een contul dvs. de utilizator.\u00a0 V\u0103 atragem aten\u021bia, c\u0103 noi, ca \u0219i ofertant \u0219i autor al paginilor noastre nu avem nicio informa\u021bie legat\u0103 de con\u021binutul datelor transferate precum \u0219i de utilizarea lor prin Facebook. Alte informa\u021bii g\u0103si\u021bi la politica de utilizare a datelor la Facebook, aici <a href=\"https:\/\/ro-ro.facebook.com\/about\/privacy\/\" class=\"broken_link\">https:\/\/ro-ro.facebook.com\/about\/privacy\/<\/a><\/p>\n<p><em style=\"font-size: 0.85em\"><strong>Surs\u0103:<\/strong> <a href=\"http:\/\/www.e-recht24.de\/artikel\/datenschutz\/6590-facebook-like-button-datenschutz-disclaimer.html\" target=\"_blank\">Facebook-Disclaimer von eRecht24.de<\/a><\/em><\/p>\n<p>Alte informa\u021bii g\u0103si\u021bi aici <a href=\"http:\/\/www.trotec24.ro\/info\/privacy.html\" target=\"_blank\">Declara\u021bia privind protec\u021bia datelor la grupul de firme Trotec<\/a>.<\/p>\n","protected":false},"excerpt":{"rendered":"<p>Pentru noi, securitatea datelor dvs. e foarte important\u0103. Urm\u0103toarea declara\u021bie v\u0103 ofer\u0103 c\u00e2teva informa\u021bii legate de securitatea datelor dvs.: Pe www.trotec-blog.com,\u00a0datele personale vor fi preluate doar prin intermediul formularului de contact. Datele nu vor fi transmise c\u0103tre ter\u021bi. Cookies Site-ul web utilizeaz\u0103 \u00een mai multe pozi\u021bii a\u0219a numitele cookies. Acestea au ca scop simplificarea, m\u0103rirea [&hellip;]<\/p>\n","protected":false},"author":26,"featured_media":0,"parent":0,"menu_order":0,"comment_status":"closed","ping_status":"closed","template":"","meta":[],"_links":{"self":[{"href":"https:\/\/www.trotec-blog.com\/ro\/wp-json\/wp\/v2\/pages\/10"}],"collection":[{"href":"https:\/\/www.trotec-blog.com\/ro\/wp-json\/wp\/v2\/pages"}],"about":[{"href":"https:\/\/www.trotec-blog.com\/ro\/wp-json\/wp\/v2\/types\/page"}],"author":[{"embeddable":true,"href":"https:\/\/www.trotec-blog.com\/ro\/wp-json\/wp\/v2\/users\/26"}],"replies":[{"embeddable":true,"href":"https:\/\/www.trotec-blog.com\/ro\/wp-json\/wp\/v2\/comments?post=10"}],"version-history":[{"count":13,"href":"https:\/\/www.trotec-blog.com\/ro\/wp-json\/wp\/v2\/pages\/10\/revisions"}],"predecessor-version":[{"id":58,"href":"https:\/\/www.trotec-blog.com\/ro\/wp-json\/wp\/v2\/pages\/10\/revisions\/58"}],"wp:attachment":[{"href":"https:\/\/www.trotec-blog.com\/ro\/wp-json\/wp\/v2\/media?parent=10"}],"curies":[{"name":"wp","href":"https:\/\/api.w.org\/{rel}","templated":true}]}}