{"id":2,"date":"2014-12-05T10:40:12","date_gmt":"2014-12-05T08:40:12","guid":{"rendered":"http:\/\/www.trotec-blog.com\/pt2\/?page_id=2"},"modified":"2024-10-11T14:21:49","modified_gmt":"2024-10-11T12:21:49","slug":"contate-nos","status":"publish","type":"page","link":"https:\/\/www.trotec-blog.com\/pt\/contate-nos\/","title":{"rendered":"Contate-Nos"},"content":{"rendered":"<p>Trotec GmbH<br \/>\nGrebbener Stra\u00dfe 7<br \/>\nD-52525 Heinsberg<\/p>\n<p><strong>Os CEOs:<\/strong><br \/>\nJoachim Ludwig<br \/>\nUlf M\u00f6hring<br \/>\nJoffrey Petit<\/p>\n<p>Telefone: 00800 80 90 80 90<br \/>\nFaxe: +49 2452 962 200<br \/>\nEmail: info@trotec.de<\/p>\n<p>N\u00famero de Identifica\u00e7\u00e3o Fiscal (NIF):<br \/>\nDE 280690324<br \/>\nPT 980645484<\/p>\n<p>TROTEC GmbH, HRB 13453 Tribunal Distrital de Aachen<\/p>\n<p>De quem obtenho mais informa\u00e7\u00f5es?<\/p>\n<p>Estamos felizes em ajud\u00e1-lo e responder suas perguntas. Se voc\u00ea quiser nos escrever, o endere\u00e7o postal \u00e9<\/p>\n<p>Trotec GmbH<br \/>\nDepartamento online<br \/>\nGrebbener Stra\u00dfe 7<br \/>\n52525 Heinsberg<\/p>\n<p>A maneira mais f\u00e1cil \u00e9 ligar para:<\/p>\n<p>Voc\u00ea pode tamb\u00e9m nos enviar um e-mail: online-pt@trotec.com ou um fax para +49 2452 962-200.<\/p>\n","protected":false},"excerpt":{"rendered":"<p>Trotec GmbH Grebbener Stra\u00dfe 7 D-52525 Heinsberg Os CEOs: Joachim Ludwig Ulf M\u00f6hring Joffrey Petit Telefone: 00800 80 90 80 90 Faxe: +49 2452 962 200 Email: info@trotec.de N\u00famero de Identifica\u00e7\u00e3o Fiscal (NIF): DE 280690324 PT 980645484 TROTEC GmbH, HRB 13453 Tribunal Distrital de Aachen De quem obtenho mais informa\u00e7\u00f5es? Estamos felizes em ajud\u00e1-lo e [&hellip;]<\/p>\n","protected":false},"author":26,"featured_media":0,"parent":0,"menu_order":0,"comment_status":"closed","ping_status":"closed","template":"","meta":[],"_links":{"self":[{"href":"https:\/\/www.trotec-blog.com\/pt\/wp-json\/wp\/v2\/pages\/2"}],"collection":[{"href":"https:\/\/www.trotec-blog.com\/pt\/wp-json\/wp\/v2\/pages"}],"about":[{"href":"https:\/\/www.trotec-blog.com\/pt\/wp-json\/wp\/v2\/types\/page"}],"author":[{"embeddable":true,"href":"https:\/\/www.trotec-blog.com\/pt\/wp-json\/wp\/v2\/users\/26"}],"replies":[{"embeddable":true,"href":"https:\/\/www.trotec-blog.com\/pt\/wp-json\/wp\/v2\/comments?post=2"}],"version-history":[{"count":21,"href":"https:\/\/www.trotec-blog.com\/pt\/wp-json\/wp\/v2\/pages\/2\/revisions"}],"predecessor-version":[{"id":5378,"href":"https:\/\/www.trotec-blog.com\/pt\/wp-json\/wp\/v2\/pages\/2\/revisions\/5378"}],"wp:attachment":[{"href":"https:\/\/www.trotec-blog.com\/pt\/wp-json\/wp\/v2\/media?parent=2"}],"curies":[{"name":"wp","href":"https:\/\/api.w.org\/{rel}","templated":true}]}}