{"id":14,"date":"2014-12-05T13:33:51","date_gmt":"2014-12-05T12:33:51","guid":{"rendered":"http:\/\/www.trotec-blog.com\/pt2\/?page_id=14"},"modified":"2021-09-06T12:11:26","modified_gmt":"2021-09-06T10:11:26","slug":"declaracao-de-protecao-de-dados","status":"publish","type":"page","link":"https:\/\/www.trotec-blog.com\/pt\/declaracao-de-protecao-de-dados\/","title":{"rendered":"Declara\u00e7\u00e3o de prote\u00e7\u00e3o de dados"},"content":{"rendered":"<p><b>Proteger as informa\u00e7\u00f5es pessoais de nossos clientes \u00e9 muito importante para n\u00f3s. A seguir, fornecemos informa\u00e7\u00f5es sobre como lidamos com suas informa\u00e7\u00f5es:<\/b><\/p>\n<p>As informa\u00e7\u00f5es pessoais em\u00a0<i>www.trotec-blog.com\u00a0<\/i>s\u00e3o usadas apenas para processar os formul\u00e1rios de contato. A informa\u00e7\u00e3o n\u00e3o \u00e9 transferida a terceiros.<\/p>\n<p><b>Cookies<\/b><\/p>\n<p>O site usa os chamados. Cookies em muitos lugares. Dessa forma, voc\u00ea n\u00e3o precisa inserir todas as informa\u00e7\u00f5es necess\u00e1rias repetidamente. Cookies s\u00e3o arquivos armazenados no disco r\u00edgido de um computador com a finalidade de facilitar a navega\u00e7\u00e3o. A maioria dos cookies que usamos s\u00e3o os chamados \u201cCookies de sess\u00e3o\u201d. Eles desaparecem automaticamente quando voc\u00ea fecha o navegador. Os cookies n\u00e3o prejudicam o seu computador e n\u00e3o cont\u00eam v\u00edrus.<\/p>\n<p><b>Akismet Anti-Spam<\/b><\/p>\n<p>Este site usa\u00a0<a href=\"http:\/\/akismet.com\/\">Akismet-Plugin der\u00a0<\/a>Automattic\u00a0Inc., 60 29th Street # 343, San Francisco, CA 94110-4929, EUA.<\/p>\n<p>Este complemento distingue coment\u00e1rios de pessoas reais de coment\u00e1rios de spam. Todos os dados dos coment\u00e1rios s\u00e3o enviados para um servidor nos Estados Unidos, onde s\u00e3o analisados \u200b\u200be armazenados para compara\u00e7\u00e3o por quatro dias. Se um coment\u00e1rio for identificado como spam, esses dados ser\u00e3o armazenados por um longo tempo.<\/p>\n<p>Essas informa\u00e7\u00f5es cont\u00eam o nome inserido, o endere\u00e7o de e-mail, o endere\u00e7o IP, o conte\u00fado do coment\u00e1rio, as refer\u00eancias, as informa\u00e7\u00f5es do navegador usado e a hora do coment\u00e1rio. Voc\u00ea tamb\u00e9m pode usar um pseud\u00f4nimo.<\/p>\n<p>Voc\u00ea pode impedir completamente a transfer\u00eancia de suas informa\u00e7\u00f5es, se n\u00e3o aproveitar a oportunidade para comentar. Isso seria uma pena, mas infelizmente nenhum outro sistema funciona com tanta efici\u00eancia. Se desejar revogar o uso de seus dados, voc\u00ea pode fazer pelo\u00a0<a href=\"mailto:support@wordpress.com\">support@wordpress.com\u00a0<\/a>, escrever \u201cExclus\u00e3o de dados armazenado pelo Akismet\u201d como um t\u00edtulo<b>.<\/b><\/p>\n<p><b>Prote\u00e7\u00e3o de dados para usar plug-ins do Facebook (bot\u00e3o Curtir)<\/b><\/p>\n<p>Nossas p\u00e1ginas da web usam plug-ins da rede social Facebook, 1601 South California Avenue, Palo Alto, CA 94304, EUA. Voc\u00ea pode reconhecer o add-on do Facebook a partir do logotipo do Facebook ou do bot\u00e3o \u201cCurtir\u201d. O resumo do complemento do Facebook pode ser encontrado aqui:\u00a0<a href=\"https:\/\/developers.facebook.com\/\" class=\"broken_link\">https: \/\/ developers. facebook.com\/<\/a><\/p>\n<p>Quando voc\u00ea visita nosso site, uma conex\u00e3o direta \u00e9 criada entre o seu navegador e o servidor do Facebook atrav\u00e9s do add-on. Assim, o Facebook receber\u00e1 a informa\u00e7\u00e3o de que visitou o nosso site atrav\u00e9s do seu endere\u00e7o IP. Se voc\u00ea clicar no bot\u00e3o \u201ccurtir\u201d quando estiver conectado \u00e0 sua conta do Facebook, poder\u00e1 vincular o conte\u00fado do nosso site ao seu perfil do Facebook. Desta forma, o Facebook pode vincular sua visita \u00e0 nossa p\u00e1gina \u00e0 sua conta de usu\u00e1rio. Gostar\u00edamos de ressaltar que n\u00e3o temos oportunidades ou direito de receber informa\u00e7\u00f5es de usu\u00e1rios do Facebook. Voc\u00ea pode ler mais informa\u00e7\u00f5es sobre a prote\u00e7\u00e3o de dados do Facebook.\u00a0Se voc\u00ea n\u00e3o deseja que o Facebook rastreie sua visita ao nosso site, saia da sua conta do Facebook.<\/p>\n<p><b><i>Fonte:\u00a0<\/i><\/b><i><\/i><a href=\"http:\/\/www.e-recht24.de\/artikel\/datenschutz\/\"><i>Aviso de isen\u00e7\u00e3o de responsabilidade do Facebook por eRecht24.de<\/i><\/a><\/p>\n<p>Se voc\u00ea deseja interromper o rastreamento da web nesta p\u00e1gina, pode impedir o processamento de dados configurando o que \u00e9 conhecido como Cookies de cancelamento.<\/p>\n<p>Voc\u00ea pode ler mais informa\u00e7\u00f5es aqui:\u00a0<a href=\"https:\/\/www.trotec24.pt\/info\/\" class=\"broken_link\"> Declara\u00e7\u00e3o de Prote\u00e7\u00e3o de Dados Trotec\u00a0<\/a>.<\/p>\n","protected":false},"excerpt":{"rendered":"<p>Proteger as informa\u00e7\u00f5es pessoais de nossos clientes \u00e9 muito importante para n\u00f3s. A seguir, fornecemos informa\u00e7\u00f5es sobre como lidamos com suas informa\u00e7\u00f5es: As informa\u00e7\u00f5es pessoais em\u00a0www.trotec-blog.com\u00a0s\u00e3o usadas apenas para processar os formul\u00e1rios de contato. A informa\u00e7\u00e3o n\u00e3o \u00e9 transferida a terceiros. Cookies O site usa os chamados. Cookies em muitos lugares. Dessa forma, voc\u00ea n\u00e3o [&hellip;]<\/p>\n","protected":false},"author":26,"featured_media":0,"parent":0,"menu_order":0,"comment_status":"closed","ping_status":"closed","template":"","meta":[],"_links":{"self":[{"href":"https:\/\/www.trotec-blog.com\/pt\/wp-json\/wp\/v2\/pages\/14"}],"collection":[{"href":"https:\/\/www.trotec-blog.com\/pt\/wp-json\/wp\/v2\/pages"}],"about":[{"href":"https:\/\/www.trotec-blog.com\/pt\/wp-json\/wp\/v2\/types\/page"}],"author":[{"embeddable":true,"href":"https:\/\/www.trotec-blog.com\/pt\/wp-json\/wp\/v2\/users\/26"}],"replies":[{"embeddable":true,"href":"https:\/\/www.trotec-blog.com\/pt\/wp-json\/wp\/v2\/comments?post=14"}],"version-history":[{"count":12,"href":"https:\/\/www.trotec-blog.com\/pt\/wp-json\/wp\/v2\/pages\/14\/revisions"}],"predecessor-version":[{"id":3291,"href":"https:\/\/www.trotec-blog.com\/pt\/wp-json\/wp\/v2\/pages\/14\/revisions\/3291"}],"wp:attachment":[{"href":"https:\/\/www.trotec-blog.com\/pt\/wp-json\/wp\/v2\/media?parent=14"}],"curies":[{"name":"wp","href":"https:\/\/api.w.org\/{rel}","templated":true}]}}