{"id":980,"date":"2011-07-08T12:18:34","date_gmt":"2011-07-08T10:18:34","guid":{"rendered":"https:\/\/www.trotec-blog.com\/pl\/?page_id=980"},"modified":"2014-08-26T11:29:09","modified_gmt":"2014-08-26T09:29:09","slug":"ochrona-danych","status":"publish","type":"page","link":"https:\/\/www.trotec-blog.com\/pl\/ochrona-danych\/","title":{"rendered":"Ochrona danych"},"content":{"rendered":"<p><strong>Zapewnienie ochrony Pa\u0144stwa danych osobowych jest dla nas bardzo wa\u017cne. Poni\u017csze o\u015bwiadczenie ma Pa\u0144stwu przybli\u017cy\u0107, na czym ta ochrona polega.<\/strong><\/p>\n<p>Dane osobowe na www.trotec-blog.com pobierane b\u0119d\u0105 jedynie poprzez ich wpisanie w formularzu kontaktowym. Dane nie s\u0105 przekazywane dalej osobom trzecim.<\/p>\n<p><strong>Cookies<\/strong><br \/>\nStrona internetowa pos\u0142uguje sie w wielu miejscach tzw. cookies. Dzi\u0119ki nim poruszanie po ofercie staje si\u0119 prostsze, efektywniejsze i zapewnia bezpiecze\u0144stwo. Cookies to niewielkie pliki tekstowe zapami\u0119tywane przez wyszukiwark\u0119 oraz zapisywane na komputerze, z kt\u00f3rego Pa\u0144stwo korzystacie. Wi\u0119kszo\u015b\u0107 stosowanych przez nas cookies to tzw. \u00bbcookies sesji\u00ab. Zostaj\u0105 one automatycznie wykasowywane po opuszczeniu strony. Cookies nie powoduj\u0105 na komputerze \u017cadnych szk\u00f3d i nie zawieraj\u0105 wirus\u00f3w.<\/p>\n<p><strong>Antyspam Akismet<\/strong><br \/>\nNiniejsza strona korzysta z wtyczki <a title=\"Askimet\" href=\"http:\/\/akismet.com\/\">Akismet<\/a> dostarczanej przez <a title=\"Automatic Inc.\" href=\"http:\/\/automattic.com\/\">Automattic Inc.<\/a>, 60 29th Street #343, San Francisco, CA 94110-4929, USA.<\/p>\n<p>Wtyczka ta pozwala na odr\u00f3\u017cnienie komentarzy rzeczywistych od spamu. W tym celu dane komentarza przesy\u0142ane s\u0105 na serwer w USA, gdzie poddawane s\u0105 analizie i zapisywane na okres czterech dni w celach por\u00f3wnawczych. Je\u015bli komentarz zosta\u0142 zakwalifikowany jako spam, dane te b\u0119d\u0105 przechowywane d\u0142u\u017cej.<\/p>\n<p>Do danych tych zaliczaj\u0105 si\u0119 podane imi\u0119 i nazwisko, adres e-mailowy, adres IP, tre\u015b\u0107 komentarza, referrer, nazwa stosowanej wyszukiwarki i systemu komputerowego oraz godzina wpisu. Mo\u017cecie Pa\u0144stwo tak\u017ce u\u017cywa\u0107 pseudonimu.<\/p>\n<p>Przekazywania danych mo\u017cecie Pa\u0144stwo ca\u0142kowicie pomin\u0105\u0107, wtedy jednak nie b\u0119dzie\u00a0 mo\u017cna korzysta\u0107 z naszego systemu komentarzy. Wynika to z tego, i\u017c nie widzimy \u017cadnej alternatywy, kt\u00f3ra by\u0142aby w r\u00f3wnym stopniu skuteczna. Mo\u017cecie Pa\u0144stwo sprzeciwi\u0107 si\u0119 wykorzystywaniu swoich danych w przysz\u0142o\u015bci, wybieraj\u0105c <a href=\"mailto:support@wordpress.com\">suport@wordpress.com<\/a>, w temacie wpisuj\u0105c \u201cDeletion of Data stored by Akismet\u201d i nast\u0119pnie wskazuj\u0105c\/opisuj\u0105c zapisane dane.<\/p>\n<p><strong>Ochrona danych a korzystanie z wtyczek do Facebooka<\/strong><\/p>\n<p>Na naszych stronach internetowych korzystamy z wtyczek spo\u0142eczno\u015bciowych (\u201ewtyczek\u201d) sieci spo\u0142eczno\u015bciowej Facebook.com, kt\u00f3rej operatorem jest Facebook Inc., 1601 S. California Avenue. Palo Alto, CA 94304, USA (\u201eFacebook\u201c). Wtyczki te s\u0105 rozpoznawalne po logo Facebooka, jest to albo bia\u0142a litera \u201eF\u201d na niebieskim polu albo symbol \u201ekciuk w g\u00f3r\u0119\u201d, dodatkowo oznaczone opisem \u201eWtyczka spo\u0142eczno\u015bciowa facebooka\u201d. Wi\u0119cej informacji na temat wtyczek do Facebooka znajdziesz tutaj: <a href=\"https:\/\/developers.facebook.com\/docs\/plugins\/\" class=\"broken_link\">https:\/\/developers.facebook.com\/docs\/plugins\/<\/a><\/p>\n<p>Kiedy wywo\u0142asz jedn\u0105 ze stron internetowych naszego portalu posiadaj\u0105c\u0105 tak\u0105 wtyczk\u0119, przez Twoj\u0105 przegl\u0105dark\u0119 zostanie nawi\u0105zane po\u0142\u0105czenie z serwerami, a wtyczka zostanie pokazana na stronie internetowej poprzez komunikat przes\u0142any do Twojej przegl\u0105darki. Zawarto\u015b\u0107 wtyczki zostanie przekazana przez Facebook bezpo\u015brednio do Twojej przegl\u0105darki, a przez przegl\u0105dark\u0119 zintegrowana ze stron\u0105 internetow\u0105. My sami nie mamy \u017cadnego wp\u0142ywu na zakres lub tre\u015b\u0107 danych, jakie zostan\u0105 pozyskane przez Facebook za po\u015brednictwem tej wtyczki, dlatego te\u017c mo\u017cemy jedynie przekaza\u0107 Ci to, co nam jest obecnie wiadomo na ten temat: Poprzez zintegrowanie wtyczki Facebook zostanie najpierw poinformowany o tym, \u017ce wywo\u0142a\u0142e\u015b odpowiedni\u0105 stron\u0119 naszego portalu internetowego. Je\u017celi przy tym jeste\u015b zalogowany\/a jako u\u017cytkownik Facebooka, to Facebook przyporz\u0105dkuje te informacje do Twojego osobistego konta u\u017cytkownika. Je\u015bli skorzystasz z funkcji wtyczki poprzez klikni\u0119cie w przycisk \u201elubi\u0119 to\u201d lub poprzez dodanie komentarza, w\u00f3wczas odpowiednie informacje zostan\u0105 przekazane przez Twoj\u0105 przegl\u0105dark\u0119 bezpo\u015brednio do Facebooka i tam zapisane. Mo\u017cesz temu zapobiec, wylogowuj\u0105c si\u0119 z Facebooka przed skorzystaniem z wtyczki. Nawet je\u015bli nie jeste\u015b u\u017cytkownikiem Facebooka, istnieje mo\u017cliwo\u015b\u0107, \u017ce Facebook wejdzie w posiadanie Twojego adresu IP i zapisze go. Wi\u0119cej informacji na ten temat w o\u015bwiadczeniiu Facebooka o ochronie danych na stronie <a href=\"https:\/\/pl-pl.facebook.com\/about\/privacy\/\" class=\"broken_link\">https:\/\/pl-pl.facebook.com\/about\/privacy\/<\/a><\/p>\n<p>Je\u017celi nie chcesz, aby Facebook zbiera\u0142 dane o Tobie za po\u015brednictwem naszego portalu i kojarzy\u0142 z Tob\u0105 zapisane na Facebooku dane u\u017cytkownika, to przed wizyt\u0105 na naszym portalu musisz wylogowa\u0107 sie z Facebooka.<\/p>\n<p>Wi\u0119cej informacji na ten temat znajdziesz w <a href=\"https:\/\/www.trotec24.com\/pl-pl\/info\/privacy.html\" class=\"broken_link\">o\u015bwiadczeniu o ochronie danych Grupy Trotec.<\/a><\/p>\n","protected":false},"excerpt":{"rendered":"<p>Zapewnienie ochrony Pa\u0144stwa danych osobowych jest dla nas bardzo wa\u017cne. Poni\u017csze o\u015bwiadczenie ma Pa\u0144stwu przybli\u017cy\u0107, na czym ta ochrona polega. Dane osobowe na www.trotec-blog.com pobierane b\u0119d\u0105 jedynie poprzez ich wpisanie w formularzu kontaktowym. Dane nie s\u0105 przekazywane dalej osobom trzecim. Cookies Strona internetowa pos\u0142uguje sie w wielu miejscach tzw. cookies. Dzi\u0119ki nim poruszanie po ofercie [&hellip;]<\/p>\n","protected":false},"author":75,"featured_media":0,"parent":0,"menu_order":0,"comment_status":"closed","ping_status":"closed","template":"","meta":[],"_links":{"self":[{"href":"https:\/\/www.trotec-blog.com\/pl\/wp-json\/wp\/v2\/pages\/980"}],"collection":[{"href":"https:\/\/www.trotec-blog.com\/pl\/wp-json\/wp\/v2\/pages"}],"about":[{"href":"https:\/\/www.trotec-blog.com\/pl\/wp-json\/wp\/v2\/types\/page"}],"author":[{"embeddable":true,"href":"https:\/\/www.trotec-blog.com\/pl\/wp-json\/wp\/v2\/users\/75"}],"replies":[{"embeddable":true,"href":"https:\/\/www.trotec-blog.com\/pl\/wp-json\/wp\/v2\/comments?post=980"}],"version-history":[{"count":13,"href":"https:\/\/www.trotec-blog.com\/pl\/wp-json\/wp\/v2\/pages\/980\/revisions"}],"predecessor-version":[{"id":1928,"href":"https:\/\/www.trotec-blog.com\/pl\/wp-json\/wp\/v2\/pages\/980\/revisions\/1928"}],"wp:attachment":[{"href":"https:\/\/www.trotec-blog.com\/pl\/wp-json\/wp\/v2\/media?parent=980"}],"curies":[{"name":"wp","href":"https:\/\/api.w.org\/{rel}","templated":true}]}}