{"id":2,"date":"2009-11-23T10:41:18","date_gmt":"2009-11-23T08:41:18","guid":{"rendered":"https:\/\/www.trotec-blog.com\/pl\/impressum\/"},"modified":"2024-10-11T14:16:42","modified_gmt":"2024-10-11T12:16:42","slug":"impressum","status":"publish","type":"page","link":"https:\/\/www.trotec-blog.com\/pl\/impressum\/","title":{"rendered":"Dane firmy"},"content":{"rendered":"<div>\n<p>Trotec GmbH<br \/>\nGrebbener Stra\u00dfe 7<br \/>\nD-52525 Heinsberg<\/p>\n<p><strong>Dyrektorzy zarz\u0105dzaj\u0105cy:<\/strong><br \/>\nJoachim Ludwig<br \/>\nUlf M\u00f6hring<br \/>\nJoffrey Petit<\/p>\n<p>Telefon: 00800 80 90 80 90<br \/>\nFaks: +49 2452 962 200<br \/>\nE-Mail: info@trotec.de<\/p>\n<p><strong>NIP: DE280690324<\/strong><\/p>\n<p>Amtsgericht Aachen &#8211; HRB 13453<\/p>\n<p>&nbsp;<\/p>\n<\/div>\n<p><strong>Z kim mog\u0119 si\u0119 skontaktowa\u0107, je\u015bli mam pytania? <\/strong><\/p>\n<p>Nasi konsultanci ch\u0119tnie odpowiedz\u0105 na Pa\u0144stwa pisemne pytania. Adres kontaktowy:<\/p>\n<p>Trotec GmbH<br \/>\nOddzia\u0142 Online<br \/>\nGrebbener Stra\u00dfe 7<br \/>\n52525 Heinsberg<\/p>\n<p><strong>Najpro\u015bciej b\u0119dzie oczywi\u015bcie poinformowa\u0107 si\u0119 telefonicznie:<\/strong><\/p>\n<p>Pod tym numerem telefonu ch\u0119tnie odpowiemy na wszystkie Pa\u0144stwa pytania:<br \/>\nTel.: 00800 80 90 80 90<br \/>\nNo i oczywi\u015bcie przez ca\u0142\u0105 dob\u0119 mo\u017cna do nas dotrze\u0107 za po\u015brednictwem poczty e-mail: info@trotec.de. Lub wys\u0142a\u0107 do nas Telefax na ten oto numer: +49 \/ 2452 \/ 962-92 450.<\/p>\n","protected":false},"excerpt":{"rendered":"<p>Trotec GmbH Grebbener Stra\u00dfe 7 D-52525 Heinsberg Dyrektorzy zarz\u0105dzaj\u0105cy: Joachim Ludwig Ulf M\u00f6hring Joffrey Petit Telefon: 00800 80 90 80 90 Faks: +49 2452 962 200 E-Mail: info@trotec.de NIP: DE280690324 Amtsgericht Aachen &#8211; HRB 13453 &nbsp; Z kim mog\u0119 si\u0119 skontaktowa\u0107, je\u015bli mam pytania? Nasi konsultanci ch\u0119tnie odpowiedz\u0105 na Pa\u0144stwa pisemne pytania. Adres kontaktowy: Trotec [&hellip;]<\/p>\n","protected":false},"author":75,"featured_media":0,"parent":0,"menu_order":0,"comment_status":"closed","ping_status":"closed","template":"","meta":[],"_links":{"self":[{"href":"https:\/\/www.trotec-blog.com\/pl\/wp-json\/wp\/v2\/pages\/2"}],"collection":[{"href":"https:\/\/www.trotec-blog.com\/pl\/wp-json\/wp\/v2\/pages"}],"about":[{"href":"https:\/\/www.trotec-blog.com\/pl\/wp-json\/wp\/v2\/types\/page"}],"author":[{"embeddable":true,"href":"https:\/\/www.trotec-blog.com\/pl\/wp-json\/wp\/v2\/users\/75"}],"replies":[{"embeddable":true,"href":"https:\/\/www.trotec-blog.com\/pl\/wp-json\/wp\/v2\/comments?post=2"}],"version-history":[{"count":20,"href":"https:\/\/www.trotec-blog.com\/pl\/wp-json\/wp\/v2\/pages\/2\/revisions"}],"predecessor-version":[{"id":11721,"href":"https:\/\/www.trotec-blog.com\/pl\/wp-json\/wp\/v2\/pages\/2\/revisions\/11721"}],"wp:attachment":[{"href":"https:\/\/www.trotec-blog.com\/pl\/wp-json\/wp\/v2\/media?parent=2"}],"curies":[{"name":"wp","href":"https:\/\/api.w.org\/{rel}","templated":true}]}}