{"id":725,"date":"2015-02-05T17:39:04","date_gmt":"2015-02-05T15:39:04","guid":{"rendered":"https:\/\/www.trotec-blog.com\/it\/?page_id=725"},"modified":"2015-02-05T17:39:42","modified_gmt":"2015-02-05T15:39:42","slug":"deumidificatori-residenziali-serie-ttk-e-s","status":"publish","type":"page","link":"https:\/\/www.trotec-blog.com\/it\/deumidificazione\/deumidificatori-residenziali-serie-ttk-e-s\/","title":{"rendered":"Deumidificatori residenziali Serie TTK-E-S"},"content":{"rendered":"<p><a title=\"Deumidificatori residentiali TTK-E-S\" href=\"https:\/\/www.trotec24.it\/macchinari\/deumidificazione\/deumidificatori-residenziali-serie-ttk-e-s\" target=\"_blank\" class=\"broken_link\"><img loading=\"lazy\" class=\"alignnone wp-image-726 size-full\" src=\"https:\/\/www.trotec-blog.com\/it\/files\/2015\/02\/Visual-TTK70S.jpg\" alt=\"Deumidificatori residenziali serie TTK-E-S\" width=\"568\" height=\"290\" srcset=\"https:\/\/www.trotec-blog.com\/it\/files\/2015\/02\/Visual-TTK70S.jpg 568w, https:\/\/www.trotec-blog.com\/it\/files\/2015\/02\/Visual-TTK70S-300x153.jpg 300w\" sizes=\"(max-width: 568px) 100vw, 568px\" \/><\/a><\/p>\n<p>L\u2019umidit\u00e0 \u00e8 un problema piuttosto ricorrente e difficile da eliminare in tempi brevi. Se non ne potete pi\u00f9 di macchie nere sui muri, sul telaio di porte e finestre, sulle fughe delle mattonelle in bagno in prossimit\u00e0 della doccia o della vasca da bagno o se avete costantemente i vetri appannati a causa della condensa, vi raccomandiamo vivamente l&#8217;impiego di un deumidificatore.<\/p>\n<p><strong>Buone abitudini<\/strong><\/p>\n<p>Limitare la formazione di umidit\u00e0 \u00e8 possibile facendo attenzione a pochi gesti quotidiani: in primo luogo \u00e8 importante arieggiare l&#8217;ambiente aprendo le finestre a intervalli regolari per far circolare l&#8217;aria, soprattutto dopo aver fatto una doccia, un bagno caldo o dopo aver cucinato. Tuttavia, le buone abitudini a volte non bastano.<\/p>\n<p><strong>Il deumidificatore migliore<br \/>\n<\/strong><\/p>\n<p>Non c&#8217;\u00e9 dubbio che un deumidificatore faccia o meno il suo dovere: la vaschetta piena d&#8217;acqua di condensa sar\u00e0 la risposta. Per non dover svuotare la vaschetta manualmente tutti i giorni, potete scegliere un deumidificatore elettrico. TROTEC vi offre una <a title=\"Deumidificatori residentiali TTK-E-S\" href=\"https:\/\/www.trotec24.it\/macchinari\/deumidificazione\/deumidificatori-residenziali-serie-ttk-e-s\" target=\"_blank\" class=\"broken_link\">vasta gamma di modelli<\/a> diversi, ciascuno adatto a determinate esigenze di deumidificazione. Dal funzionamento piacevolmente silenzioso e una manutenzione minima, questi deumidificatori sono ideali per ogni ambiente domestico, offrono ottime prestazioni di deumidificazione e un&#8217;elevata efficacia, grazie al ventilatore integrato che permette una deumidificazione omogenea in tutto l&#8217;ambiente interessato.<\/p>\n<p><strong>Il valore di umidit\u00e0 ideale<\/strong><\/p>\n<p>\u00c8 innanzitutto importante sapere che il tasso di umidit\u00e0 ottimale differisce a seconda della tipologia dell&#8217;ambiente. In un ambiente domestico \u00e8 consigliabile avere un tasso di umidit\u00e0 che si aggira intorno al 50-55% con una temperatura ideale sui 19-24\u00b0C, mentre in una biblioteca l&#8217;umidit\u00e0 ideale sar\u00e0 del 40-50% con una temperatura di 22 \u00b0C, cos\u00ec come in una galleria d&#8217;arte dovrebbe aggirarsi intorno al 45-55% con 20\u00b0C.<br \/>\nImportante : \u00e8 indispensabile determinare la causa dell&#8217;umidit\u00e0. In seguito, la scelta di un deumidificatore dipende da diversi criteri come la grandezza in volume e la temperatura presenti nell&#8217;ambiente. Non esitate a contattarci per avere un consiglio sul modello che fa pi\u00f9 al caso vostro.<\/p>\n<p><strong>Dettaglio:<\/strong> per verificare la percentuale di umidit\u00e0 presente nell&#8217;ambiente potrete optare per un accessorio veramente utile: un <a title=\"Termoigrometro per ambienti interni\" href=\"https:\/\/www.trotec24.it\/misuratori\/umidita\/umidita-atmosferica\/termoigrometro-per-interni-bz05.html\" target=\"_blank\" class=\"broken_link\">termoigrometro fisso per ambienti interni<\/a> o un <a title=\"Termoigrometri portatili\" href=\"https:\/\/www.trotec24.it\/misuratori\/umidita\/umidita-atmosferica\" target=\"_blank\" class=\"broken_link\">termoigrometro portatile sia per interni che per esterni<\/a>. In questo modo avrete l&#8217;umidit\u00e0 sempre sotto controllo.<\/p>\n<p><strong>Contattaci per telefono o per email:<\/strong><\/p>\n<p>Tel. 045 6201668<br \/>\nE-mail online-it@trotec.com<\/p>\n<p><a title=\"Deumidificatori residentiali TTK-E-S\" href=\"https:\/\/www.trotec24.it\/macchinari\/deumidificazione\/deumidificatori-residenziali-serie-ttk-e-s\" target=\"_blank\" class=\"broken_link\"><strong>Per vedere tutti i nostri modelle e scoprire le promozioni del momento sui nostri deumidificatori visitate il nostro shop online.<\/strong><\/a><\/p>\n","protected":false},"excerpt":{"rendered":"<p>L\u2019umidit\u00e0 \u00e8 un problema piuttosto ricorrente e difficile da eliminare in tempi brevi. Se non ne potete pi\u00f9 di macchie nere sui muri, sul telaio di porte e finestre, sulle fughe delle mattonelle in bagno in prossimit\u00e0 della doccia o della vasca da bagno o se avete costantemente i vetri appannati a causa della condensa, [&hellip;]<\/p>\n","protected":false},"author":79,"featured_media":0,"parent":690,"menu_order":0,"comment_status":"open","ping_status":"open","template":"","meta":[],"_links":{"self":[{"href":"https:\/\/www.trotec-blog.com\/it\/wp-json\/wp\/v2\/pages\/725"}],"collection":[{"href":"https:\/\/www.trotec-blog.com\/it\/wp-json\/wp\/v2\/pages"}],"about":[{"href":"https:\/\/www.trotec-blog.com\/it\/wp-json\/wp\/v2\/types\/page"}],"author":[{"embeddable":true,"href":"https:\/\/www.trotec-blog.com\/it\/wp-json\/wp\/v2\/users\/79"}],"replies":[{"embeddable":true,"href":"https:\/\/www.trotec-blog.com\/it\/wp-json\/wp\/v2\/comments?post=725"}],"version-history":[{"count":7,"href":"https:\/\/www.trotec-blog.com\/it\/wp-json\/wp\/v2\/pages\/725\/revisions"}],"predecessor-version":[{"id":733,"href":"https:\/\/www.trotec-blog.com\/it\/wp-json\/wp\/v2\/pages\/725\/revisions\/733"}],"up":[{"embeddable":true,"href":"https:\/\/www.trotec-blog.com\/it\/wp-json\/wp\/v2\/pages\/690"}],"wp:attachment":[{"href":"https:\/\/www.trotec-blog.com\/it\/wp-json\/wp\/v2\/media?parent=725"}],"curies":[{"name":"wp","href":"https:\/\/api.w.org\/{rel}","templated":true}]}}