{"id":2,"date":"2014-09-12T07:09:46","date_gmt":"2014-09-12T07:09:46","guid":{"rendered":"https:\/\/www.trotec-blog.com\/it\/?page_id=2"},"modified":"2024-10-11T14:20:55","modified_gmt":"2024-10-11T12:20:55","slug":"impressum","status":"publish","type":"page","link":"https:\/\/www.trotec-blog.com\/it\/impressum\/","title":{"rendered":"Impressum"},"content":{"rendered":"<div id=\"imprint_de\">\n<p>Trotec GmbH<br \/>\nGrebbener Stra\u00dfe 7<br \/>\nD-52525 Heinsberg<\/p>\n<p><strong>Direttore esecutivo:<\/strong><br \/>\nJoachim Ludwig<br \/>\nUlf M\u00f6hring<br \/>\nJoffrey Petit<\/p>\n<p><strong>T\u00e9l. :<\/strong> +49 (0) 2452-962-400<br \/>\n<strong>Fax :<\/strong> +49 (0) 2452-962-200<br \/>\n<strong>E-mail<\/strong> : info@trotec.de<\/p>\n<p><strong>P.Iva \/ C.F. DE280690324<\/strong><\/p>\n<p>Amtsgericht Aachen \u2013 HRB 13453<\/p>\n<p><strong>A chi posso rivolgere le mie domande?<\/strong><\/p>\n<\/div>\n<p>I nostri consulenti sono a vostra disposizione. Potete scriverci ed inviare la richiesta per posta a:<\/p>\n<p>Trotec GmbH<br \/>\nAbteilung Online<br \/>\nGrebbener Stra\u00dfe 7<br \/>\n52525 Heinsberg<\/p>\n<p><strong>La via pi\u00f9 veloce \u00e8 sicuramente fare una telefonata:<\/strong><\/p>\n<p>Naturalmente potete raggiungerci anche 24h\/h tramite email: online-it@trotec.com. Alternativa \u00e8 inviare un fax al numero: +49 2452 962 200.<\/p>\n","protected":false},"excerpt":{"rendered":"<p>Trotec GmbH Grebbener Stra\u00dfe 7 D-52525 Heinsberg Direttore esecutivo: Joachim Ludwig Ulf M\u00f6hring Joffrey Petit T\u00e9l. : +49 (0) 2452-962-400 Fax : +49 (0) 2452-962-200 E-mail : info@trotec.de P.Iva \/ C.F. DE280690324 Amtsgericht Aachen \u2013 HRB 13453 A chi posso rivolgere le mie domande? I nostri consulenti sono a vostra disposizione. Potete scriverci ed inviare [&hellip;]<\/p>\n","protected":false},"author":26,"featured_media":0,"parent":0,"menu_order":0,"comment_status":"closed","ping_status":"closed","template":"","meta":[],"_links":{"self":[{"href":"https:\/\/www.trotec-blog.com\/it\/wp-json\/wp\/v2\/pages\/2"}],"collection":[{"href":"https:\/\/www.trotec-blog.com\/it\/wp-json\/wp\/v2\/pages"}],"about":[{"href":"https:\/\/www.trotec-blog.com\/it\/wp-json\/wp\/v2\/types\/page"}],"author":[{"embeddable":true,"href":"https:\/\/www.trotec-blog.com\/it\/wp-json\/wp\/v2\/users\/26"}],"replies":[{"embeddable":true,"href":"https:\/\/www.trotec-blog.com\/it\/wp-json\/wp\/v2\/comments?post=2"}],"version-history":[{"count":16,"href":"https:\/\/www.trotec-blog.com\/it\/wp-json\/wp\/v2\/pages\/2\/revisions"}],"predecessor-version":[{"id":10650,"href":"https:\/\/www.trotec-blog.com\/it\/wp-json\/wp\/v2\/pages\/2\/revisions\/10650"}],"wp:attachment":[{"href":"https:\/\/www.trotec-blog.com\/it\/wp-json\/wp\/v2\/media?parent=2"}],"curies":[{"name":"wp","href":"https:\/\/api.w.org\/{rel}","templated":true}]}}