{"id":15,"date":"2014-09-12T16:56:11","date_gmt":"2014-09-12T14:56:11","guid":{"rendered":"https:\/\/www.trotec-blog.com\/it\/?page_id=15"},"modified":"2022-01-04T12:36:02","modified_gmt":"2022-01-04T11:36:02","slug":"il-nostro-blog","status":"publish","type":"page","link":"https:\/\/www.trotec-blog.com\/it\/il-nostro-blog\/","title":{"rendered":"Il nostro Blog"},"content":{"rendered":"<p><img loading=\"lazy\" class=\"alignnone size-full wp-image-6268\" src=\"https:\/\/www.trotec-blog.com\/wp-content\/uploads\/2010\/11\/about.jpg\" alt=\"\u00dcber den Blog der Trotec Group\" width=\"700\" height=\"180\" \/><\/p>\n<p><strong>Su queste pagine troverete regolarmente tutte le informazioni pi\u00f9 recenti sul Gruppo Trotec. Offriamo prodotti, servizi, soluzioni di noleggio e opportunit\u00e0 di formazione &#8211; una manciata di professionalit\u00e0 a 360\u00b0.\u00a0<\/strong><\/p>\n<p>Atraverso i nostri inserti abbiamo il piacere di mostrarvi quello che facciamo qui alla Trotec e come raggiungiamo soltanto i migliori risultati con i nostri prodotti. Sia per professionisti dell&#8217;idustria e dell&#8217;edilizia che per clienti privati, i nostri macchinari e strumenti di misurazione sono stati appositamente concepiti per poter facilitare il lavoro e la messa in pratica nella vita di tutti i giorni&#8230;e vi spiegheremo anche come! Ci occuperemo anche di descrivere molte situazioni della vita quotidiana, in cui i nostri prodotti si riveleranno ottimali nella risoluzione dei problemi di tutti i giorni. Ed ecco qui che entrano in campo i nostri collaboratori del settore Marketing, PR e Service Center, pronti ad intervenire sui temi pi\u00f9 disparati, informandovi degli eventi di maggiore attualit\u00e0, nonch\u00e9 quotidiani, della nostra azienda.<\/p>\n<p>L&#8217;obiettivo che si ripropone questo Blog \u00e8 quello di fornire ai nostri clienti delle informazioni preziose su diversi campi. Sicuramente non \u00e8 possibile prevedere a priori le svolte che prender\u00e0 questo Blog nel tempo, ma di una cosa siamo certi:\u00a0 <strong>Siamo qui per voi, diamo il meglio per voi.<\/strong><\/p>\n<ul class=\"authorlist\">\n<li class=\"head\">Ecco la nostra redazione:<\/li>\n<li><img src=\"https:\/\/www.trotec-blog.com\/it\/wp-content\/themes\/trotec2014\/images\/avatars\/6c49f02830876cce73929ca62c8f6b4f.gif\" alt=\"\" \/>Federica Fulco,<br \/>\nCommercio Online<\/li>\n<li><img src=\"https:\/\/www.trotec-blog.com\/it\/wp-content\/themes\/trotec2014\/images\/avatars\/ec8bce4bd35973738efd11474c801aa8.gif\" alt=\"\" \/>Ilenia Ventura,<br \/>\nOnline Marketing<\/li>\n<li><img src=\"https:\/\/www.trotec-blog.com\/wp-content\/themes\/trotec2011\/images\/avatars\/042c6658653a36402044f8fac78ba60e.gif\" alt=\"\" \/> Hilal Bayram,<br \/>\nOnline Marketing<\/li>\n<li><img src=\"https:\/\/www.trotec-blog.com\/wp-content\/themes\/trotec2011\/images\/avatars\/7e1e5bc053b4f334cc6a9e6cecf795b0.gif\" alt=\"\" \/> Pascal Bekker,<br \/>\nTrotec | TKL Olanda<\/li>\n<li><img src=\"https:\/\/www.trotec-blog.com\/wp-content\/themes\/trotec2011\/images\/avatars\/bcca9e8fcf46fabe25e08cb695fff83f.gif\" alt=\"\" \/> Cecilia Jacqueline,<br \/>\nOnline Marketing<\/li>\n<li><img src=\"https:\/\/www.trotec-blog.com\/wp-content\/themes\/trotec2011\/images\/avatars\/de90f459ebaf5513affdd9cc2079a3ae.gif\" alt=\"\" \/> Anton Seibert,<br \/>\nExterner Mitarbeiter Online Marketing<\/li>\n<li><img src=\"https:\/\/www.trotec-blog.com\/wp-content\/themes\/trotec2011\/images\/avatars\/017ea7f311894963ea6b2f61870f20f1.gif\" alt=\"\" \/> Annika Suojoki-Kl\u00f6tzig,<br \/>\nOnline Marketing<\/li>\n<li><img src=\"https:\/\/www.trotec-blog.com\/wp-content\/themes\/trotec2011\/images\/avatars\/2449d758bdb3bd775649df39a5ea349e.gif\" alt=\"\" \/> Jochem Weingartz,<br \/>\nTrotec Akademie<\/li>\n<\/ul>\n<div class=\"clear\"><\/div>\n","protected":false},"excerpt":{"rendered":"<p>Su queste pagine troverete regolarmente tutte le informazioni pi\u00f9 recenti sul Gruppo Trotec. Offriamo prodotti, servizi, soluzioni di noleggio e opportunit\u00e0 di formazione &#8211; una manciata di professionalit\u00e0 a 360\u00b0.\u00a0 Atraverso i nostri inserti abbiamo il piacere di mostrarvi quello che facciamo qui alla Trotec e come raggiungiamo soltanto i migliori risultati con i nostri [&hellip;]<\/p>\n","protected":false},"author":26,"featured_media":0,"parent":0,"menu_order":0,"comment_status":"closed","ping_status":"closed","template":"","meta":[],"_links":{"self":[{"href":"https:\/\/www.trotec-blog.com\/it\/wp-json\/wp\/v2\/pages\/15"}],"collection":[{"href":"https:\/\/www.trotec-blog.com\/it\/wp-json\/wp\/v2\/pages"}],"about":[{"href":"https:\/\/www.trotec-blog.com\/it\/wp-json\/wp\/v2\/types\/page"}],"author":[{"embeddable":true,"href":"https:\/\/www.trotec-blog.com\/it\/wp-json\/wp\/v2\/users\/26"}],"replies":[{"embeddable":true,"href":"https:\/\/www.trotec-blog.com\/it\/wp-json\/wp\/v2\/comments?post=15"}],"version-history":[{"count":15,"href":"https:\/\/www.trotec-blog.com\/it\/wp-json\/wp\/v2\/pages\/15\/revisions"}],"predecessor-version":[{"id":8458,"href":"https:\/\/www.trotec-blog.com\/it\/wp-json\/wp\/v2\/pages\/15\/revisions\/8458"}],"wp:attachment":[{"href":"https:\/\/www.trotec-blog.com\/it\/wp-json\/wp\/v2\/media?parent=15"}],"curies":[{"name":"wp","href":"https:\/\/api.w.org\/{rel}","templated":true}]}}