{"id":11,"date":"2014-09-12T16:51:33","date_gmt":"2014-09-12T14:51:33","guid":{"rendered":"https:\/\/www.trotec-blog.com\/it\/?page_id=11"},"modified":"2014-09-17T11:43:08","modified_gmt":"2014-09-17T09:43:08","slug":"dichiarazione-sulla-protezione-dei-dati","status":"publish","type":"page","link":"https:\/\/www.trotec-blog.com\/it\/dichiarazione-sulla-protezione-dei-dati\/","title":{"rendered":"Dichiarazione sulla protezione dei dati"},"content":{"rendered":"<p><strong>La protezione dei vostri dati personali \u00e8 di particolare importanza per noi. La dichiarazione seguente vi fornisce una panoramica di come garantiamo questa protezione:<\/strong><\/p>\n<p>I dati personali vengono richiesta su <em>www.trotec-blog.com<\/em> soltanto in fase di compilazione del modulo di contatto. Il trasferimento dei vostri dati a persone terze \u00e8 escluso.<\/p>\n<p><strong>Cookies.<\/strong><\/p>\n<p>La pagina web utilizza in diversi punti i cosiddetti Cookies. Questi servono per rendere il testo pi\u00f9 facile da utilizzare, pi\u00f9 efficace e pi\u00f9 sicuro. I Cookies sono piccoli file di testo che vengono memorizzati sul vostro computer e salvati sul Browser. La maggior parte dei cookies da noi utilizzati sono i cosiddetti\u00a0 \u00bbSession-Cookies\u00ab. Questi vengono rimossi automaticamente al termine della vostra visita. I Cookies non portano danni al vostro sistema e non contengono virus.<\/p>\n<p><strong>Akismet Anti-Spam<\/strong><\/p>\n<p>Questa pagina utilizza <a href=\"http:\/\/akismet.com\/\" target=\"_blank\">Akismet-Plugin della <\/a><a href=\"http:\/\/automattic.com\/\" target=\"_blank\">Automattic<\/a> Inc., 60 29th Street #343, San Francisco, CA 94110-4929, USA.<\/p>\n<p>Grazie a questi Plugins, i commenti effettuati da persone reali verranno distinti da commenti-spam. Tutti i commenti rilasciati vengono inviati ad un server negli USA, dove verranno analizzati e conservati per quattro giorni per scopi comparativi. Se un commento viene classificato come Spam, i dati vengono memorizzati per un tempo di durata maggiore.<\/p>\n<p>Queste informazioni contengono il nome inserito, l&#8217;indirizzo email, l&#8217;indirizzo IP, il contenuto del commento, il referente, le informazioni sul browser utilizzato e sul sistema informatico, insieme all&#8217;ora d&#8217;immissione del messaggio. Potete utilizzare anche degli pseudonimi.<\/p>\n<p>\u00c8 possibile impedire la completa trasmissione dei dati non utilizzando il nostro sistema di commenti. Sarebbe un peccato non commentare ma purtroppo non vediamo altre alternative che funzionino in modo altrettanto efficace.\u00a0 Potrete opporvi all&#8217;utilizzo futuro dei vostri dati memorizzati su <a href=\"mailto:support@wordpress.com\" target=\"_blank\">support@wordpress.com<\/a>, con oggetto \u201cDeletion of Data stored by Akismet\u201d sotto Informazione\/Descrizione.<\/p>\n<p><strong>Dichiarazione sulla protezione dei dati per l&#8217;utilizzo di Plugins di Facebook (Like-Button)<\/strong><\/p>\n<p>Nelle nostre pagine sono inseriti Plugins del Socialnetwork Facebook, 1601 South California Avenue, Palo Alto, CA 94304, USA. I Plugis di Facebook li riconoscete dal Logo di Facebook o dal &#8220;Like-Button&#8221; (&#8220;mi piace&#8221;). Una panoramica sui Plugins di Facebook la troverete qui:\u00a0 <a href=\"https:\/\/developers.facebook.com\/docs\/plugins\/\" target=\"_blank\" rel=\"nofollow\" class=\"broken_link\">https:\/\/developers.facebook.com\/docs\/plugins\/<\/a> Se visitate la nostra pagina, il Plugin realizzer\u00e0 una connessione diretta tra il vostro browser e il server di Facebook. In questo modo,Facebook ricever\u00e0 l&#8217;informazione che voi avete visitato la nostra pagina con il vostro indirizzo IP. Se cliccate sul \u201eLike-Button\u201c di Facebook mentre siete collegati con il vostro account, potrete collegare i contenuti delle nostre pagine sul vostro profilo Facebook. Cos\u00ec facendo, Facebook potr\u00e0 correlare la vostra visita alle nostre pagine al vostro account utente. Si ricorda che, in quanto fornitori dei siti, non siamo a conoscenza del contenuto dei dati trasmessi e utilizzati tramite Facebook. Per ulteriori informazioni, vi invitiamo a leggere la dichiarazione sulla protezione dei dati di Facebook su <a href=\"https:\/\/de-de.facebook.com\/about\/privacy\/\" target=\"_blank\" rel=\"nofollow\" class=\"broken_link\">https:\/\/de-de.facebook.com\/about\/privacy\/<\/a><\/p>\n<p>Se non desiderate che il Facebook correli la vostra visita al nostro sito al vostro account-utente di Facebook, effettuate il logout dal vostro profilo Facebook.<\/p>\n<p><em style=\"font-size: 0.85em\"><strong>Quelle:<\/strong> <a href=\"http:\/\/www.e-recht24.de\/artikel\/datenschutz\/6590-facebook-like-button-datenschutz-disclaimer.html\" target=\"_blank\">Facebook-Disclaimer von eRecht24.de<\/a><\/em><\/p>\n<p>Ulteriori informazioni a riguardo le troverete anche nella <a href=\"https:\/\/www.trotec24.com\/info\/privacy.html\" target=\"_blank\" class=\"broken_link\">Dichiarazione sulla protezione dei dati del Gruppo Trotec<\/a>.<\/p>\n<p>&nbsp;<\/p>\n","protected":false},"excerpt":{"rendered":"<p>La protezione dei vostri dati personali \u00e8 di particolare importanza per noi. La dichiarazione seguente vi fornisce una panoramica di come garantiamo questa protezione: I dati personali vengono richiesta su www.trotec-blog.com soltanto in fase di compilazione del modulo di contatto. Il trasferimento dei vostri dati a persone terze \u00e8 escluso. Cookies. La pagina web utilizza [&hellip;]<\/p>\n","protected":false},"author":26,"featured_media":0,"parent":0,"menu_order":0,"comment_status":"closed","ping_status":"closed","template":"","meta":[],"_links":{"self":[{"href":"https:\/\/www.trotec-blog.com\/it\/wp-json\/wp\/v2\/pages\/11"}],"collection":[{"href":"https:\/\/www.trotec-blog.com\/it\/wp-json\/wp\/v2\/pages"}],"about":[{"href":"https:\/\/www.trotec-blog.com\/it\/wp-json\/wp\/v2\/types\/page"}],"author":[{"embeddable":true,"href":"https:\/\/www.trotec-blog.com\/it\/wp-json\/wp\/v2\/users\/26"}],"replies":[{"embeddable":true,"href":"https:\/\/www.trotec-blog.com\/it\/wp-json\/wp\/v2\/comments?post=11"}],"version-history":[{"count":11,"href":"https:\/\/www.trotec-blog.com\/it\/wp-json\/wp\/v2\/pages\/11\/revisions"}],"predecessor-version":[{"id":32,"href":"https:\/\/www.trotec-blog.com\/it\/wp-json\/wp\/v2\/pages\/11\/revisions\/32"}],"wp:attachment":[{"href":"https:\/\/www.trotec-blog.com\/it\/wp-json\/wp\/v2\/media?parent=11"}],"curies":[{"name":"wp","href":"https:\/\/api.w.org\/{rel}","templated":true}]}}