{"id":6495,"date":"2011-10-19T11:31:00","date_gmt":"2011-10-19T09:31:00","guid":{"rendered":"https:\/\/www.trotec-blog.com\/fr\/?page_id=6495"},"modified":"2014-02-24T15:19:38","modified_gmt":"2014-02-24T13:19:38","slug":"cameras-thermiques-occasion","status":"publish","type":"page","link":"https:\/\/www.trotec-blog.com\/fr\/cameras-thermiques-occasion\/","title":{"rendered":"Cam\u00e9ras thermiques d\u2019occasion \u00e0 prix fulgurants"},"content":{"rendered":"<p><img loading=\"lazy\" src=\"https:\/\/www.trotec-blog.com\/fr\/files\/2010\/09\/waermebild_used_fr.jpg\" alt=\"\" width=\"700\" height=\"230\" class=\"alignnone size-full wp-image-2659\" srcset=\"https:\/\/www.trotec-blog.com\/fr\/files\/2010\/09\/waermebild_used_fr.jpg 700w, https:\/\/www.trotec-blog.com\/fr\/files\/2010\/09\/waermebild_used_fr-300x98.jpg 300w\" sizes=\"(max-width: 700px) 100vw, 700px\" \/><\/p>\n<p><strong>Prix extr\u00eames sur les cam\u00e9ras thermiques neuves et d&rsquo;occasion Trotec : cam\u00e9ras de thermographie issues du parc de location de TKL, sa filiale de location, cam\u00e9ras thermiques de d\u00e9monstration, tarifs pr\u00e9f\u00e9rentiels sur les sets de thermographie avec logociel professionnel et bient\u00f4t deux nouveaux mod\u00e8les \u00e0 partir de 995 \u20ac HT. \u00c0 ne manquer en aucun cas !<\/strong><\/p>\n<p>Nouvelle saison thermographique &#8211; Si vous devez vous \u00e9quiper d&rsquo;une cam\u00e9ra infrarouge pour la thermographie de b\u00e2timent, la maintenance ou les process industriels, c&rsquo;est l&rsquo;occasion ou jamais : Trotec propose deux nouveaux mod\u00e8les \u00e0 partir de 995 \u20ac HT, les EC020 et EC040, ainsi que des cam\u00e9ras thermiques d&rsquo;occasion ou de d\u00e9monstration qui vous feront \u00e9conomiser plusieurs centaines d&rsquo;euros par rapport aux mod\u00e8les neufs &#8211; pour une garantie inchang\u00e9e d&rsquo;un an.<\/p>\n<p>Leur prix mis \u00e0 part, les cam\u00e9ras thermiques Trotec se distinguent par leur r\u00e9solution thermique \u00e9lev\u00e9e (r\u00e9solution thermique standard de 0,08 \u00b0C et de 0,05 \u00b0C, voire &le;0,05 \u00b0C pour les mod\u00e8les plus avanc\u00e9s).<\/p>\n<p><strong>Exemples de prix HT de cam\u00e9ras thermiques :<\/strong><\/p>\n<ul>\n<li>EC020 : -20 \u00e0 250 \u00b0C &#8211; 80 x 60 pixels &#8211; champ de vision 10\u00b0 x 7,5\u00b0 &#8211; 995 \u20ac<\/li>\n<li>EC060 V, mod\u00e8le de d\u00e9monstration (occasion classe 1) : -20 \u00e0 250 \u00b0C &#8211; 160 x 120 p &#8211; cam\u00e9ra photo &#8211; 1.695 \u20ac<\/li>\n<li>IC080 V, mod\u00e8le de d\u00e9monstration : -20 \u00e0 600 \u00b0C &#8211; 160 x 120 p &#8211; carte SD &#8211; appareil photo int\u00e9gr\u00e9 &#8211; 2.695 \u20ac<\/li>\n<li>IC 120 L avec logiciel pro et rotule : -20 \u00e0 1.500 \u00b0C &#8211; 384 x 288 p &#8211; r\u00e9so. therm. 0,05 \u00b0C &#8211; 1,1 mrad &#8211; 4.595 \u20ac<\/li>\n<\/ul>\n<p><strong>Attention, les cam\u00e9ras de d\u00e9monstration et d&rsquo;occasion sont disponibles en quantit\u00e9s limit\u00e9es.<\/strong> Nous vous recommandons de v\u00e9rifier la disponibilit\u00e9 aupr\u00e8s de notre service clients au +33 (0)3 90 29 48 12.<\/p>\n<p><a href=\"http:\/\/www.trotec24.fr\/instruments-de-mesure\/temperature\/cameras-thermiques?utm_source=seiten&amp;utm_medium=blog&amp;utm_campaign=blog_fr\"><strong>Voir les cam\u00e9ras thermiques Trotec<\/strong><\/a><\/p>\n","protected":false},"excerpt":{"rendered":"<p>Prix extr\u00eames sur les cam\u00e9ras thermiques neuves et d&rsquo;occasion Trotec : cam\u00e9ras de thermographie issues du parc de location de TKL, sa filiale de location, cam\u00e9ras thermiques de d\u00e9monstration, tarifs pr\u00e9f\u00e9rentiels sur les sets de thermographie avec logociel professionnel et bient\u00f4t deux nouveaux mod\u00e8les \u00e0 partir de 995 \u20ac HT. \u00c0 ne manquer en aucun [&hellip;]<\/p>\n","protected":false},"author":8,"featured_media":0,"parent":0,"menu_order":0,"comment_status":"closed","ping_status":"open","template":"","meta":[],"_links":{"self":[{"href":"https:\/\/www.trotec-blog.com\/fr\/wp-json\/wp\/v2\/pages\/6495"}],"collection":[{"href":"https:\/\/www.trotec-blog.com\/fr\/wp-json\/wp\/v2\/pages"}],"about":[{"href":"https:\/\/www.trotec-blog.com\/fr\/wp-json\/wp\/v2\/types\/page"}],"author":[{"embeddable":true,"href":"https:\/\/www.trotec-blog.com\/fr\/wp-json\/wp\/v2\/users\/8"}],"replies":[{"embeddable":true,"href":"https:\/\/www.trotec-blog.com\/fr\/wp-json\/wp\/v2\/comments?post=6495"}],"version-history":[{"count":65,"href":"https:\/\/www.trotec-blog.com\/fr\/wp-json\/wp\/v2\/pages\/6495\/revisions"}],"predecessor-version":[{"id":11158,"href":"https:\/\/www.trotec-blog.com\/fr\/wp-json\/wp\/v2\/pages\/6495\/revisions\/11158"}],"wp:attachment":[{"href":"https:\/\/www.trotec-blog.com\/fr\/wp-json\/wp\/v2\/media?parent=6495"}],"curies":[{"name":"wp","href":"https:\/\/api.w.org\/{rel}","templated":true}]}}