{"id":5761,"date":"2011-06-16T17:36:02","date_gmt":"2011-06-16T15:36:02","guid":{"rendered":"https:\/\/www.trotec-blog.com\/fr\/?page_id=5761"},"modified":"2014-02-24T15:39:58","modified_gmt":"2014-02-24T13:39:58","slug":"protection-des-informations","status":"publish","type":"page","link":"https:\/\/www.trotec-blog.com\/fr\/protection-des-informations\/","title":{"rendered":"Protection des informations \u00e0 caract\u00e8re personnel"},"content":{"rendered":"<p><strong>Nous apportons la plus grande importance \u00e0 la protection de vos donn\u00e9es personnelles. La d\u00e9claration suivante pr\u00e9sente les moyens que nous mettons en \u0153uvre pour prot\u00e9ger vos donn\u00e9es.<\/strong><\/p>\n<p>Les donn\u00e9es \u00e0 caract\u00e8re personnel sont collect\u00e9es sur www.trotec-blog.com uniquement dans le cadre du formulaire de contact. Aucune donn\u00e9e ne sera transmise \u00e0 des tiers.<\/p>\n<p><strong>Cookies<\/strong><\/p>\n<p>Ce site Web a recours \u00e0 des cookies afin de simplifier la navigation et de la rendre plus agr\u00e9able et plus s\u00fbre. Les cookies sont des fichiers textes que votre navigateur stocke sur le disque dur de votre ordinateur. La majorit\u00e9 des cookies que nous utilisons sont des cookies de session qui sont supprim\u00e9s automatiquement lorsque vous quittez notre site. Les cookies ne pr\u00e9sentent aucun risque pour votre ordinateur et ne contiennent pas de virus.<\/p>\n<p><strong>Akismet anti-spam<\/strong><\/p>\n<p>Ce site Web a recours au plugin <a href=\"http:\/\/akismet.com\/\" target=\"_blank\">Akismet de la soci\u00e9t\u00e9 Automattic Inc.<\/a>, 60 29th Street #343, San Francisco, CA 94110-4929, USA.<\/p>\n<p>Ce plugin permet de filtrer les commentaires pour \u00e9viter les spams. Dans ce cadre, tous les commentaires sont envoy\u00e9s \u00e0 un serveur aux Etats-Unis o\u00f9 ils sont analys\u00e9s et stock\u00e9s pendant quatre jours \u00e0 des fins de comparaison. Lorsqu\u2019un commentaire est signal\u00e9 comme spam, les donn\u00e9es qui y sont relatives sont stock\u00e9es au-del\u00e0 de ces quatre jours.<\/p>\n<p>Ces donn\u00e9es comprennent le nom saisi, l\u2019adresse e-mail, l\u2019adresse IP, le contenu du commentaire, le r\u00e9f\u00e9rant, le navigateur utilis\u00e9, de m\u00eame que le syst\u00e8me informatique et l\u2019heure de l\u2019envoi du commentaire. Vous \u00eates libre d\u2019utiliser un pseudonyme.<\/p>\n<p>Pour emp\u00eacher la transmission de vos donn\u00e9es, renoncez \u00e0 utiliser la fonction de commentaires. Nous ne pouvons malheureusement pas vous offrir d\u2019alternative. Vous pouvez vous opposer \u00e0 l\u2019utilisation de vos donn\u00e9es en signalant\/d\u00e9crivant les donn\u00e9es enregistr\u00e9es dans un e-mail adress\u00e9 \u00e0 <a href=\"mailto:support@wordpress.com\">support@wordpress.com<\/a> portant le sujet \u00ab Deletion of Data stored by Akismet \u00bb.<\/p>\n<p><strong>D\u00e9claration sur la protection des donn\u00e9es \u00e0 caract\u00e8re personnel relative \u00e0 l&rsquo;utilisation de plugins Facebook (bouton J&rsquo;aime)<\/strong><\/p>\n<p>Nos pages comportent des plugins du r\u00e9seau social Facebook, 1601 South California Avenue, Palo Alto, CA 94304, USA. Ceux-ci sont reconnaissables au logo Facebook ou au bouton J&rsquo;aime. Vous trouverez la liste de tous les plugins Facebook sous le lien http:\/\/developers.facebook.com\/docs\/plugins\/. Lorsque vous naviguez sur nos pages, les plugins servent \u00e0 cr\u00e9er une connexion directe entre votre navigateur et le serveur Facebook. Par ce biais, Facebook est inform\u00e9 que votre adresse IP a visit\u00e9 notre site Web. Si vous cliquez le bouton J&rsquo;aime en \u00e9tant connect\u00e9 \u00e0 votre compte Facebook, vous avez la possibilit\u00e9 de faire appara\u00eetre un lien vers le contenu de nos pages sur votre profil Facebook. Ceci permet \u00e0 Facebook d&rsquo;attribuer la visite de notre blog \u00e0 votre compte utilisateur. Nous attirons votre attention sur le fait que Trotec, en tant que fournisseur de ces pages de blog, ne re\u00e7oit aucune information sur les donn\u00e9es transf\u00e9r\u00e9es ni sur l&rsquo;utilisation qu&rsquo;en fait Facebook. Pour plus d&rsquo;informations \u00e0 ce sujet, veuillez consulter la d\u00e9claration sur la protection des donn\u00e9es personnelles de Facebook sous le lien http:\/\/www.facebook.com\/about\/privacy\/.<\/p>\n<p>Si vous ne souhaitez pas que Facebook attribue la visite de nos pages \u00e0 votre compte utilisateur Facebook, veuillez vous d\u00e9connecter de votre compte utilisateur Facebook.<\/p>\n<p>Pour plus d\u2019informations \u00e0 ce sujet, veuillez vous reporter \u00e0 la <a href=\"http:\/\/www.trotec24.fr\/info\/privacy.html\" target=\"_blank\">d\u00e9claration sur la protection des donn\u00e9es<\/a> personnelles du Groupe Trotec.<\/p>\n","protected":false},"excerpt":{"rendered":"<p>Nous apportons la plus grande importance \u00e0 la protection de vos donn\u00e9es personnelles. La d\u00e9claration suivante pr\u00e9sente les moyens que nous mettons en \u0153uvre pour prot\u00e9ger vos donn\u00e9es. Les donn\u00e9es \u00e0 caract\u00e8re personnel sont collect\u00e9es sur www.trotec-blog.com uniquement dans le cadre du formulaire de contact. Aucune donn\u00e9e ne sera transmise \u00e0 des tiers. Cookies Ce [&hellip;]<\/p>\n","protected":false},"author":31,"featured_media":0,"parent":0,"menu_order":0,"comment_status":"open","ping_status":"open","template":"","meta":[],"_links":{"self":[{"href":"https:\/\/www.trotec-blog.com\/fr\/wp-json\/wp\/v2\/pages\/5761"}],"collection":[{"href":"https:\/\/www.trotec-blog.com\/fr\/wp-json\/wp\/v2\/pages"}],"about":[{"href":"https:\/\/www.trotec-blog.com\/fr\/wp-json\/wp\/v2\/types\/page"}],"author":[{"embeddable":true,"href":"https:\/\/www.trotec-blog.com\/fr\/wp-json\/wp\/v2\/users\/31"}],"replies":[{"embeddable":true,"href":"https:\/\/www.trotec-blog.com\/fr\/wp-json\/wp\/v2\/comments?post=5761"}],"version-history":[{"count":11,"href":"https:\/\/www.trotec-blog.com\/fr\/wp-json\/wp\/v2\/pages\/5761\/revisions"}],"predecessor-version":[{"id":11162,"href":"https:\/\/www.trotec-blog.com\/fr\/wp-json\/wp\/v2\/pages\/5761\/revisions\/11162"}],"wp:attachment":[{"href":"https:\/\/www.trotec-blog.com\/fr\/wp-json\/wp\/v2\/media?parent=5761"}],"curies":[{"name":"wp","href":"https:\/\/api.w.org\/{rel}","templated":true}]}}