{"id":3505,"date":"2010-12-19T16:09:23","date_gmt":"2010-12-19T14:09:23","guid":{"rendered":"https:\/\/www.trotec-blog.com\/fr\/"},"modified":"2014-02-24T15:27:22","modified_gmt":"2014-02-24T13:27:22","slug":"deshumidificateur-maison","status":"publish","type":"page","link":"https:\/\/www.trotec-blog.com\/fr\/deshumidification\/deshumidificateur-maison\/","title":{"rendered":"D\u00e9shumidificateurs pour la maison"},"content":{"rendered":"<p><a href=\"https:\/\/www.trotec-blog.com\/fr\/files\/2010\/12\/Visual-TTK70S.jpg\"><img loading=\"lazy\" src=\"https:\/\/www.trotec-blog.com\/fr\/files\/2010\/12\/Visual-TTK70S.jpg\" alt=\"\" width=\"568\" height=\"290\" class=\"alignnone size-full wp-image-3571\" srcset=\"https:\/\/www.trotec-blog.com\/fr\/files\/2010\/12\/Visual-TTK70S.jpg 568w, https:\/\/www.trotec-blog.com\/fr\/files\/2010\/12\/Visual-TTK70S-300x153.jpg 300w\" sizes=\"(max-width: 568px) 100vw, 568px\" \/><\/a><\/p>\n<p>L&rsquo;humidit\u00e9 est un probl\u00e8me courant parfois difficile \u00e0 \u00e9liminer. Si vous ne r\u00e9ussissez pas \u00e0 \u00e9liminer les taches noires sur les joints en silicone dans la salle de bain, si vous \u00eates oblig\u00e9 de mettre du riz dans le sel ou si vous avez en permanence de la condensation sur les fen\u00eatres, l&#8217;emploi d&rsquo;un d\u00e9shumidificateur est vivement recommand\u00e9.<\/p>\n<p><strong>Les bons gestes<\/strong><\/p>\n<p>Limiter l&rsquo;humidit\u00e9, c&rsquo;est d&rsquo;abord adopter certains gestes simples au quoitidien : a\u00e9rer non seulement apr\u00e8s la douche ou le bain, mais aussi apr\u00e8s la cuisine et le repassage ; ouvrir les fen\u00eatres \u00e0 intervalles r\u00e9guliers pour renouveler l&rsquo;air. Ceci dit, les bonnes habitudes ne suffisent pas toujours.<\/p>\n<p><strong>Le bon appareil<\/strong><\/p>\n<p>Nul doute que les absorbeurs d&rsquo;humidit\u00e9 sont efficaces : ils sont toujours pleins. Pour ne pas \u00eatre oblig\u00e9 d&rsquo;avoir toujours des recharges sous la main,  vous pouvez envisager d&rsquo;installer un d\u00e9shumidificateur \u00e9lectrique. TROTEC vous propose diff\u00e9rents mod\u00e8les. Fonctionnant quasiment sans bruit et sans grand besoin d&rsquo;entretien, ces d\u00e9shumidificateurs \u00e9vacuent l&rsquo;eau dans un bac ou par un tuyau, passent sans probl\u00e8me d&rsquo;une pi\u00e8ce \u00e0 l&rsquo;autre et sont tr\u00e8s efficaces gr\u00e2ce \u00e0 un ventilateur int\u00e9gr\u00e9 qui brasse l&rsquo;air pour traiter tout le volume de la pi\u00e8ce.<\/p>\n<p><strong>Le bon taux d&rsquo;humidit\u00e9<\/strong><\/p>\n<p>Il faut d&rsquo;abord savoir que le niveau d&rsquo;humidit\u00e9 id\u00e9al diff\u00e8re en fonction du lieu. Ainsi, \u00e0 la maison, celui-ci sera de 50 % \u00e0 19-24 \u00b0C, mais plus que de 40-50 % dans une biblioth\u00e8que \u00e0 une temp\u00e9rature de 22 \u00b0C et se situera entre 45 % et 55 % dans une galerie d&rsquo;art \u00e0 20 \u00b0C. Important : il est indispensable de d\u00e9terminer ce qui cause l&rsquo;humidit\u00e9. Apr\u00e8s, le choix du bon d\u00e9shumidificateur d\u00e9pendant de diff\u00e9rents crit\u00e8res comme du volume de la pi\u00e8ce et de la temp\u00e9rature, n&rsquo;h\u00e9sitez pas \u00e0 demander conseil \u00e0 nos sp\u00e9cialistes.<\/p>\n<p><strong>Astuce :<\/strong> pour v\u00e9rifier l&rsquo;hygrom\u00e9trie, on pourra opter pour un accessoire utile : une station m\u00e9t\u00e9o \u00e0 placer dans la pi\u00e8ce ou <a href=\"http:\/\/www.trotec24.fr\/instruments-de-mesure\/temperature-et-humidite\/appareils-portables?utm_source=seiten&amp;utm_medium=blog&amp;utm_campaign=blog_fr\">un thermo-hygrom\u00e8tre portatif<\/a> pour pouvoir mesurer le niveau d&rsquo;humidit\u00e9 dans toutes les pi\u00e8ces de la maison.<\/p>\n<p><strong>Contact TROTEC France :<\/strong><br \/>\nT\u00e9l. 03 90 29 48 12<br \/>\nFax. 03 90 29 48 11<br \/>\nE-mail info@trotec24.fr<\/p>\n<p><a href=\"http:\/\/www.trotec-online.de\/fr\/produits\" class=\"broken_link\"><strong>Pour en savoir plus sur les d\u00e9shumidificateurs TROTEC, consultez le catalogue en ligne.<\/strong><\/a><br \/>\n<a href=\"http:\/\/www.trotec24.fr\/machines\/deshumidification\/deshumidificateurs-maison?utm_source=seiten&amp;utm_medium=blog&amp;utm_campaign=blog_fr\"><strong>Pour voir tous les mod\u00e8les et les promotions sur les d\u00e9shumidificateur, visitez notre boutique.<\/strong><\/a><\/p>\n","protected":false},"excerpt":{"rendered":"<p>L&rsquo;humidit\u00e9 est un probl\u00e8me courant parfois difficile \u00e0 \u00e9liminer. Si vous ne r\u00e9ussissez pas \u00e0 \u00e9liminer les taches noires sur les joints en silicone dans la salle de bain, si vous \u00eates oblig\u00e9 de mettre du riz dans le sel ou si vous avez en permanence de la condensation sur les fen\u00eatres, l&#8217;emploi d&rsquo;un d\u00e9shumidificateur [&hellip;]<\/p>\n","protected":false},"author":8,"featured_media":0,"parent":3496,"menu_order":0,"comment_status":"open","ping_status":"open","template":"","meta":[],"_links":{"self":[{"href":"https:\/\/www.trotec-blog.com\/fr\/wp-json\/wp\/v2\/pages\/3505"}],"collection":[{"href":"https:\/\/www.trotec-blog.com\/fr\/wp-json\/wp\/v2\/pages"}],"about":[{"href":"https:\/\/www.trotec-blog.com\/fr\/wp-json\/wp\/v2\/types\/page"}],"author":[{"embeddable":true,"href":"https:\/\/www.trotec-blog.com\/fr\/wp-json\/wp\/v2\/users\/8"}],"replies":[{"embeddable":true,"href":"https:\/\/www.trotec-blog.com\/fr\/wp-json\/wp\/v2\/comments?post=3505"}],"version-history":[{"count":52,"href":"https:\/\/www.trotec-blog.com\/fr\/wp-json\/wp\/v2\/pages\/3505\/revisions"}],"predecessor-version":[{"id":11160,"href":"https:\/\/www.trotec-blog.com\/fr\/wp-json\/wp\/v2\/pages\/3505\/revisions\/11160"}],"up":[{"embeddable":true,"href":"https:\/\/www.trotec-blog.com\/fr\/wp-json\/wp\/v2\/pages\/3496"}],"wp:attachment":[{"href":"https:\/\/www.trotec-blog.com\/fr\/wp-json\/wp\/v2\/media?parent=3505"}],"curies":[{"name":"wp","href":"https:\/\/api.w.org\/{rel}","templated":true}]}}