{"id":3496,"date":"2010-12-19T16:01:05","date_gmt":"2010-12-19T14:01:05","guid":{"rendered":"https:\/\/www.trotec-blog.com\/fr\/"},"modified":"2014-02-24T15:26:52","modified_gmt":"2014-02-24T13:26:52","slug":"deshumidification","status":"publish","type":"page","link":"https:\/\/www.trotec-blog.com\/fr\/deshumidification\/","title":{"rendered":"D\u00e9shumidification"},"content":{"rendered":"<p><strong>Que vous soyez un particulier, que vous veniez de l&rsquo;industrie ou du b\u00e2timent, vous trouverez chez TROTEC la solution de d\u00e9shumidification qu&rsquo;il vous faut.<\/strong><\/p>\n<p><a href=\"https:\/\/www.trotec-blog.com\/fr\/files\/2010\/12\/TTK-30S.jpg\"><img loading=\"lazy\" src=\"https:\/\/www.trotec-blog.com\/fr\/files\/2010\/12\/TTK-30S-170x170.jpg\" alt=\"\" width=\"170\" height=\"170\" class=\"alignright size-thumbnail wp-image-3597\" srcset=\"https:\/\/www.trotec-blog.com\/fr\/files\/2010\/12\/TTK-30S-170x170.jpg 170w, https:\/\/www.trotec-blog.com\/fr\/files\/2010\/12\/TTK-30S-300x300.jpg 300w, https:\/\/www.trotec-blog.com\/fr\/files\/2010\/12\/TTK-30S.jpg 400w\" sizes=\"(max-width: 170px) 100vw, 170px\" \/><\/a><\/p>\n<p><strong><a href=\"http:\/\/www.trotec24.fr\/machines\/deshumidification\/deshumidificateurs-domestiques-ttk-e-s?utm_source=seiten&amp;utm_medium=blog&amp;utm_campaign=blog_fr\" title=\"d\u00e9shumidificateur chambre, salle de bain, appartement, maison, cave\">D\u00e9shumidificateurs pour les particuliers<\/a><\/strong><\/p>\n<p>Cherchez-vous un d\u00e9shumidificateur pour la cave, la salle de bain, une petite pi\u00e8ce ou un plus grand volume ? Avez-vous subi un d\u00e9g\u00e2t des eaux ou souhaitez-vous juste r\u00e9guler le niveau d&rsquo;humidit\u00e9 de l&rsquo;air chez vous ?<br \/>\n<br \/>\nChez TROTEC, vous trouverez le d\u00e9shumidificateur qu&rsquo;il vous faut : \u00e9lectriques et mobiles, ils s&rsquo;installent en un tour de main pour capturer imm\u00e9diatement l&rsquo;humidit\u00e9. La gamme comprenant de nombreux mod\u00e8les, n&rsquo;h\u00e9sitez pas \u00e0 nous demander conseil pour avoir l&rsquo;appareil qui correspond pr\u00e9cis\u00e9ment \u00e0 vos besoins.<\/p>\n<p><a href=\"https:\/\/www.trotec-blog.com\/fr\/files\/2010\/12\/TTK-800.jpg\"><img loading=\"lazy\" src=\"https:\/\/www.trotec-blog.com\/fr\/files\/2010\/12\/TTK-800-170x170.jpg\" alt=\"\" width=\"170\" height=\"170\" class=\"alignright size-thumbnail wp-image-3605\" srcset=\"https:\/\/www.trotec-blog.com\/fr\/files\/2010\/12\/TTK-800-170x170.jpg 170w, https:\/\/www.trotec-blog.com\/fr\/files\/2010\/12\/TTK-800-300x300.jpg 300w, https:\/\/www.trotec-blog.com\/fr\/files\/2010\/12\/TTK-800.jpg 400w\" sizes=\"(max-width: 170px) 100vw, 170px\" \/><\/a><\/p>\n<p><strong><a href=\"http:\/\/www.trotec24.fr\/machines\/deshumidification\/deshumidificateurs-professionnels-ttk-s?utm_source=seiten&amp;utm_medium=blog&amp;utm_campaign=blog_fr\" title=\"D\u00e9shumidificateurs professionnels Trotec\">D\u00e9shumidificateurs professionnels et<\/a><\/strong><strong><a href=\"http:\/\/www.trotec24.fr\/machines\/deshumidification\/deshumidificateurs-de-chantier-ttk?utm_source=seiten&amp;utm_medium=blog&amp;utm_campaign=blog_fr\" title=\"d\u00e9shumidificateurs de chantier professionnels\">d\u00e9shumidificateurs de chantier<\/a><\/strong><\/p>\n<p>D\u00e9shumidificateurs de chantier pour l&rsquo;ass\u00e8chement des nouvelles constructions ou la r\u00e9novation apr\u00e8s un d\u00e9g\u00e2t des eaux ou un incendie : les d\u00e9shumidificateurs TROTEC de la s\u00e9rie professionnelle sont surpuissants et \u00e9vacuent jusqu&rsquo;\u00e0 400 litres par jour.<br \/>\n<br \/>\nL&rsquo;int\u00e9r\u00eat de la d\u00e9shumidification est la r\u00e9duction du temps de s\u00e9chage des chapes et des murs. En cons\u00e9quence, une bonne d\u00e9shumidification permet de r\u00e9aliser plus t\u00f4t la pose des rev\u00eatements muraux et de sol et de mettre plus rapidement en place les portes et les menuiseries.<\/p>\n<p><a href=\"https:\/\/www.trotec-blog.com\/fr\/files\/2010\/12\/DH30.jpg\"><img loading=\"lazy\" src=\"https:\/\/www.trotec-blog.com\/fr\/files\/2010\/12\/DH30.jpg\" alt=\"\" width=\"170\" height=\"170\" class=\"alignright size-full wp-image-3625\" \/><\/a><\/p>\n<p><strong><a href=\"http:\/\/www.trotec24.fr\/machines\/deshumidification\/deshumidificateurs-industriels-serie-dh-pro?utm_source=seiten&amp;utm_medium=blog&amp;utm_campaign=blog_fr\" title=\"d\u00e9shumidificateurs pour l'industrie agroalimentaire, pharmaceutique et de l'eau\">D\u00e9shumidificateurs industriels<\/a><\/strong><\/p>\n<p>TROTEC propose des d\u00e9shumidificateurs \u00e0 adsorption et \u00e0 condensation \u00e0 l&rsquo;industrie alimentaire, chimique, pharmaceutique ainsi qu&rsquo;aux op\u00e9rateurs de distribution d&rsquo;eau.<\/p>\n<p>En \u00e9vitant la condensation, les d\u00e9shumidificateurs professionnels TROTEC offrent une protection efficace contre la corrosion et la contamination par les moisissures. Et pour r\u00e9pondre aux besoins sp\u00e9cifiques des atmosph\u00e8res explosives, certains mod\u00e8les sont disponibles en version Atex. Id\u00e9al pour l&rsquo;\u00e9lectronique, la production ou le stockage.<\/p>\n<p><strong>Le traitement de l&rsquo;air, c&rsquo;est notre sp\u00e9cialit\u00e9. Faites vous aussi confiance \u00e0 TROTEC et b\u00e9n\u00e9ficiez de l&rsquo;efficacit\u00e9 d&rsquo;un produit issu du savoir-faire d&rsquo;une marque allemande. <\/strong><\/p>\n","protected":false},"excerpt":{"rendered":"<p>Que vous soyez un particulier, que vous veniez de l&rsquo;industrie ou du b\u00e2timent, vous trouverez chez TROTEC la solution de d\u00e9shumidification qu&rsquo;il vous faut. D\u00e9shumidificateurs pour les particuliers Cherchez-vous un d\u00e9shumidificateur pour la cave, la salle de bain, une petite pi\u00e8ce ou un plus grand volume ? Avez-vous subi un d\u00e9g\u00e2t des eaux ou souhaitez-vous [&hellip;]<\/p>\n","protected":false},"author":8,"featured_media":0,"parent":0,"menu_order":0,"comment_status":"open","ping_status":"open","template":"","meta":[],"_links":{"self":[{"href":"https:\/\/www.trotec-blog.com\/fr\/wp-json\/wp\/v2\/pages\/3496"}],"collection":[{"href":"https:\/\/www.trotec-blog.com\/fr\/wp-json\/wp\/v2\/pages"}],"about":[{"href":"https:\/\/www.trotec-blog.com\/fr\/wp-json\/wp\/v2\/types\/page"}],"author":[{"embeddable":true,"href":"https:\/\/www.trotec-blog.com\/fr\/wp-json\/wp\/v2\/users\/8"}],"replies":[{"embeddable":true,"href":"https:\/\/www.trotec-blog.com\/fr\/wp-json\/wp\/v2\/comments?post=3496"}],"version-history":[{"count":93,"href":"https:\/\/www.trotec-blog.com\/fr\/wp-json\/wp\/v2\/pages\/3496\/revisions"}],"predecessor-version":[{"id":11159,"href":"https:\/\/www.trotec-blog.com\/fr\/wp-json\/wp\/v2\/pages\/3496\/revisions\/11159"}],"wp:attachment":[{"href":"https:\/\/www.trotec-blog.com\/fr\/wp-json\/wp\/v2\/media?parent=3496"}],"curies":[{"name":"wp","href":"https:\/\/api.w.org\/{rel}","templated":true}]}}