{"id":3466,"date":"2010-12-10T17:04:54","date_gmt":"2010-12-10T15:04:54","guid":{"rendered":"https:\/\/www.trotec-blog.com\/fr\/"},"modified":"2014-09-30T13:13:38","modified_gmt":"2014-09-30T11:13:38","slug":"materiel-pour-diagnostic-immobilier-et-dpe","status":"publish","type":"page","link":"https:\/\/www.trotec-blog.com\/fr\/materiel-pour-diagnostic-immobilier-et-dpe\/","title":{"rendered":"Mat\u00e9riel pour diagnostic immobilier et DPE"},"content":{"rendered":"<p><a href=\"https:\/\/www.trotec-blog.com\/fr\/files\/2010\/12\/tro_blog_banner_infrared.jpg\"><img loading=\"lazy\" src=\"https:\/\/www.trotec-blog.com\/fr\/files\/2010\/12\/tro_blog_banner_infrared.jpg\" alt=\"\" width=\"650\" height=\"250\" class=\"alignnone size-full wp-image-6533\" srcset=\"https:\/\/www.trotec-blog.com\/fr\/files\/2010\/12\/tro_blog_banner_infrared.jpg 650w, https:\/\/www.trotec-blog.com\/fr\/files\/2010\/12\/tro_blog_banner_infrared-300x115.jpg 300w\" sizes=\"(max-width: 650px) 100vw, 650px\" \/><\/a><\/p>\n<p><strong>Cam\u00e9ras thermiques neuves ou d&rsquo;occasion, thermom\u00e8tres infrarouges, t\u00e9l\u00e9m\u00e8tres, humidim\u00e8tres, thermo-hygrom\u00e8tres&nbsp;: Trotec propose aux diagnostiqueurs, bureaux d&rsquo;\u00e9tude, architectes et installateurs des instruments de contr\u00f4le et de diagnostic de qualit\u00e9 professionnelle \u00e0 des prix tr\u00e8s comp\u00e9titifs.<\/strong><\/p>\n<h3><span style=\"color:#6600CC\"><strong>Cam\u00e9ra thermique et thermom\u00e8tre IR pour le DPE et les inspections techniques de b\u00e2timent<\/strong><\/span><\/h3>\n<div class=\"alignright\" style=\"width: 170px\"><a href=\"https:\/\/www.trotec-blog.com\/fr\/files\/2010\/12\/IC120LV_neu.jpg\"><img loading=\"lazy\" class=\"alignright size-thumbnail wp-image-3561\" src=\"https:\/\/www.trotec-blog.com\/fr\/files\/2010\/12\/IC120LV_neu-170x170.jpg\" alt=\"\" width=\"170\" height=\"170\" srcset=\"https:\/\/www.trotec-blog.com\/fr\/files\/2010\/12\/IC120LV_neu-170x170.jpg 170w, https:\/\/www.trotec-blog.com\/fr\/files\/2010\/12\/IC120LV_neu-300x300.jpg 300w, https:\/\/www.trotec-blog.com\/fr\/files\/2010\/12\/IC120LV_neu.jpg 400w\" sizes=\"(max-width: 170px) 100vw, 170px\" \/><\/a><br \/>\n<a href=\"https:\/\/www.trotec-blog.com\/fr\/files\/2010\/12\/T-250.jpg\"><img loading=\"lazy\" class=\"alignright size-thumbnail wp-image-3559\" src=\"https:\/\/www.trotec-blog.com\/fr\/files\/2010\/12\/T-250-170x170.jpg\" alt=\"\" width=\"170\" height=\"170\" srcset=\"https:\/\/www.trotec-blog.com\/fr\/files\/2010\/12\/T-250-170x170.jpg 170w, https:\/\/www.trotec-blog.com\/fr\/files\/2010\/12\/T-250-300x300.jpg 300w, https:\/\/www.trotec-blog.com\/fr\/files\/2010\/12\/T-250.jpg 400w\" sizes=\"(max-width: 170px) 100vw, 170px\" \/><\/a><\/div>\n<p>Pour la thermographie de b\u00e2timent, Trotec propose les s\u00e9ries de cam\u00e9ras thermiques EC et IC. Particuli\u00e8rement abordables (\u00e0 partir de 995&nbsp;\u20ac&nbsp;HT) et performantes (voir les <a href=\"https:\/\/fr.trotec.com\/produits\/appareils-de-mesure\/temperature\/cameras-thermiques-serie-ec\/?utm_source=artikel&amp;utm_medium=blog&amp;utm_campaign=blog_fr\" title=\"Caract\u00e9ristiques techniques des cam\u00e9ras thermiques de la s\u00e9rie EC de Trotec\" class=\"broken_link\">d\u00e9tails techniques de la s\u00e9rie EC<\/a> et le <a href=\"https:\/\/fr.trotec.com\/produits\/appareils-de-mesure\/temperature\/cameras-thermiques-serie-ic\/?utm_source=artikel&amp;utm_medium=blog&amp;utm_campaign=blog_fr\" title=\"Caract\u00e9ristiques techniques des cam\u00e9ras thermiques de la s\u00e9rie IC de Trotec\" class=\"broken_link\">tableau comparatif de la s\u00e9rie IC<\/a>), ces cam\u00e9ras thermiques sont id\u00e9ales pour les DPE, les audits \u00e9nerg\u00e9tiques, la recherche de termites, le contr\u00f4le des installations solaires et des installations \u00e9lectriques, la recherche de fuites et le suivi de chantier.<\/p>\n<p>Outil de diagnostic \u00e0 part enti\u00e8re, la cam\u00e9ra thermique permet de localiser les infiltrations d\u2019eau et les fuites, les d\u00e9fauts d\u2019isolation (humidit\u00e9, ponts thermiques, d\u00e9perditions), les vices de construction et les fissures dans les murs ainsi que les surchauffes \u00e9lectriques.<\/p>\n<p>En fonction des disponibilit\u00e9s, Trotec propose, outre les mod\u00e8les neufs, des cam\u00e9ras thermiques d&rsquo;occasion et de d\u00e9monstration. Pour consulter la liste des mod\u00e8les disponibles, rendez-vous dans notre <a href=\"https:\/\/www.trotec24.fr\/instruments-de-mesure\/temperature\/cameras-thermiques?utm_source=seiten&amp;utm_medium=blog&amp;utm_campaign=blog_fr\" title=\"Cam\u00e9ras thermiques \u00e0 prix imbattables\" class=\"broken_link\">boutique en ligne<\/a>.<\/p>\n<p>Toujours dans le domaine de l&rsquo;infrarouge, les thermom\u00e8tres IR sans contact Trotec vous permettront de d\u00e9tecter les ponts thermiques. Trotec vous propose <a href=\"https:\/\/www.trotec24.fr\/instruments-de-mesure\/temperature\/thermometres-infrarouge?utm_source=seiten&amp;utm_medium=blog&amp;utm_campaign=blog_fr\" title=\"Les thermom\u00e8tres infrarouge sans contact, ou pyrom\u00e8tres, sont utilis\u00e9s pour les diagnostics immobiliers et dans l&#039;industrie\" class=\"broken_link\">diff\u00e9rents mod\u00e8les<\/a> dont le BP20 d&rsquo;entr\u00e9e de gamme \u00e0 59&thinsp;\u20ac&thinsp;HT seulement pour une plage de mesure s&rsquo;\u00e9tendant de -35&thinsp;\u00b0C \u00e0 +800&thinsp;\u00b0C.<\/p>\n<h3><span style=\"color:#6600CC\"><strong>T\u00e9l\u00e9m\u00e8tre laser&nbsp;: l&rsquo;outil de pr\u00e9cision indispensable pour la loi Carrez<\/strong><\/span><\/h3>\n<p><a href=\"https:\/\/www.trotec-blog.com\/fr\/files\/2010\/12\/bd-15.jpg\"><img loading=\"lazy\" src=\"https:\/\/www.trotec-blog.com\/fr\/files\/2010\/12\/bd-15-170x170.jpg\" alt=\"\" width=\"120\" height=\"120\" class=\"alignright size-thumbnail wp-image-3560\" srcset=\"https:\/\/www.trotec-blog.com\/fr\/files\/2010\/12\/bd-15-170x170.jpg 170w, https:\/\/www.trotec-blog.com\/fr\/files\/2010\/12\/bd-15-300x300.jpg 300w, https:\/\/www.trotec-blog.com\/fr\/files\/2010\/12\/bd-15.jpg 400w\" sizes=\"(max-width: 120px) 100vw, 120px\" \/><\/a><\/p>\n<p>M\u00e9trages dans la construction, loi Carrez et surface habitable loi Boutin&nbsp;: pour calculer au millim\u00e8tre pr\u00e8s, le t\u00e9l\u00e9m\u00e8tre est indispensable. Trotec vous propose <a href=\"https:\/\/www.trotec24.fr\/instruments-de-mesure\/metrage-et-plan?utm_source=seiten&amp;utm_medium=blog&amp;utm_campaign=blog_fr\" title=\"T\u00e9l\u00e9m\u00e8tre d&#039;int\u00e9rieur Trotec et laserm\u00e8tres Leica Disto au meilleur prix\" class=\"broken_link\">ses t\u00e9l\u00e9m\u00e8tres d&rsquo;int\u00e9rieur ainsi que les incontournables laserm\u00e8tres Leica Disto<\/a>.<\/p>\n<p>Gr\u00e2ce \u00e0 leur fonction de calcul des volumes, les t\u00e9l\u00e9m\u00e8tres sont \u00e9galement utiles pour r\u00e9aliser le dimensionnement dans le cadre du diagnostic de performance \u00e9nerg\u00e9tique.<\/p>\n<h3><span style=\"color:#6600CC\"><strong>Endoscopes et cam\u00e9ras pour le diagnostic termites et l&rsquo;inspection visuelle<\/strong><\/span><\/h3>\n<p><a href=\"https:\/\/www.trotec-blog.com\/fr\/files\/2010\/12\/BO-15.jpg\"><img loading=\"lazy\" src=\"https:\/\/www.trotec-blog.com\/fr\/files\/2010\/12\/BO-15-170x170.jpg\" alt=\"\" width=\"120\" height=\"120\" class=\"alignright size-thumbnail wp-image-3563\" srcset=\"https:\/\/www.trotec-blog.com\/fr\/files\/2010\/12\/BO-15-170x170.jpg 170w, https:\/\/www.trotec-blog.com\/fr\/files\/2010\/12\/BO-15-300x300.jpg 300w, https:\/\/www.trotec-blog.com\/fr\/files\/2010\/12\/BO-15.jpg 400w\" sizes=\"(max-width: 120px) 100vw, 120px\" \/><\/a><\/p>\n<p>Polyvalents, les endoscopes et cam\u00e9ras servent \u00e0 voir dans tous les endroits normalement inaccessibles. Ils peuvent \u00eatre utilis\u00e9s pour inspecter l&rsquo;\u00e9tat des murs (\u00e9tats parasitaires&nbsp;: moisissure, insectes) et pour localiser des c\u00e2bles \u00e9lectriques ou des tuyaux.<\/p>\n<p>Dans notre boutique, vous trouverez des <a href=\"https:\/\/www.trotec24.fr\/instruments-de-mesure\/inspection-visuelle?utm_source=seiten&amp;utm_medium=blog&amp;utm_campaign=blog_fr\" title=\"Fibroscopes, endoscopes vid\u00e9o et cam\u00e9ras d&#039;inspection dans la boutique en ligne Trotec\" class=\"broken_link\">cam\u00e9ras d&rsquo;inspection Trotec<\/a> \u00e0 partir de 67,18&nbsp;\u20ac&nbsp;HT.<\/p>\n<h3><span style=\"color:#6600CC\"><strong>Thermom\u00e8tres et humidim\u00e8tres pour le diagnostic assainissement<\/strong><\/span><\/h3>\n<p><strong>Pour les contr\u00f4les d&rsquo;humidit\u00e9,<\/strong> thermom\u00e8tres infrarouge, thermo-hygrom\u00e8tres et humidim\u00e8tres vous serviront \u00e0 d\u00e9tecter les zones humides et notamment \u00e0 rep\u00e9rer les zones susceptibles d&rsquo;\u00eatre invad\u00e9es par des xylophages. Ils vous serviront aussi \u00e0 d\u00e9terminer le point de ros\u00e9e, la temp\u00e9rature de bulbe humide et la temp\u00e9rature de surface.<\/p>\n<p>Dans notre boutique en ligne, vous trouverez ces appareils aux rubriques <a href=\"https:\/\/www.trotec24.fr\/instruments-de-mesure\/temperature\/thermometres-infrarouge?utm_source=seiten&amp;utm_medium=blog&amp;utm_campaign=blog_fr\" title=\"Thermom\u00e8tres IR sans contact\" class=\"broken_link\">Thermom\u00e8tres infrarouge<\/a>, <a href=\"https:\/\/www.trotec24.fr\/instruments-de-mesure\/temperature-et-humidite?utm_source=seiten&amp;utm_medium=blog&amp;utm_campaign=blog_fr\" title=\"thermo-hygrom\u00e8tres pour le diagnostic immobilier, le b\u00e2timent et la maison\" class=\"broken_link\">Thermohygrom\u00e8tres<\/a> et <a href=\"https:\/\/www.trotec24.fr\/instruments-de-mesure\/humidite?utm_source=seiten&amp;utm_medium=blog&amp;utm_campaign=blog_fr\" title=\"humidim\u00e8tres, indicateurs d&#039;humidit\u00e9, bombes \u00e0 carbure Trotec\" class=\"broken_link\">Humidit\u00e9<\/a>.<\/p>\n<p><strong>Qualit\u00e9 de l\u2019air int\u00e9rieur :<\/strong> Trotec propose divers instruments pour mesurer en temps r\u00e9el les param\u00e8tres indicatifs de la qualit\u00e9 de l&rsquo;air&thinsp;: <a href=\"https:\/\/www.trotec24.fr\/instruments-de-mesure\/emissions\/detecteur-de-monoxyde-de-carbone-bg20.html?utm_source=seiten&amp;utm_medium=blog&amp;utm_campaign=blog_fr\" title=\"mesure de la concentration en monoxyde de carbone dans l&#039;air ambiant\" class=\"broken_link\">CO-m\u00e8tres<\/a> 0 \u2013 1&thinsp;000 ppm, <a href=\"https:\/\/www.trotec24.fr\/instruments-de-mesure\/temperature-et-humidite?utm_source=seiten&amp;utm_medium=blog&amp;utm_campaign=blog_fr\" title=\"thermo-hygrom\u00e8tres professionnels, de table ou \u00e0 m\u00e9moire\" class=\"broken_link\">thermo-hygrom\u00e8tres<\/a> et <a href=\"https:\/\/www.trotec24.fr\/instruments-de-mesure\/temperature-et-humidite\/enregistreurs-de-donnees?utm_source=seiten&amp;utm_medium=blog&amp;utm_campaign=blog_fr\" title=\"Enregistreurs de donn\u00e9es et centrales d&#039;acquisition temp\u00e9rature et hygrom\u00e9trie\" class=\"broken_link\">enregistreurs de donn\u00e9es<\/a> pour une analyse dans le temps de l&rsquo;hygrom\u00e9trie et de la temp\u00e9rature).<\/p>\n<p><strong>Ventilation :<\/strong> un <a href=\"https:\/\/www.trotec24.fr\/instruments-de-mesure\/flux-d-air?utm_source=seiten&amp;utm_medium=blog&amp;utm_campaign=blog_fr\" title=\"an\u00e9mom\u00e8tres trotec\" class=\"broken_link\">an\u00e9mom\u00e8tre<\/a> vous servira \u00e0 v\u00e9rifier la climatisation et le chauffage.<\/p>\n<p><strong>Recherche de fuites :<\/strong> <a href=\"https:\/\/www.trotec24.fr\/instruments-de-mesure\/detection-des-fuites\/localisation-aux-uv?utm_source=seiten&amp;utm_medium=blog&amp;utm_campaign=blog_fr\" title=\"recherche de fuite par traceur et ultraviolets\" class=\"broken_link\">fluoresc\u00e9ine<\/a>, <a href=\"https:\/\/www.trotec24.fr\/instruments-de-mesure\/detection-des-fuites\/localisation-au-gaz-traceur?utm_source=seiten&amp;utm_medium=blog&amp;utm_campaign=blog_fr\" title=\"recherche de fuites au gaz traceur\" class=\"broken_link\">gaz traceur<\/a>, <a href=\"https:\/\/www.trotec24.fr\/instruments-de-mesure\/detection-des-fuites\/toits-terrasses?utm_source=seiten&amp;utm_medium=blog&amp;utm_campaign=blog_fr\" title=\"Appareil de recherche de fuite sur toit-terrasse\" class=\"broken_link\">impulsions \u00e9lectriques<\/a>, <a href=\"https:\/\/www.trotec24.fr\/instruments-de-mesure\/detection-des-fuites\/localisation-acoustique?utm_source=seiten&amp;utm_medium=blog&amp;utm_campaign=blog_fr\" title=\"recherche de fuite d&#039;eau par d\u00e9tection acoustique\" class=\"broken_link\">recherche acoustique<\/a>.<\/p>\n<p><strong>Ces instruments de mesure sont disponibles \u00e0 l&rsquo;unit\u00e9 et en mallette sur la <a href=\"https:\/\/www.trotec24.fr\/instruments-de-mesure\/sets-complets-en-mallette\/energie-batiment?utm_source=seiten&amp;utm_medium=blog&amp;utm_campaign=blog_fr\" title=\"boutique pour la d\u00e9shumidification, le chauffage, la thermographie et le diagnostic humidit\u00e9\" class=\"broken_link\">boutique en ligne de TROTEC<\/a>, o\u00f9 vous trouverez \u00e9galement de nombreux autres appareils tels que luxm\u00e8tres, sonom\u00e8tres et d\u00e9tecteurs de micro-ondes.<\/p>\n<p><strong>Nous nous tenons \u00e0 votre disposition du lundi au vendredi de 8 \u00e0 18 heures pour r\u00e9pondre \u00e0 vos questions. N&rsquo;h\u00e9sitez pas \u00e0 nous contacter au 03 90 29 48 12 ou par e-mail \u00e0 info@trotec24.fr<\/strong><\/p>\n","protected":false},"excerpt":{"rendered":"<p>Cam\u00e9ras thermiques neuves ou d&rsquo;occasion, thermom\u00e8tres infrarouges, t\u00e9l\u00e9m\u00e8tres, humidim\u00e8tres, thermo-hygrom\u00e8tres&nbsp;: Trotec propose aux diagnostiqueurs, bureaux d&rsquo;\u00e9tude, architectes et installateurs des instruments de contr\u00f4le et de diagnostic de qualit\u00e9 professionnelle \u00e0 des prix tr\u00e8s comp\u00e9titifs. Cam\u00e9ra thermique et thermom\u00e8tre IR pour le DPE et les inspections techniques de b\u00e2timent Pour la thermographie de b\u00e2timent, Trotec propose [&hellip;]<\/p>\n","protected":false},"author":8,"featured_media":0,"parent":0,"menu_order":0,"comment_status":"closed","ping_status":"closed","template":"","meta":[],"_links":{"self":[{"href":"https:\/\/www.trotec-blog.com\/fr\/wp-json\/wp\/v2\/pages\/3466"}],"collection":[{"href":"https:\/\/www.trotec-blog.com\/fr\/wp-json\/wp\/v2\/pages"}],"about":[{"href":"https:\/\/www.trotec-blog.com\/fr\/wp-json\/wp\/v2\/types\/page"}],"author":[{"embeddable":true,"href":"https:\/\/www.trotec-blog.com\/fr\/wp-json\/wp\/v2\/users\/8"}],"replies":[{"embeddable":true,"href":"https:\/\/www.trotec-blog.com\/fr\/wp-json\/wp\/v2\/comments?post=3466"}],"version-history":[{"count":184,"href":"https:\/\/www.trotec-blog.com\/fr\/wp-json\/wp\/v2\/pages\/3466\/revisions"}],"predecessor-version":[{"id":12329,"href":"https:\/\/www.trotec-blog.com\/fr\/wp-json\/wp\/v2\/pages\/3466\/revisions\/12329"}],"wp:attachment":[{"href":"https:\/\/www.trotec-blog.com\/fr\/wp-json\/wp\/v2\/media?parent=3466"}],"curies":[{"name":"wp","href":"https:\/\/api.w.org\/{rel}","templated":true}]}}