{"id":2,"date":"2009-08-06T15:48:05","date_gmt":"2009-08-06T13:48:05","guid":{"rendered":"https:\/\/www.trotec-blog.com\/fr\/mentions-legales\/"},"modified":"2024-10-11T14:15:02","modified_gmt":"2024-10-11T12:15:02","slug":"mentions-legales","status":"publish","type":"page","link":"https:\/\/www.trotec-blog.com\/fr\/mentions-legales\/","title":{"rendered":"Mentions l\u00e9gales"},"content":{"rendered":"<div>\n<p>Trotec GmbH<br \/>\nGrebbener Stra\u00dfe 7<br \/>\nD-52525 Heinsberg<\/p>\n<p><strong>Directeur g\u00e9n\u00e9ral:<\/strong><br \/>\nJoachim Ludwig<br \/>\nUlf M\u00f6hring<br \/>\nJoffrey Petit<\/p>\n<p>T\u00e9l. : +49 (0) 2452-962-400<br \/>\nFax : +49 (0) 2452-962-200<br \/>\nE-mail : info@trotec.de<\/p>\n<p><strong>N\u00b0 de TVA : DE280690324<\/strong><\/p>\n<p>Amtsgericht Aachen &#8211; HRB 13453<\/p>\n<\/div>\n<p><strong>Qui est mon interlocuteur en cas de questions ?<\/strong><\/p>\n<p>Nos conseillers seront ravis de r\u00e9pondre \u00e0 toutes vos questions. Si vous d\u00e9sirez nous contacter par \u00e9crit, adressez votre courrier \u00e0 :<\/p>\n<p>Trotec GmbH<br \/>\nAbteilung Online<br \/>\nGrebbener Stra\u00dfe 7<br \/>\nD-52525 Heinsberg<\/p>\n<p><strong>Pour une prise de contact simple et rapide :<\/strong><\/p>\n<p>Nous nous tenons \u00e0 votre disposition au +33 (0)390 294 810. Vous pouvez \u00e9galement nous joindre par e-mail \u00e0 l\u2019adresse info@trotec24.fr ou nous envoyer un fax au +33 (0)390 294 811.<\/p>\n","protected":false},"excerpt":{"rendered":"<p>Trotec GmbH Grebbener Stra\u00dfe 7 D-52525 Heinsberg Directeur g\u00e9n\u00e9ral: Joachim Ludwig Ulf M\u00f6hring Joffrey Petit T\u00e9l. : +49 (0) 2452-962-400 Fax : +49 (0) 2452-962-200 E-mail : info@trotec.de N\u00b0 de TVA : DE280690324 Amtsgericht Aachen &#8211; HRB 13453 Qui est mon interlocuteur en cas de questions ? Nos conseillers seront ravis de r\u00e9pondre \u00e0 toutes [&hellip;]<\/p>\n","protected":false},"author":26,"featured_media":0,"parent":0,"menu_order":0,"comment_status":"closed","ping_status":"closed","template":"","meta":[],"_links":{"self":[{"href":"https:\/\/www.trotec-blog.com\/fr\/wp-json\/wp\/v2\/pages\/2"}],"collection":[{"href":"https:\/\/www.trotec-blog.com\/fr\/wp-json\/wp\/v2\/pages"}],"about":[{"href":"https:\/\/www.trotec-blog.com\/fr\/wp-json\/wp\/v2\/types\/page"}],"author":[{"embeddable":true,"href":"https:\/\/www.trotec-blog.com\/fr\/wp-json\/wp\/v2\/users\/26"}],"replies":[{"embeddable":true,"href":"https:\/\/www.trotec-blog.com\/fr\/wp-json\/wp\/v2\/comments?post=2"}],"version-history":[{"count":23,"href":"https:\/\/www.trotec-blog.com\/fr\/wp-json\/wp\/v2\/pages\/2\/revisions"}],"predecessor-version":[{"id":25359,"href":"https:\/\/www.trotec-blog.com\/fr\/wp-json\/wp\/v2\/pages\/2\/revisions\/25359"}],"wp:attachment":[{"href":"https:\/\/www.trotec-blog.com\/fr\/wp-json\/wp\/v2\/media?parent=2"}],"curies":[{"name":"wp","href":"https:\/\/api.w.org\/{rel}","templated":true}]}}