{"id":12257,"date":"2014-09-28T23:59:32","date_gmt":"2014-09-28T21:59:32","guid":{"rendered":"https:\/\/www.trotec-blog.com\/fr\/?page_id=12257"},"modified":"2014-09-28T23:59:32","modified_gmt":"2014-09-28T21:59:32","slug":"materiel-professionnel-en-location-traitement-de-lair","status":"publish","type":"page","link":"https:\/\/www.trotec-blog.com\/fr\/materiel-professionnel-en-location-traitement-de-lair\/","title":{"rendered":"Mat\u00e9riel professionnel en location | Traitement de l&rsquo;air"},"content":{"rendered":"<p><a href=\"https:\/\/www.trotec-blog.com\/fr\/files\/2014\/09\/tro_blog_tkl_trotecrentaldevision_banner_fr.jpg\"><img loading=\"lazy\" src=\"https:\/\/www.trotec-blog.com\/fr\/files\/2014\/09\/tro_blog_tkl_trotecrentaldevision_banner_fr.jpg\" alt=\"mat\u00e9riel pro en location | cam\u00e9ra thermique, chauffage, climatiseur, d\u00e9shumidificateur\" width=\"700\" height=\"300\" class=\"alignright size-full wp-image-12258\" srcset=\"https:\/\/www.trotec-blog.com\/fr\/files\/2014\/09\/tro_blog_tkl_trotecrentaldevision_banner_fr.jpg 700w, https:\/\/www.trotec-blog.com\/fr\/files\/2014\/09\/tro_blog_tkl_trotecrentaldevision_banner_fr-300x128.jpg 300w\" sizes=\"(max-width: 700px) 100vw, 700px\" \/><\/a><\/p>\n<p>TKL, la filiale location du groupe Trotec, vous propose du mat\u00e9riel professionnel \u00e0 louer \u00e0 des conditions avantageuses. Le sp\u00e9cialiste du traitement de l&rsquo;air et de la d\u00e9shumidification poss\u00e8de une vaste flotte de location comprenant les appareils suivants&nbsp;:<\/p>\n<p><a href=\"https:\/\/fr.trotec.com\/tkl-louer\/deshumidification\/?utm_source=artikel&amp;utm_medium=blog&amp;utm_campaign=blog_fr\" title=\"D\u00e9shumidificateurs en location chez TKL\" class=\"broken_link\"><strong>D\u00e9shumidificateurs en location<\/strong><\/a><\/p>\n<p>Les d\u00e9shumidificateurs d&rsquo;air hautes performances \u00e0 louer chez TKL sont destin\u00e9s aux domaines industriel et du b\u00e2timent, aux secteurs de la production et de la construction par exemple. Ils servent \u00e0 r\u00e9guler l&rsquo;hygrom\u00e9trie en environnement contr\u00f4l\u00e9 (entrep\u00f4ts, laboratoires, salles d&rsquo;expositions d&rsquo;objets d&rsquo;art, etc.) ou au cours de processus qui g\u00e9n\u00e8rent de l&rsquo;humidit\u00e9 (production alimentaire et secteur de la distribution d&rsquo;eau potable par ex.) ou dont le but est de l&rsquo;\u00e9liminer (nettoyage apr\u00e8s sinistre, d\u00e9g\u00e2t des eaux).<\/p>\n<p>Si vous \u00eates particulier, vous pouvez tout \u00e0 fait louer ces d\u00e9shumidificateurs de chantier pour vos travaux de r\u00e9novation ou si vous avez la malchance de devoir s\u00e9cher vos murs apr\u00e8s un d\u00e9g\u00e2t des eaux.<\/p>\n<p>Tarifs : \u00e0 p. de 5 \u20ac HT\/jour (6 \u20ac TTC) pour une dur\u00e9e de location min. de 7 jours<br \/>\nCaution : \u00e0 p. de 250 \u20ac<\/p>\n<p><a href=\"https:\/\/fr.trotec.com\/tkl-louer\/deshumidification\/deshumidificateurs-industriels\/?utm_source=artikel&amp;utm_medium=blog&amp;utm_campaign=blog_fr\" title=\"d\u00e9shumidificateurs industriels et d\u00e9shydrateurs d&#039;air en location\" class=\"broken_link\">D\u00e9shumidificateurs d&rsquo;air industriels et d\u00e9shydrateurs d&rsquo;air<\/a><br \/>\n<a href=\"https:\/\/fr.trotec.com\/tkl-louer\/deshumidification\/deshumidificateurs-de-chantier\/?utm_source=artikel&amp;utm_medium=blog&amp;utm_campaign=blog_fr\" title=\"d\u00e9shumidificateurs de chantier en location\" class=\"broken_link\">D\u00e9shumidificateurs de chantier pour professionnels et particuliers<\/a><br \/>\n<a href=\"https:\/\/fr.trotec.com\/tkl-louer\/lassechement-des-isolants\/?utm_source=artikel&amp;utm_medium=blog&amp;utm_campaign=blog_fr\" title=\"syst\u00e8me de d\u00e9shumidification en location\" class=\"broken_link\">Syst\u00e8mes de d\u00e9shumidification de l&rsquo;isolation apr\u00e8s d\u00e9g\u00e2t des eaux<\/a><\/p>\n<p><a href=\"https:\/\/fr.trotec.com\/tkl-louer\/chauffage\/?utm_source=artikel&amp;utm_medium=blog&amp;utm_campaign=blog_fr\" title=\"chauffages en location, chauffage \u00e9lectrique, chauffage au fuel\" class=\"broken_link\"><strong>Chauffages en location<\/strong><\/a><\/p>\n<p>Les appareils de chauffage mobiles \u00e0 louer chez TKL sont des appareils pro pour le chauffage de chantiers, de locaux industriels ou agricoles et pour l&rsquo;\u00e9v\u00e8nementiel (chauffage de tente et de barnum par exemple).<\/p>\n<p>La flotte de location se compose d&rsquo;a\u00e9rothermes \u00e9lectriques allant du chauffage soufflant compact de 3,3&nbsp;kW \u00e0 la centrale de chauffe mobile de 120&nbsp;kW, ainsi que de g\u00e9n\u00e9rateurs d&rsquo;air chaud au fuel tr\u00e8s grande puissance de 110 \u00e0 345&nbsp;kW.<\/p>\n<p>Tarifs : \u00e0 p. de 4,80 \u20ac HT\/jour (\u00e9lectriques) et 43,20 \u20ac HT\/jour (fuel) &#8211; dur\u00e9e de location min. de 7 jours<br \/>\nCaution : \u00e0 p. de 175 \u20ac (\u00e9lectriques) et 1800 \u20ac (fuel)<\/p>\n<p><a href=\"https:\/\/fr.trotec.com\/tkl-louer\/chauffage\/chauffages-electriques\/?utm_source=artikel&amp;utm_medium=blog&amp;utm_campaign=blog_fr\" title=\"location, mat\u00e9riel de chauffage professionnel, chauffage \u00e9lectrique, a\u00e9rotherme \u00e9lectrique, g\u00e9n\u00e9rateur de chaleur fuel, g\u00e9n\u00e9rateur de chaleur fioul, canon \u00e0 air chaud fuel, canon \u00e0 air chaud fioul\" class=\"broken_link\">A\u00e9rothermes et chauffages \u00e9lectriques hautes performances<\/a><br \/>\n<a href=\"https:\/\/fr.trotec.com\/tkl-louer\/chauffage\/chauffages-au-fioul\/?utm_source=artikel&amp;utm_medium=blog&amp;utm_campaign=blog_fr\" title=\"g\u00e9n\u00e9rateur de chaleur au fioul, g\u00e9n\u00e9rateur d&#039;air chaud au fuel en location\" class=\"broken_link\">Canons \u00e0 air chaud au fioul \u00e0 combustion indirecte<\/a><\/p>\n<p><a href=\"https:\/\/fr.trotec.com\/tkl-louer\/climatisation\/?utm_source=artikel&amp;utm_medium=blog&amp;utm_campaign=blog_fr\" title=\"climatiseurs mobiles en location\" class=\"broken_link\"><strong>Climatiseurs en location<\/strong><\/a><\/p>\n<p>Vous trouverez chez TKL des climatiseurs portables monoblocs pour une utilisation \u00e0 la maison, en cabinet m\u00e9dical ou au bureau par exemple, de m\u00eame que des climatiseurs mobiles grande puissance (monoblocs et splits) qui conviennent pour la climatisation ponctuelle des ateliers, sup\u00e9rettes, magasins ou entrep\u00f4ts.<\/p>\n<p>Pour les applications professionnelles et industrielles, il est possible de louer des climatiseurs \u00e9quip\u00e9s d&rsquo;un syst\u00e8me de spotcooling. On utilise ces climatiseurs pour le refroidissement localis\u00e9 de pi\u00e8ces \u00e9lectroniques ou m\u00e9caniques par exemple gr\u00e2ce \u00e0 deux tuyaux qui permettent d&rsquo;amener l&rsquo;air frais exactement \u00e0 l&rsquo;endroit \u00e0 climatiser.<\/p>\n<p>Tarifs : \u00e0 p. de 9 \u20ac HT\/jour (10,80 \u20ac TTC) pour une dur\u00e9e de location min. de 7 jours<br \/>\nCaution : \u00e0 p. de 250 \u20ac<\/p>\n<p><a href=\"https:\/\/fr.trotec.com\/tkl-louer\/climatisation\/climatiseurs-standard\/?utm_source=artikel&amp;utm_medium=blog&amp;utm_campaign=blog_fr\" title=\"climatiseurs mobiles en location\" class=\"broken_link\">Climatiseurs mobiles pour professionnels et particuliers<\/a><br \/>\n<a href=\"https:\/\/fr.trotec.com\/tkl-louer\/climatisation\/climatiseurs-spotcooler\/?utm_source=artikel&amp;utm_medium=blog&amp;utm_campaign=blog_fr\" title=\"Climatiseurs avec spotcooler | Climatiseurs Spotcooling en location\" class=\"broken_link\">Climatiseurs mobiles avec spotcooling<\/a><\/p>\n<p><a href=\"https:\/\/fr.trotec.com\/tkl-louer\/humidification\/?utm_source=artikel&amp;utm_medium=blog&amp;utm_campaign=blog_fr\" title=\"Humidificateurs d&#039;air en location\" class=\"broken_link\"><strong>Humidificateurs d&rsquo;air en location<\/strong><\/a><\/p>\n<p>Les humidificateurs Trotec disponibles \u00e0 la location chez Trotec sont con\u00e7us pour l&rsquo;humidification de l&rsquo;air et le maintien d&rsquo;une hygrom\u00e9trie id\u00e9ale non seulement n\u00e9cessaires aux objets d&rsquo;art, en bois ou en papier mais aussi b\u00e9n\u00e9fiques du point de vue sant\u00e9 et bien-\u00eatre.<\/p>\n<p>Les humidificateurs d&rsquo;air se retrouvent notamment dans les imprimeries, les biblioth\u00e8ques et archives, les mus\u00e9es et galeries d&rsquo;art, les entrep\u00f4ts, les salles informatiques, les cabinets m\u00e9dicaux et salles de conf\u00e9rence, de m\u00eame que chez les facteurs de clavecins et de violons par exemple.<\/p>\n<p>Tarifs : \u00e0 p. de 11 \u20ac HT\/jour (13,20 \u20ac TTC) pour une dur\u00e9e de location min. de 7 jours<br \/>\nCaution : \u00e0 p. de 250 \u20ac<\/p>\n<p><a href=\"https:\/\/fr.trotec.com\/tkl-louer\/humidification\/humidificateurs-dair\/?utm_source=artikel&amp;utm_medium=blog&amp;utm_campaign=blog_fr\" title=\"humidificateurs d&#039;air en location\" class=\"broken_link\">Humidificateurs d&rsquo;air mobiles<\/a><\/p>\n<p><a href=\"https:\/\/fr.trotec.com\/tkl-louer\/ventilation\/?utm_source=artikel&amp;utm_medium=blog&amp;utm_campaign=blog_fr\" title=\"Ventilateurs et brasseurs d&#039;air en location | Industrie, Atex, effets sp\u00e9ciaux\" class=\"broken_link\"><strong>Ventilateurs en location<\/strong><\/a><\/p>\n<p>Les ventilateurs professionnels et brasseurs d&rsquo;air grande puissance disponibles sont destin\u00e9s en premier lieu aux chantiers de construction et de peinture (aspiration de gravats, acc\u00e9l\u00e9ration du s\u00e9chage), \u00e0 l&rsquo;extraction de poussi\u00e8res et d&rsquo;air vici\u00e9 (pour les travaux de soudage et la ventilation de tunnels ou sous-sols), \u00e0 la ventilation de c\u00e9r\u00e9ales en vrac en silo provisoire, au monde du film, de la photo et du spectable (effets sp\u00e9ciaux et gonflables publicitaires), \u00e0 la climatisation de lieux de rencontre comme les salles de sport et chapiteaux et \u00e0 la ventilation de locaux requ\u00e9rant du mat\u00e9riel antid\u00e9flagrant.<\/p>\n<p>Tous les accessoires n\u00e9cessaires aux chantiers (sacs \u00e0 poussi\u00e8re, panneaux insonorisants, gaines) sont \u00e9galement disponibles aupr\u00e8s de TKL.<\/p>\n<p>Tarifs : \u00e0 p. de 4,50 \u20ac HT\/jour (5,40 \u20ac TTC) pour une dur\u00e9e de location min. de 7 jours<br \/>\nCaution : \u00e0 p. de 250 \u20ac<\/p>\n<p><a href=\"https:\/\/fr.trotec.com\/tkl-louer\/ventilation\/ventilateurs-axiaux\/?utm_source=artikel&amp;utm_medium=blog&amp;utm_campaign=blog_fr\" title=\"location de ventilateurs axiaux ou h\u00e9lico\u00efdes pour chantiers et gonflables\" class=\"broken_link\">Ventilateurs h\u00e9lico\u00efdes utilisables avec gaines et sac \u00e0 poussi\u00e8re\/pour skydancers<\/a><br \/>\n<a href=\"https:\/\/fr.trotec.com\/tkl-louer\/ventilation\/ventilateurs-radiaux\/?utm_source=artikel&amp;utm_medium=blog&amp;utm_campaign=blog_fr\" title=\"location de ventilateurs centrifuges pour la ventilation industrielle et de grands volumes\" class=\"broken_link\">Ventilateurs centrifuges pour le s\u00e9chage de chantier et la ventilation de grands volumes<\/a><br \/>\n<a href=\"https:\/\/fr.trotec.com\/tkl-louer\/ventilation\/ventilateurs-antideflagrants\/?utm_source=artikel&amp;utm_medium=blog&amp;utm_campaign=blog_fr\" title=\"location de ventilateurs atex antid\u00e9flagrants\" class=\"broken_link\">Ventilateurs Atex<\/a><br \/>\n<a href=\"https:\/\/fr.trotec.com\/tkl-louer\/ventilation\/machines-a-vent\/?utm_source=artikel&amp;utm_medium=blog&amp;utm_campaign=blog_fr\" title=\"location de brasseurs d&#039;air et machines \u00e0 vent\" class=\"broken_link\">Brasseurs d&rsquo;air pour grands volumes et machines \u00e0 vent pour effets sp\u00e9ciaux<\/a><\/p>\n<p><a href=\"https:\/\/fr.trotec.com\/tkl-louer\/purification-de-lair\/?utm_source=artikel&amp;utm_medium=blog&amp;utm_campaign=blog_fr\" title=\"location de purificateurs d&#039;air et d&#039;\u00e9purateurs d&#039;air\" class=\"broken_link\"><strong>Purificateurs d&rsquo;air en location<\/strong><\/a><\/p>\n<p>Dans tous les lieux recevant du public en grand nombre et dans les environnements de travail pr\u00e9sentant une concentration \u00e9lev\u00e9e de poussi\u00e8res, l&rsquo;utilisation d&rsquo;un purificateur d&rsquo;air est, si non indispensable, tr\u00e8s indiqu\u00e9e. Chez TKL, vous trouverez deux types de purificateurs correspondant au domaine d&rsquo;application&nbsp;:<\/p>\n<p>Les purificateurs d&rsquo;air HealthPro ont \u00e9t\u00e9 con\u00e7us pour purifier l&rsquo;air des locaux tr\u00e8s fr\u00e9quent\u00e9s. Ils filtrent les mauvaises odeurs, la fum\u00e9e de cigarette, les particules de poussi\u00e8re, les allerg\u00e8nes, les virus et les bact\u00e9ries.<\/p>\n<p>Les \u00e9purateurs d&rsquo;air de chantier mobiles de la s\u00e9rie TAC sont robustes et permettent une utilisation flexible&nbsp;: leur syst\u00e8me de filtration modulable \u00adpermet de les \u00e9quiper des filtres n\u00e9cessaires \u00e0 chaque degr\u00e9 de pollution.<\/p>\n<p>Tarifs : \u00e0 p. de 12 \u20ac HT\/jour (14,40 \u20ac TTC) pour une dur\u00e9e de location min. de 7 jours<br \/>\nCaution : \u00e0 p. de 350 \u20ac<\/p>\n<p><a href=\"https:\/\/fr.trotec.com\/tkl-louer\/purification-de-lair\/epurateurs-dair\/?utm_source=artikel&amp;utm_medium=blog&amp;utm_campaign=blog_fr\" title=\"location de purificateurs d&#039;air et \u00e9purateurs d&#039;air mobiles\" class=\"broken_link\">Voir tous les purificateurs d&rsquo;air en location<\/a><br \/>\n<a href=\"https:\/\/fr.trotec.com\/tkl-louer\/purification-de-lair\/accessoires\/?utm_source=artikel&amp;utm_medium=blog&amp;utm_campaign=blog_fr\" title=\"accessoires et filtres pour \u00e9purateurs d&#039;air en location\" class=\"broken_link\">Voir tous les accessoires et filtres disponibles<\/a><\/p>\n<p><a href=\"https:\/\/fr.trotec.com\/tkl-louer\/destruction-dodeurs\/?utm_source=artikel&amp;utm_medium=blog&amp;utm_campaign=blog_fr\" title=\"neutraliseurs d&#039;odeurs \u00e0 l&#039;ozone en location\" class=\"broken_link\"><strong>Neutraliseurs d&rsquo;odeurs en location<\/strong><\/a><\/p>\n<p>Les g\u00e9n\u00e9rateurs d&rsquo;ozone \u00e0 louer chez TKL sont destin\u00e9s \u00e0 trois grands domaines d&rsquo;application&nbsp;: la destruction des odeurs, la d\u00e9sinfection et la st\u00e9rilisation. Ces neutraliseurs d&rsquo;odeurs \u00e9liminent les odeurs les plus tenaces sans produits chimiques ni parfums.<\/p>\n<p>Ils peuvent \u00eatre utilis\u00e9s apr\u00e8s un incendie ou un d\u00e9g\u00e2t des eaux, dans les h\u00f4tels et les automobiles pour \u00e9liminer les odeurs d\u00e9sagr\u00e9ables, de tabac ou d&rsquo;animaux, dans les centres d&rsquo;accueil ou les h\u00f4pitaux pour d\u00e9sinfecter ou encore dans les appartements en location pour neutraliser les odeurs de moisissure.<\/p>\n<p>Tarifs : \u00e0 p. de 10 \u20ac HT\/jour (12 \u20ac TTC) pour une dur\u00e9e de location min. de 7 jours<br \/>\nCaution : \u00e0 p. de 500 \u20ac<\/p>\n<p><a href=\"https:\/\/fr.trotec.com\/tkl-louer\/destruction-dodeurs\/generateurs-doxygene-singulet\/?utm_source=artikel&amp;utm_medium=blog&amp;utm_campaign=blog_fr\" title=\"neutraliseurs d&#039;odeurs en location\" class=\"broken_link\">Neutraliseur d&rsquo;odeurs AirgoPro \u00e0 champ de plasma pour le traitement de l&rsquo;air de locaux habit\u00e9s ou recevant du public (cabinets m\u00e9dicaux, gastronomie, h\u00f4tels, locaux \u00e0 poubelles par ex.).<\/a><br \/>\n<a href=\"https:\/\/fr.trotec.com\/tkl-louer\/destruction-dodeurs\/generateurs-dozone\/?utm_source=artikel&amp;utm_medium=blog&amp;utm_campaign=blog_fr\" title=\"g\u00e9n\u00e9rateurs d&#039;ozone en location\" class=\"broken_link\">G\u00e9n\u00e9rateurs d&rsquo;ozone Airozon pour le traitement de locaux non habit\u00e9s contre les odeurs r\u00e9siduelles d&rsquo;acides amin\u00e9s\/de prot\u00e9ines (vomi), d&rsquo;acides gras (acide butyrique) et d&rsquo;amines\/amides (ur\u00e9e, urine).<\/a><\/p>\n<p>TKL est aussi votre interlocuteur privil\u00e9gi\u00e9 pour la <a href=\"https:\/\/fr.trotec.com\/tkl-louer\/thermographie\/?utm_source=artikel&amp;utm_medium=blog&amp;utm_campaign=blog_fr\" title=\"cam\u00e9ra thermique en location\" class=\"broken_link\">location de cam\u00e9ras thermiques<\/a> et de groupes \u00e9lectrog\u00e8nes pour les projets de grande envergure. Nous vous invitons \u00e0 nous retrouver sur <a href=\"https:\/\/fr.trotec.com\/tkl-louer\/?utm_source=artikel&amp;utm_medium=blog&amp;utm_campaign=blog_fr\" title=\"Location TKL\" class=\"broken_link\">fr.trotec.com\/tkl-louer\/<\/a>. Vous pourrez y consulter notre <a href=\"http:\/\/info.trotec.com\/tkl-flipviewer-kataloge\/fr\/tkl-kat-wm-fr\/TKL-KAT-WM-FR.html?utm_source=artikel&amp;utm_medium=blog&amp;utm_campaign=blog_fr\" title=\"catalogue en ligne TKL location\" class=\"broken_link\">catalogue en ligne<\/a>.<\/p>\n<p>N&rsquo;h\u00e9sitez pas \u00e0 nous contacter directement par e-mail \u00e0 info-fr@tkl-rent.net, via notre <a href=\"https:\/\/fr.trotec.com\/services\/apercu-service\/formulaire-de-contact\/?utm_source=artikel&amp;utm_medium=blog&amp;utm_campaign=blog_fr\" title=\"formulaire de contact TKL location\" class=\"broken_link\">formulaire de contact<\/a> ou par t\u00e9l\u00e9phone au 03 90 29 48 10 (bureau en France) si vous avez des questions.<\/p>\n","protected":false},"excerpt":{"rendered":"<p>TKL, la filiale location du groupe Trotec, vous propose du mat\u00e9riel professionnel \u00e0 louer \u00e0 des conditions avantageuses. Le sp\u00e9cialiste du traitement de l&rsquo;air et de la d\u00e9shumidification poss\u00e8de une vaste flotte de location comprenant les appareils suivants&nbsp;: D\u00e9shumidificateurs en location Les d\u00e9shumidificateurs d&rsquo;air hautes performances \u00e0 louer chez TKL sont destin\u00e9s aux domaines industriel [&hellip;]<\/p>\n","protected":false},"author":8,"featured_media":12260,"parent":0,"menu_order":0,"comment_status":"open","ping_status":"open","template":"","meta":[],"_links":{"self":[{"href":"https:\/\/www.trotec-blog.com\/fr\/wp-json\/wp\/v2\/pages\/12257"}],"collection":[{"href":"https:\/\/www.trotec-blog.com\/fr\/wp-json\/wp\/v2\/pages"}],"about":[{"href":"https:\/\/www.trotec-blog.com\/fr\/wp-json\/wp\/v2\/types\/page"}],"author":[{"embeddable":true,"href":"https:\/\/www.trotec-blog.com\/fr\/wp-json\/wp\/v2\/users\/8"}],"replies":[{"embeddable":true,"href":"https:\/\/www.trotec-blog.com\/fr\/wp-json\/wp\/v2\/comments?post=12257"}],"version-history":[{"count":40,"href":"https:\/\/www.trotec-blog.com\/fr\/wp-json\/wp\/v2\/pages\/12257\/revisions"}],"predecessor-version":[{"id":12299,"href":"https:\/\/www.trotec-blog.com\/fr\/wp-json\/wp\/v2\/pages\/12257\/revisions\/12299"}],"wp:featuredmedia":[{"embeddable":true,"href":"https:\/\/www.trotec-blog.com\/fr\/wp-json\/wp\/v2\/media\/12260"}],"wp:attachment":[{"href":"https:\/\/www.trotec-blog.com\/fr\/wp-json\/wp\/v2\/media?parent=12257"}],"curies":[{"name":"wp","href":"https:\/\/api.w.org\/{rel}","templated":true}]}}