{"id":306,"date":"2011-06-21T08:20:15","date_gmt":"2011-06-21T06:20:15","guid":{"rendered":"https:\/\/www.trotec-blog.com\/es\/?page_id=306"},"modified":"2014-11-10T13:16:51","modified_gmt":"2014-11-10T11:16:51","slug":"proteccion-de-datos","status":"publish","type":"page","link":"https:\/\/www.trotec-blog.com\/es\/proteccion-de-datos\/","title":{"rendered":"Declaraci\u00f3n de protecci\u00f3n de datos"},"content":{"rendered":"<p><strong>Sobre la protecci\u00f3n de su informaciones personales, otorgamos un gran valor. La siguiente declaraci\u00f3n le ofrece una visi\u00f3n general de c\u00f3mo garantizamos esta protecci\u00f3n:<br \/>\n<\/strong><br \/>\nLos datos personales se recogen en <em>www.trotec-blog.com<\/em> s\u00f3lo en el formulario de contacto. La transferencia de datos a terceros se exluye.<\/p>\n<p><strong>Cookies <\/strong><\/p>\n<p>Los Cookies son bases de datos que se depositan en el disco duro de un ordenador con el fin de mejorar la navegaci\u00f3n. Los Cookies facilitan la utilizaci\u00f3n de las ofertas. Los cookies son peque\u00f1os archivos de texto que se almacenan su navegador. La mayor\u00eda de las cookies que utilizamos son llamadas \u201ccookies de sesi\u00f3n\u201d. Se eliminan autom\u00e1ticamente despu\u00e9s de su visita. Los cookies no defectan en su ordenador ning\u00fan da\u00f1o y no contienen virus.<\/p>\n<p><strong>Akismet Anti-Spam<\/strong><\/p>\n<p>Este sitio utiliza <a href=\"http:\/\/akismet.com\/\">el plugin Akismet<\/a> de <a href=\"http:\/\/automattic.com\/\">Automattic Inc.<\/a>, 60 29th Street #343, San Francisco, CA 94110-4929, USA.<\/p>\n<p>Con este plugin los comentarios de la gente real ser\u00e1n distinguidos de los comentarios de spam. Para ello, todas las informaciones ser\u00e1n enviadas a un servidor en los EE.UU., donde son analizadas y almacenadas para fines de comparaci\u00f3n, durante cuatro d\u00edas. Si un comentario se ha clasificado como spam, se almacenan los datos m\u00e1s all\u00e1 de ese tiempo.<\/p>\n<p>Esta informaci\u00f3n incluye el nombre escrito, la direcci\u00f3n de correo electr\u00f3nico, la direcci\u00f3n IP, el contenido del comentario, el referente, informaciones sobre el navegador como tambi\u00e9n el sistema inform\u00e1tico y el momento de la entrada. Es posible utilizar seud\u00f3nimos si lo desea.<\/p>\n<p>Usted puede prevenir la transmisi\u00f3n de datos, si no se utiliza nuestro sistema de comentarios. Eso ser\u00eda triste, pero lamentablemente no vemos otra alternativa m\u00e1s que trabaje con la misma eficacia. Usted puede oponerse a la utilizaci\u00f3n de sus datos almacenados bajo <a href=\"mailto:support@wordpress.com\">support@wordpress.com<\/a>, asunto \u00abLa eliminaci\u00f3n de los datos almacenados por Akismet\u00bb, bajo informaciones \/ descripci\u00f3n .<\/p>\n<p><strong>Pol\u00edtica de privacidad para el uso de Facebook-Plugins (Like-Button)<\/strong><\/p>\n<p>En nuestras p\u00e1ginas los plugins de la red social Facebook son California Sur integrado, 1601 Avenue, Palo Alto, CA 94304, Estados Unidos. Los plugins de Facebook pueden ser reconocidos por el logo de Facebook o el \u00abbot\u00f3n like\u00bb (\u00abcomo yo\u00bb) en nuestro sitio.<br \/>\nUna visi\u00f3n general de los plug-ins de Facebook se puede encontrar aqu\u00ed: <a href=\"https:\/\/developers.facebook.com\/docs\/plugins\/\" class=\"broken_link\">https:\/\/developers.facebook.com\/docs\/plugins\/<\/a>.\u00a0Al visitar nuestras p\u00e1ginas, el plugin establece una conexi\u00f3n directa entre su navegador y el servidor de Facebook. Facebook obtiene de ese modo la informaci\u00f3n que usted ha visitado nuestro sitio tu direcci\u00f3n IP. Si hace clic en el enlace \u00abFacebook Like\u00bb mientras est\u00e1 conectado a su cuenta de Facebook, puede vincular el contenido de nuestras p\u00e1ginas a tu perfil de Facebook. De ese modo Facebook puede correlacionar su visita a nuestro sitio con su cuenta de usuario. Se\u00f1alamos que como proveedor de los sitios ning\u00fan conocimiento del contenido de los datos transmitidos y los utilizan a trav\u00e9s de Facebook. Para obtener m\u00e1s informaci\u00f3n, consulte la pol\u00edtica de privacidad de Facebook en <a href=\"https:\/\/es-es.facebook.com\/about\/privacy\/\" class=\"broken_link\">https:\/\/es-es.facebook.com\/about\/privacy\/<\/a>.<\/p>\n<p>Si usted no desea que Facebook puede asignar su visita a nuestro sitio a su cuenta de usuario de Facebook, por favor cierre la sesi\u00f3n de su cuenta de Facebook.<\/p>\n<p>M\u00e1s informaci\u00f3n puede obtener tambi\u00e9n en <a href=\"https:\/\/www.trotec24.com\/es-es\/info\/privacy.html\" class=\"broken_link\">las declaraciones de privacidad del Grupo de Trotec<\/a>.<\/p>\n","protected":false},"excerpt":{"rendered":"<p>Sobre la protecci\u00f3n de su informaciones personales, otorgamos un gran valor. La siguiente declaraci\u00f3n le ofrece una visi\u00f3n general de c\u00f3mo garantizamos esta protecci\u00f3n: Los datos personales se recogen en www.trotec-blog.com s\u00f3lo en el formulario de contacto. La transferencia de datos a terceros se exluye. Cookies Los Cookies son bases de datos que se depositan [&hellip;]<\/p>\n","protected":false},"author":31,"featured_media":0,"parent":0,"menu_order":0,"comment_status":"closed","ping_status":"closed","template":"","meta":[],"_links":{"self":[{"href":"https:\/\/www.trotec-blog.com\/es\/wp-json\/wp\/v2\/pages\/306"}],"collection":[{"href":"https:\/\/www.trotec-blog.com\/es\/wp-json\/wp\/v2\/pages"}],"about":[{"href":"https:\/\/www.trotec-blog.com\/es\/wp-json\/wp\/v2\/types\/page"}],"author":[{"embeddable":true,"href":"https:\/\/www.trotec-blog.com\/es\/wp-json\/wp\/v2\/users\/31"}],"replies":[{"embeddable":true,"href":"https:\/\/www.trotec-blog.com\/es\/wp-json\/wp\/v2\/comments?post=306"}],"version-history":[{"count":10,"href":"https:\/\/www.trotec-blog.com\/es\/wp-json\/wp\/v2\/pages\/306\/revisions"}],"predecessor-version":[{"id":2911,"href":"https:\/\/www.trotec-blog.com\/es\/wp-json\/wp\/v2\/pages\/306\/revisions\/2911"}],"wp:attachment":[{"href":"https:\/\/www.trotec-blog.com\/es\/wp-json\/wp\/v2\/media?parent=306"}],"curies":[{"name":"wp","href":"https:\/\/api.w.org\/{rel}","templated":true}]}}