{"id":2,"date":"2010-10-06T12:17:15","date_gmt":"2010-10-06T10:17:15","guid":{"rendered":"https:\/\/www.trotec-blog.com\/es\/?page_id=2"},"modified":"2024-10-11T14:18:13","modified_gmt":"2024-10-11T12:18:13","slug":"aviso-legal","status":"publish","type":"page","link":"https:\/\/www.trotec-blog.com\/es\/aviso-legal\/","title":{"rendered":"Aviso legal"},"content":{"rendered":"<div>\n<p>Trotec GmbH<br \/>\nGrebbener Stra\u00dfe 7<br \/>\nD-52525 Heinsberg<\/p>\n<p><strong>representada por<\/strong><br \/>\nJoachim Ludwig<br \/>\nUlf M\u00f6hring<br \/>\nJoffrey Petit<\/p>\n<p>Tel\u00e9fono: 00800 80 90 80 90<br \/>\nFax:\u00a0+49 2452 962 200<br \/>\nE-Mail: info@trotec.de<\/p>\n<p><strong>CIF: DE280690324<\/strong><\/p>\n<p>Amtsgericht Aachen &#8211; HRB 13453<\/p>\n<\/div>\n<p><strong>A quien puedo acudir en caso de preguntas?<\/strong><br \/>\nNuestros asesores est\u00e1n encantados de ayudar con cualquier duda.<\/p>\n<p>Si quiere contactarnos por escrito, la direcci\u00f3n postal es<br \/>\nTrotec GmbH<br \/>\nAbteilung Online<br \/>\nGrebbener Stra\u00dfe 7<br \/>\n52525 Heinsberg<\/p>\n","protected":false},"excerpt":{"rendered":"<p>Trotec GmbH Grebbener Stra\u00dfe 7 D-52525 Heinsberg representada por Joachim Ludwig Ulf M\u00f6hring Joffrey Petit Tel\u00e9fono: 00800 80 90 80 90 Fax:\u00a0+49 2452 962 200 E-Mail: info@trotec.de CIF: DE280690324 Amtsgericht Aachen &#8211; HRB 13453 A quien puedo acudir en caso de preguntas? Nuestros asesores est\u00e1n encantados de ayudar con cualquier duda. Si quiere contactarnos por [&hellip;]<\/p>\n","protected":false},"author":26,"featured_media":0,"parent":0,"menu_order":0,"comment_status":"closed","ping_status":"closed","template":"","meta":[],"_links":{"self":[{"href":"https:\/\/www.trotec-blog.com\/es\/wp-json\/wp\/v2\/pages\/2"}],"collection":[{"href":"https:\/\/www.trotec-blog.com\/es\/wp-json\/wp\/v2\/pages"}],"about":[{"href":"https:\/\/www.trotec-blog.com\/es\/wp-json\/wp\/v2\/types\/page"}],"author":[{"embeddable":true,"href":"https:\/\/www.trotec-blog.com\/es\/wp-json\/wp\/v2\/users\/26"}],"replies":[{"embeddable":true,"href":"https:\/\/www.trotec-blog.com\/es\/wp-json\/wp\/v2\/comments?post=2"}],"version-history":[{"count":19,"href":"https:\/\/www.trotec-blog.com\/es\/wp-json\/wp\/v2\/pages\/2\/revisions"}],"predecessor-version":[{"id":14339,"href":"https:\/\/www.trotec-blog.com\/es\/wp-json\/wp\/v2\/pages\/2\/revisions\/14339"}],"wp:attachment":[{"href":"https:\/\/www.trotec-blog.com\/es\/wp-json\/wp\/v2\/media?parent=2"}],"curies":[{"name":"wp","href":"https:\/\/api.w.org\/{rel}","templated":true}]}}